{"id":1095,"date":"2017-09-04T08:20:27","date_gmt":"2017-09-04T08:20:27","guid":{"rendered":"http:\/\/www.2slovenia.eu\/about-us\/"},"modified":"2017-10-03T08:52:52","modified_gmt":"2017-10-03T08:52:52","slug":"about-us","status":"publish","type":"page","link":"https:\/\/www.2slovenia.eu\/de\/about-us\/","title":{"rendered":"\u00dcber uns"},"content":{"rendered":"<div class=\"flex_column av_one_full  flex_column_div av-zero-column-padding first  parent \" style='border-radius:0px; '><p><section class=\"av_textblock_section\"  itemscope=\"itemscope\" itemtype=\"https:\/\/schema.org\/CreativeWork\" ><div class='avia_textblock vi-page-content'   itemprop=\"text\" ><p>Das slowenische Portal mit den Namen 2Slovenia ist eine der gr\u00f6\u00dften und hoch entwickelten Bedienungen f\u00fcr Ausl\u00e4nder, die in Slowenien ihr Gesch\u00e4ft starten wollen. Mit 15 Jahren voller Erfahrungen und mit einem sehr engagierten Team versuchen wir alle Aspekte unserer Klienten zu ber\u00fccksichtigen, wenn sie in Slowenien\/EU eintreten.<\/p>\n<p>Wir bieten:<\/p>\n<ul>\n<li><strong><a href=\"http:\/\/www.racunovodstvo-on.net\/company-establishment\">Ein Gesch\u00e4ft in Slowenien &#8211; EU gr\u00fcnden<\/a><\/strong> oder \u00fcbernehmen,<\/li>\n<li>Eine Vereinbarung f\u00fcr die <strong><a href=\"http:\/\/www.racunovodstvo-on.net\/work-permit\">Arbeitsgenehmigung und\/oder Wohngenehmigung<\/a><\/strong>,<\/li>\n<li>Rechtliche Regulierung der Arbeitsunterlagen,<\/li>\n<li>Vorbereitung von <strong><a href=\"http:\/\/www.racunovodstvo-on.net\/financial-consulting\">Gesch\u00e4fts- und Finanzpl\u00e4nen<\/a><\/strong>.<\/li>\n<\/ul>\n<\/div><\/section><br \/>\n<div style='height:30px' class='hr hr-invisible  '><span class='hr-inner ' ><span class='hr-inner-style'><\/span><\/span><\/div><br \/>\n<section class=\"av_textblock_section\"  itemscope=\"itemscope\" itemtype=\"https:\/\/schema.org\/CreativeWork\" ><div class='avia_textblock vi-page-content'   itemprop=\"text\" ><p>Wir beginnen immer mit einem Willkommenspaket:<\/p>\n<ul>\n<li>Kostenlose F\u00fchrer nach Slowenien<\/li>\n<li>Eine Stunde Beratung, um zu sehen, was sie brauchen, und wie wir helfen k\u00f6nnen<\/li>\n<\/ul>\n<p>Sie werden es nicht bereuen, denn am Ende sparen wir Ihr Geld und Ihre Zeit.<\/p>\n<p>Danke f\u00fcr Ihr vertrauen.<\/p>\n<\/div><\/section><\/p><\/div>\n<div class=\"flex_column av_one_full  flex_column_div av-zero-column-padding first  parent \" style='border-radius:0px; '><section class=\"av_textblock_section\"  itemscope=\"itemscope\" itemtype=\"https:\/\/schema.org\/CreativeWork\" ><div class='avia_textblock vi-page-content'   itemprop=\"text\" ><p>Manca Kova\u010di\u010d<\/p>\n<p>Der Hauptberater<\/p>\n<\/div><\/section><\/div>\n<div class=\"flex_column av_one_full  flex_column_div av-zero-column-padding first  vi-image-block \" style='border-radius:0px; '><\/div><div style='height:50px' class='hr hr-invisible  '><span class='hr-inner ' ><span class='hr-inner-style'><\/span><\/span><\/div><\/p>\n<div class=\"flex_column av_one_full  flex_column_div av-zero-column-padding first  parent \" style='border-radius:0px; '><section class=\"av_textblock_section\"  itemscope=\"itemscope\" itemtype=\"https:\/\/schema.org\/CreativeWork\" ><div class='avia_textblock vi-page-content'   itemprop=\"text\" ><h3 class=\"Body\" class=\"Body\" id=\"unser-ansatz-zu-kunden\"><u>Unser Ansatz zu Kunden: <\/u><\/h3>\n<p class=\"Body\"><strong>One-Stop-Shop-Service<\/strong> f\u00fcr alle Ihre Gesch\u00e4fts- und Wohnbed\u00fcrfnisse in Slowenien.<\/p>\n<\/div><\/section><br \/>\n<div style='padding-bottom:10px;color:#4392e8;' class='av-special-heading av-special-heading-h6 custom-color-heading   see-more'><h6 class='av-special-heading-tag'  itemprop=\"headline\"  >+ Lesen Sie mehr<\/h6><div class='special-heading-border'><div class='special-heading-inner-border' style='border-color:#4392e8'><\/div><\/div><\/div><br \/>\n<section class=\"av_textblock_section\"  itemscope=\"itemscope\" itemtype=\"https:\/\/schema.org\/CreativeWork\" ><div class='avia_textblock vi-second-paragraph'   itemprop=\"text\" ><p class=\"Body\"><span style=\"color: #000000;\">Bei der Rechnungslegung auf 2SLOWENIEN k\u00f6nnen wir unseren Kunden aus dem Ausland einen Rundumservice anbieten und in jedem Auftrag ein nationales Verfahren \u00fcber den Wohnsitz, Investition, Kommunikation mit Beh\u00f6rden und Unternehmen durchf\u00fchren.<\/span><\/p>\n<p class=\"Body\">W\u00e4hrend Sie nicht in Slowenien sind, k\u00f6nnen wir mit Ihnen auch mit den modernen e-communications Kan\u00e4len kommunizieren.\u00a0Die Software, die wir verwenden, macht es m\u00f6glich, E-Business remote und papierlos zu f\u00fchren.<\/p>\n<\/div><\/section><br \/>\n<div style='padding-bottom:10px;color:#4392e8;' class='av-special-heading av-special-heading-h6 custom-color-heading   see-less'><h6 class='av-special-heading-tag'  itemprop=\"headline\"  >&#8211; Lesen Sie weniger<\/h6><div class='special-heading-border'><div class='special-heading-inner-border' style='border-color:#4392e8'><\/div><\/div><\/div><\/p><\/div>\n<div class=\"flex_column av_one_full  flex_column_div av-zero-column-padding first  parent \" style='border-radius:0px; '><section class=\"av_textblock_section\"  itemscope=\"itemscope\" itemtype=\"https:\/\/schema.org\/CreativeWork\" ><div class='avia_textblock vi-page-content'   itemprop=\"text\" ><p class=\"Body\">Pers\u00f6nlicher Ansatz ist unser Vorzug.<\/p>\n<\/div><\/section><br \/>\n<div style='padding-bottom:10px;color:#4392e8;' class='av-special-heading av-special-heading-h6 custom-color-heading   see-more'><h6 class='av-special-heading-tag'  itemprop=\"headline\"  >+ Lesen Sie mehr<\/h6><div class='special-heading-border'><div class='special-heading-inner-border' style='border-color:#4392e8'><\/div><\/div><\/div><br \/>\n<section class=\"av_textblock_section\"  itemscope=\"itemscope\" itemtype=\"https:\/\/schema.org\/CreativeWork\" ><div class='avia_textblock vi-second-paragraph'   itemprop=\"text\" ><p>Wir m\u00f6chten mit Ihnen ein<strong> langfristiges Partnerschaftsverh\u00e4ltnis schaffen<\/strong>, das auf <strong>Respekt, effizienter und effektiver Zusammenarbeit<\/strong> und <strong>qualitativ hochwertiger Arbeit<\/strong> basiert.\u00a0Wir m\u00f6chten auch regelm\u00e4\u00dfig mit\u00a0Ihnen\u00a0kommunizieren,\u00a0sie\u00a0beraten und die Buchhaltungsinformationen interpretieren, weil Ihr Erfolg auch eine Voraussetzung f\u00fcr unser Wachstum ist.<\/p>\n<\/div><\/section><br \/>\n<div style='padding-bottom:10px;color:#4392e8;' class='av-special-heading av-special-heading-h6 custom-color-heading   see-less'><h6 class='av-special-heading-tag'  itemprop=\"headline\"  >&#8211; Lesen Sie weniger<\/h6><div class='special-heading-border'><div class='special-heading-inner-border' style='border-color:#4392e8'><\/div><\/div><\/div><\/p><\/div>\n<div class=\"flex_column av_one_full  flex_column_div av-zero-column-padding first  parent \" style='border-radius:0px; '><section class=\"av_textblock_section\"  itemscope=\"itemscope\" itemtype=\"https:\/\/schema.org\/CreativeWork\" ><div class='avia_textblock vi-page-content'   itemprop=\"text\" ><p class=\"Body\">Ein Buchhalter speziell f\u00fcr Sie und ein professionelles mehrsprachiges und erfahrenes Team mit einem breiten lokalen Netzwerk von zuverl\u00e4ssigen Partnern.<\/p>\n<\/div><\/section><br \/>\n<div style='padding-bottom:10px;color:#4392e8;' class='av-special-heading av-special-heading-h6 custom-color-heading   see-more'><h6 class='av-special-heading-tag'  itemprop=\"headline\"  >+ Lesen Sie mehr<\/h6><div class='special-heading-border'><div class='special-heading-inner-border' style='border-color:#4392e8'><\/div><\/div><\/div><br \/>\n<section class=\"av_textblock_section\"  itemscope=\"itemscope\" itemtype=\"https:\/\/schema.org\/CreativeWork\" ><div class='avia_textblock vi-second-paragraph'   itemprop=\"text\" ><p>Wenn wir unsere Zusammenarbeit beginnen, wird Ihnen ein <strong>pers\u00f6nlicher Buchhalter<\/strong> zugewiesen, der Ihre B\u00fccher behalten, Ihren Betrieb \u00fcberpr\u00fcfen und <strong>professionell und verantwortungsbewusst<\/strong> beraten wird.\u00a0Ihr pers\u00f6nlicher Buchhalter beantwortet alle Ihre Fragen und erkl\u00e4rt, worauf Sie achten m\u00fcssen, wie Sie Ihr Unternehmen beginnen, was Ihre Verpflichtungen sind und die M\u00f6glichkeiten, Ihr Unternehmen so effizient wie m\u00f6glich zu verwalten.\u00a0Sie werden auch Ihre pers\u00f6nliche Kontaktstelle sein, wenn Sie ein Verwaltungsverfahren in der Republik Slowenien durchf\u00fchren m\u00fcssen.<\/p>\n<\/div><\/section><br \/>\n<div style='padding-bottom:10px;color:#4392e8;' class='av-special-heading av-special-heading-h6 custom-color-heading   see-less'><h6 class='av-special-heading-tag'  itemprop=\"headline\"  >&#8211; Lesen Sie weniger<\/h6><div class='special-heading-border'><div class='special-heading-inner-border' style='border-color:#4392e8'><\/div><\/div><\/div><\/p><\/div>\n<div class=\"flex_column av_one_full  flex_column_div av-zero-column-padding first  parent \" style='border-radius:0px; '><section class=\"av_textblock_section\"  itemscope=\"itemscope\" itemtype=\"https:\/\/schema.org\/CreativeWork\" ><div class='avia_textblock vi-page-content'   itemprop=\"text\" ><h3 id=\"arbeitsfelder\"><strong><u>ARBEITSFELDER:<\/u><\/strong><\/h3>\n<p><strong><a href=\"http:\/\/www.racunovodstvo-on.net\/business-consulting\">Zusammenarbeit von Unternehmen:<\/a><\/strong> Ausl\u00e4ndische Unternehmen werden bei der Einreise in den slowenischen Markt, von der Gr\u00fcndung oder dem Erwerb eines Unternehmens in Slowenien, zur Verf\u00fcgung gestellt, um ein virtuelles B\u00fcro an unserer Adresse mit der M\u00f6glichkeit der Verwaltung elektronischer Buchhaltungsdienstleistungen zu errichten, um in Slowenien Arbeits- und Aufenthaltsgenehmigungen zu erhalten.\u00a0Wir beraten auch im Bereich Human Resources, Internationalisierung, Entwicklung neuer Dienstleistungen und Produkte sowie eine umfassende Analyse des Unternehmens mit dem Ziel, Effizienz und Mehrwert zu steigern.<\/p>\n<p>Wir spezialisieren uns auf konzeptionelle Technik im Bereich Innovationen, nachhaltige Projekte und Management und Koordination von Entwicklungsprojekten.<\/p>\n<\/div><\/section><\/div>\n<div class=\"flex_column av_one_full  flex_column_div av-zero-column-padding first  parent \" style='border-radius:0px; '><section class=\"av_textblock_section\"  itemscope=\"itemscope\" itemtype=\"https:\/\/schema.org\/CreativeWork\" ><div class='avia_textblock vi-page-content'   itemprop=\"text\" ><p><strong><a href=\"http:\/\/www.racunovodstvo-on.net\/legal-counseling\">Rechtsberatung:<\/a><\/strong> Unsere Buchhaltungsdienstleister werden bei allen Rechtsfragen, insbesondere im Bereich der Besch\u00e4ftigung und der Humanressourcen, bei der Vorbereitung von internen Unterlagen, bei der Erstellung von verschiedenen Vertragsarten, Bedingungen und sonstigen rechtlichen und formalen Unternehmensunterlagen angeboten.\u00a0Dar\u00fcber hinaus bieten wir eine umfassende Rechtsberatung im Bereich der Besteuerung und Immobilien an.<\/p>\n<\/div><\/section><\/div>\n<div class=\"flex_column av_one_full  flex_column_div av-zero-column-padding first  parent \" style='border-radius:0px; '><section class=\"av_textblock_section\"  itemscope=\"itemscope\" itemtype=\"https:\/\/schema.org\/CreativeWork\" ><div class='avia_textblock vi-page-content'   itemprop=\"text\" ><p><a href=\"http:\/\/www.racunovodstvo-on.net\/financno-svetovanje\"><strong>Finanzieller Rat:<\/strong><\/a> Ausl\u00e4ndische Unternehmen werden \u00fcber die Er\u00f6ffnung von Bankkonten, die \u00dcbertragung von finanziellen Verm\u00f6genswerten, die Kommunikation mit der Bank, die Finanzplanung und die steuerlichen Pflichten angeboten.\u00a0Wir bieten Hilfe bei der Erreichung von finanziellen Verm\u00f6genswerten und Informationen \u00fcber die M\u00f6glichkeiten der Gew\u00e4hrung von Zusch\u00fcssen aus EU-Mitteln.<\/p>\n<\/div><\/section><\/div>\n<div class=\"flex_column av_one_full  flex_column_div av-zero-column-padding first  parent \" style='border-radius:0px; '><section class=\"av_textblock_section\"  itemscope=\"itemscope\" itemtype=\"https:\/\/schema.org\/CreativeWork\" ><div class='avia_textblock vi-page-content'   itemprop=\"text\" ><p><strong><a href=\"http:\/\/www.racunovodstvo-on.net\/investicije-v-nepremicnine\">Immobilieninvestitionen:<\/a><\/strong> Unsere Buchhaltungsdienstleisten und ausl\u00e4ndischen Investoren erhalten Zugang zu wichtigen Informationen und Chancen im Bereich der Direktinvestitionen in Immobilien, durch den Kauf von Immobilien auf dem freien Markt, \u00f6ffentliche Auktionen, \u00f6ffentliche Ausschreibungen und Insolvenzverfahren und Zwangsregelung.<\/p>\n<\/div><\/section><\/div>\n<div class=\"flex_column av_one_full  flex_column_div av-zero-column-padding first  parent \" style='border-radius:0px; '><section class=\"av_textblock_section\"  itemscope=\"itemscope\" itemtype=\"https:\/\/schema.org\/CreativeWork\" ><div class='avia_textblock vi-page-content'   itemprop=\"text\" ><p class=\"Body\">Accounting Webportal 2SLOVENIA ist ein professionelles Buchhaltungsunternehmen mit einem qualifizierten und engagierten Team von Mitarbeitern, die eine breite Palette von qualitativ hochwertigen Buchhaltungs-, Steuer-, Finanz-und Businessservices f\u00fcr ausl\u00e4ndische Kunden.<\/p>\n<\/div><\/section><\/div>\n","protected":false},"excerpt":{"rendered":"","protected":false},"author":1,"featured_media":0,"parent":0,"menu_order":0,"comment_status":"closed","ping_status":"closed","template":"","meta":{"footnotes":""},"class_list":["post-1095","page","type-page","status-publish","hentry"],"_links":{"self":[{"href":"https:\/\/www.2slovenia.eu\/de\/wp-json\/wp\/v2\/pages\/1095","targetHints":{"allow":["GET"]}}],"collection":[{"href":"https:\/\/www.2slovenia.eu\/de\/wp-json\/wp\/v2\/pages"}],"about":[{"href":"https:\/\/www.2slovenia.eu\/de\/wp-json\/wp\/v2\/types\/page"}],"author":[{"embeddable":true,"href":"https:\/\/www.2slovenia.eu\/de\/wp-json\/wp\/v2\/users\/1"}],"replies":[{"embeddable":true,"href":"https:\/\/www.2slovenia.eu\/de\/wp-json\/wp\/v2\/comments?post=1095"}],"version-history":[{"count":8,"href":"https:\/\/www.2slovenia.eu\/de\/wp-json\/wp\/v2\/pages\/1095\/revisions"}],"predecessor-version":[{"id":2575,"href":"https:\/\/www.2slovenia.eu\/de\/wp-json\/wp\/v2\/pages\/1095\/revisions\/2575"}],"wp:attachment":[{"href":"https:\/\/www.2slovenia.eu\/de\/wp-json\/wp\/v2\/media?parent=1095"}],"curies":[{"name":"wp","href":"https:\/\/api.w.org\/{rel}","templated":true}]}}