{"id":1132,"date":"2017-09-07T11:01:18","date_gmt":"2017-09-07T11:01:18","guid":{"rendered":"http:\/\/www.2slovenia.eu\/accounting-services\/tax-consuling\/"},"modified":"2017-09-28T06:18:41","modified_gmt":"2017-09-28T06:18:41","slug":"tax-consuling","status":"publish","type":"page","link":"https:\/\/www.2slovenia.eu\/de\/benutzer-dienste\/tax-consuling\/","title":{"rendered":"Benutzer dienste"},"content":{"rendered":"<div style='padding-bottom:10px;' class='av-special-heading av-special-heading-h2    heading-2'><h2 class='av-special-heading-tag'  itemprop=\"headline\"  >Steuerberatung<\/h2><div class='special-heading-border'><div class='special-heading-inner-border' ><\/div><\/div><\/div>\n<div class=\"flex_column av_one_full  flex_column_div av-zero-column-padding first  parent \" style='border-radius:0px; '><section class=\"av_textblock_section\"  itemscope=\"itemscope\" itemtype=\"https:\/\/schema.org\/CreativeWork\" ><div class='avia_textblock vi-page-content'   itemprop=\"text\" ><p><span style=\"font-weight: 400;\">Die Eintragung eines ausl\u00e4ndischen Marktes erfordert notwendigerweise Kenntnisse der \u00f6rtlichen Besteuerung; daher bietet 2slovenia ausl\u00e4ndische Unternehmen umfassende <strong>Steuerberatung f\u00fcr die Besteuerung in Slowenien<\/strong>. Wir spezialisieren uns auf <strong>steuerliche Dienstleistungen<\/strong>, die <strong>Erhebung von Steuernummern f\u00fcr Einzelpersonen oder Firmen<\/strong>, die <strong>Identifizierung der MwSt.-Steuererkl\u00e4rung<\/strong><\/span><span style=\"font-weight: 400;\">. Dar\u00fcber hinaus sind wir auch <strong>ein Steuerberatungsunternehmen<\/strong>, das Ihnen alle Antworten auf die Besteuerung in Slowenien zur Verf\u00fcgung stellt und die Steueroptimierung f\u00fcr Ihr Unternehmen durchf\u00fchrt.<\/span><\/p>\n<\/div><\/section><\/div>\n","protected":false},"excerpt":{"rendered":"","protected":false},"author":1,"featured_media":0,"parent":1128,"menu_order":0,"comment_status":"closed","ping_status":"closed","template":"","meta":{"footnotes":""},"class_list":["post-1132","page","type-page","status-publish","hentry"],"_links":{"self":[{"href":"https:\/\/www.2slovenia.eu\/de\/wp-json\/wp\/v2\/pages\/1132","targetHints":{"allow":["GET"]}}],"collection":[{"href":"https:\/\/www.2slovenia.eu\/de\/wp-json\/wp\/v2\/pages"}],"about":[{"href":"https:\/\/www.2slovenia.eu\/de\/wp-json\/wp\/v2\/types\/page"}],"author":[{"embeddable":true,"href":"https:\/\/www.2slovenia.eu\/de\/wp-json\/wp\/v2\/users\/1"}],"replies":[{"embeddable":true,"href":"https:\/\/www.2slovenia.eu\/de\/wp-json\/wp\/v2\/comments?post=1132"}],"version-history":[{"count":4,"href":"https:\/\/www.2slovenia.eu\/de\/wp-json\/wp\/v2\/pages\/1132\/revisions"}],"predecessor-version":[{"id":2035,"href":"https:\/\/www.2slovenia.eu\/de\/wp-json\/wp\/v2\/pages\/1132\/revisions\/2035"}],"up":[{"embeddable":true,"href":"https:\/\/www.2slovenia.eu\/de\/wp-json\/wp\/v2\/pages\/1128"}],"wp:attachment":[{"href":"https:\/\/www.2slovenia.eu\/de\/wp-json\/wp\/v2\/media?parent=1132"}],"curies":[{"name":"wp","href":"https:\/\/api.w.org\/{rel}","templated":true}]}}