{"id":1136,"date":"2017-09-04T08:29:33","date_gmt":"2017-09-04T08:29:33","guid":{"rendered":"http:\/\/www.2slovenia.eu\/accounting-services\/taxes-in-slovenia\/"},"modified":"2017-10-02T11:04:22","modified_gmt":"2017-10-02T11:04:22","slug":"taxes-in-slovenia","status":"publish","type":"page","link":"https:\/\/www.2slovenia.eu\/de\/benutzer-dienste\/taxes-in-slovenia\/","title":{"rendered":"Steuers\u00e4tze in Slowenien"},"content":{"rendered":"<div style='padding-bottom:10px;' class='av-special-heading av-special-heading-h2    heading-2'><h2 class='av-special-heading-tag'  itemprop=\"headline\"  >Steuers\u00e4tze in Slowenien<\/h2><div class='special-heading-border'><div class='special-heading-inner-border' ><\/div><\/div><\/div>\n<div class='avia-data-table-wrap avia_scrollable_table'><table class='avia-table avia-data-table avia-table-1  vi-table avia_pricing_default'  itemscope=\"itemscope\" itemtype=\"https:\/\/schema.org\/Table\" ><tbody><tr class='avia-heading-row'><th class=''>Steuer<\/th><th class=''>Steuersatz<\/th><\/tr><tr class=''><td class=''>Mehrwertsteuer<\/td><td class=''>Normalsatz: 22%<br \/>\nReduzierter Steuersatz: 9.5%<\/td><\/tr><tr class=''><td class=''>K\u00f6rperschaftssteuer<\/td><td class=''>17.0 %<\/td><\/tr><tr class=''><td class=''>Einkommensteuer<\/td><td class=''>Progressiver Steuersatz: 16%, 27%, 50%<\/td><\/tr><tr class=''><td class=''>Verm\u00f6genssteuer<\/td><td class=''>0.15% bis 1.25% (abh\u00e4ngig von der Art und dem Wert der Immobilie)<\/td><\/tr><tr class=''><td class=''>Sozialversicherungsbeitrag<\/td><td class=''>Arbeitgeberbeitrag: 16.1%<br \/>\nMitarbeiterbeitrag: 22.1%<\/td><\/tr><tr class=''><td class=''>Unbewegliches Verm\u00f6gen<\/td><td class=''>2%<\/td><\/tr><tr class=''><td class=''>Lohnsteuer<\/td><td class=''>\/<\/td><\/tr><tr class=''><td class=''>Kapitalertragsteuer<\/td><td class=''>0% \u2013 25%<\/td><\/tr><tr class=''><td class=''>Geschenksteuer<\/td><td class=''>5% &#8211; 39% (mit Ausnahme f\u00fcr Erstverk\u00e4ufer und Geschenke \u00fcber 5.000 EUR)<\/td><\/tr><tr class=''><td class=''>Kfz-Steuer<\/td><td class=''>0.5% &#8211; 31% des Verkaufspreises des Fahrzeugs (je nach \u00f6kologischem Beitrag)<\/td><\/tr><\/tbody><\/table><\/div>\n<div class=\"flex_column av_one_full  flex_column_div av-zero-column-padding first  parent \" style='border-radius:0px; '><section class=\"av_textblock_section\"  itemscope=\"itemscope\" itemtype=\"https:\/\/schema.org\/CreativeWork\" ><div class='avia_textblock vi-page-content'   itemprop=\"text\" ><p><span style=\"font-weight: 400;\">Vor der Gr\u00fcndung eines Unternehmens in Slowenien m\u00fcssen Sie \u00fcberlegen, welche Steuers\u00e4tze und welche Steuern nach slowenischen Gesetzen gezahlt werden m\u00fcssen. Als Gesch\u00e4ftssteuer in Slowenien gilt:<\/span><\/p>\n<ul>\n<li style=\"font-weight: 400;\">Mehrwertsteuer und<\/li>\n<li style=\"font-weight: 400;\">K\u00f6rperschaftssteuer,<\/li>\n<\/ul>\n<p>w\u00e4hrend jeder Mensch auch pers\u00f6nliche Einkommensteuer zahlen muss.<\/p>\n<p>Zur Identifizierung muss nur jeder ausl\u00e4ndische Staatsb\u00fcrger, der in Slowenien ein Unternehmen er\u00f6ffnet, die slowenische Steuernummer erhalten &#8211; wir k\u00f6nnen es auch in Ihrem Namen erhalten.<\/p>\n<p><span style=\"font-weight: 400;\">Juristische Personen, die in Slowenien oder ausl\u00e4ndischen Unternehmen registriert sind &#8211; sei es aus anderen EU-Mitgliedstaaten oder aus Drittl\u00e4ndern, haben das Recht, eine Umsatzsteuer-Registrierungsnummer zu beantragen, um in Slowenien eine Steuerr\u00fcckerstattung zu erhalten, falls die Gesellschaft in Slowenien die Mehrwertsteuer bezahlt. Im Portal 2slovenia unterst\u00fctzen wir das Verfahren zur Erlangung der Umsatzsteuer-Identifikationsnummer in Slowenien, was bedeutet:<\/span><\/p>\n<ul>\n<li style=\"font-weight: 400;\">Wir beantragen die Umsatzsteuer-Identifikationsnummer in Slowenien<\/li>\n<li style=\"font-weight: 400;\">Als Buchhaltungsdienst beanspruchen wir f\u00fcr unsere Kunden die Steuererstattung in Slowenien<\/li>\n<\/ul>\n<p><strong>Der Standard-Mehrwertsteuersatz in Slowenien betr\u00e4gt 22% und 9,5% erm\u00e4\u00dfigt<\/strong> &#8211; Letztere gilt f\u00fcr Waren und Dienstleistungen, die speziell durch das Mehrwertsteuergesetz festgelegt sind.<\/p>\n<\/div><\/section><\/div>\n<div class=\"flex_column av_one_full  flex_column_div av-zero-column-padding first  parent \" style='border-radius:0px; '><p><section class=\"av_textblock_section\"  itemscope=\"itemscope\" itemtype=\"https:\/\/schema.org\/CreativeWork\" ><div class='avia_textblock vi-page-content'   itemprop=\"text\" ><p><strong>K\u00f6rperschaftsteuer in Slowenien<\/strong><\/p>\n<p><span style=\"font-weight: 400;\">K\u00f6rperschaftsteuersatz in Slowenien betr\u00e4gt 19% &#8211; g\u00fcltig ab 1. Januar 2017. <\/span><br \/>\nDie Einkommensteuer in Slowenien wird immer f\u00fcr das vorangegangene Gesch\u00e4ftsjahr berechnet, d. h. 1.\u00a0Januar bis 31.\u00a0Dezember.<\/p>\n<\/div><\/section><br \/>\n<div style='padding-bottom:10px;color:#4392e8;' class='av-special-heading av-special-heading-h6 custom-color-heading   see-more'><h6 class='av-special-heading-tag'  itemprop=\"headline\"  >+ Lesen Sie mehr<\/h6><div class='special-heading-border'><div class='special-heading-inner-border' style='border-color:#4392e8'><\/div><\/div><\/div><br \/>\n<section class=\"av_textblock_section\"  itemscope=\"itemscope\" itemtype=\"https:\/\/schema.org\/CreativeWork\" ><div class='avia_textblock vi-second-paragraph'   itemprop=\"text\" ><p>Ein ausl\u00e4ndisches Unternehmen, das unser Gesch\u00e4ft in Slowenien aus\u00fcbt, muss die K\u00f6rperschaftssteuer bezahlen, wenn ihre T\u00e4tigkeiten \u00fcber die Gesch\u00e4ftseinheit durchgef\u00fchrt werden.<\/p>\n<p>In Slowenien gibt es auch einen Sondersteuersatz, der bei Investmentfonds, Pensionskassen und Risikokapitalgesellschaften 0% betr\u00e4gt, wenn sie bestimmte Voraussetzungen erf\u00fcllen.<\/p>\n<\/div><\/section><br \/>\n<div style='padding-bottom:10px;color:#4392e8;' class='av-special-heading av-special-heading-h6 custom-color-heading   see-less'><h6 class='av-special-heading-tag'  itemprop=\"headline\"  >&#8211; Lesen Sie weniger<\/h6><div class='special-heading-border'><div class='special-heading-inner-border' style='border-color:#4392e8'><\/div><\/div><\/div><\/p><\/div><div class=\"flex_column av_one_full  flex_column_div av-zero-column-padding first  parent \" style='border-radius:0px; '><p><section class=\"av_textblock_section\"  itemscope=\"itemscope\" itemtype=\"https:\/\/schema.org\/CreativeWork\" ><div class='avia_textblock vi-page-content'   itemprop=\"text\" ><p><strong>Einkommensteuer in Slowenien<\/strong><\/p>\n<p>Das Einkommen eines Individuums ist mit einem progressiven Satz von 16% &#8211; 50% steuerpflichtig.<\/p>\n<\/div><\/section><br \/>\n<div style='padding-bottom:10px;color:#4392e8;' class='av-special-heading av-special-heading-h6 custom-color-heading   see-more'><h6 class='av-special-heading-tag'  itemprop=\"headline\"  >+ Lesen Sie mehr<\/h6><div class='special-heading-border'><div class='special-heading-inner-border' style='border-color:#4392e8'><\/div><\/div><\/div><br \/>\n<section class=\"av_textblock_section\"  itemscope=\"itemscope\" itemtype=\"https:\/\/schema.org\/CreativeWork\" ><div class='avia_textblock vi-second-paragraph'   itemprop=\"text\" ><p><span style=\"font-weight: 400;\">Eine ausl\u00e4ndische Person, die in Slowenien eine Aufenthaltserlaubnis hat, muss die pers\u00f6nliche Einkommensteuer bezahlen, wenn sie in mehr als 183 Tagen in 12 Monaten in Slowenien anwesend sind. Um ein slowenischer Steuerpflichtiger zu werden, muss ein Antragsformular beim Finanzamt eingereicht werden.<\/span><\/p>\n<\/div><\/section><br \/>\n<div style='padding-bottom:10px;color:#4392e8;' class='av-special-heading av-special-heading-h6 custom-color-heading   see-less'><h6 class='av-special-heading-tag'  itemprop=\"headline\"  >&#8211; Lesen Sie weniger<\/h6><div class='special-heading-border'><div class='special-heading-inner-border' style='border-color:#4392e8'><\/div><\/div><\/div><\/p><\/div><\/p>\n","protected":false},"excerpt":{"rendered":"","protected":false},"author":1,"featured_media":0,"parent":1128,"menu_order":0,"comment_status":"closed","ping_status":"closed","template":"","meta":{"footnotes":""},"class_list":["post-1136","page","type-page","status-publish","hentry"],"_links":{"self":[{"href":"https:\/\/www.2slovenia.eu\/de\/wp-json\/wp\/v2\/pages\/1136","targetHints":{"allow":["GET"]}}],"collection":[{"href":"https:\/\/www.2slovenia.eu\/de\/wp-json\/wp\/v2\/pages"}],"about":[{"href":"https:\/\/www.2slovenia.eu\/de\/wp-json\/wp\/v2\/types\/page"}],"author":[{"embeddable":true,"href":"https:\/\/www.2slovenia.eu\/de\/wp-json\/wp\/v2\/users\/1"}],"replies":[{"embeddable":true,"href":"https:\/\/www.2slovenia.eu\/de\/wp-json\/wp\/v2\/comments?post=1136"}],"version-history":[{"count":9,"href":"https:\/\/www.2slovenia.eu\/de\/wp-json\/wp\/v2\/pages\/1136\/revisions"}],"predecessor-version":[{"id":2128,"href":"https:\/\/www.2slovenia.eu\/de\/wp-json\/wp\/v2\/pages\/1136\/revisions\/2128"}],"up":[{"embeddable":true,"href":"https:\/\/www.2slovenia.eu\/de\/wp-json\/wp\/v2\/pages\/1128"}],"wp:attachment":[{"href":"https:\/\/www.2slovenia.eu\/de\/wp-json\/wp\/v2\/media?parent=1136"}],"curies":[{"name":"wp","href":"https:\/\/api.w.org\/{rel}","templated":true}]}}