{"id":1144,"date":"2017-09-04T08:29:59","date_gmt":"2017-09-04T08:29:59","guid":{"rendered":"http:\/\/www.2slovenia.eu\/business-address\/"},"modified":"2017-10-02T12:59:08","modified_gmt":"2017-10-02T12:59:08","slug":"business-address","status":"publish","type":"page","link":"https:\/\/www.2slovenia.eu\/de\/business-address\/","title":{"rendered":"Gesch\u00e4ftsadresse"},"content":{"rendered":"<div class=\"flex_column av_one_full  flex_column_div av-zero-column-padding first  parent \" style='border-radius:0px; '><section class=\"av_textblock_section\"  itemscope=\"itemscope\" itemtype=\"https:\/\/schema.org\/CreativeWork\" ><div class='avia_textblock vi-page-content'   itemprop=\"text\" ><p>F\u00fcr Unternehmen, die Gesch\u00e4ftsadresse in Slowenien ben\u00f6tigen, haben wir den Service namens virtuelles B\u00fcro vorbereitet.<\/p>\n<p><span style=\"font-weight: 400;\">Wir empfehlen diesen Service, wenn Sie keine eigene Gesch\u00e4ftsadresse in Slowenien haben. Wir k\u00f6nnen eine slowenische virtuelle Adresse und den Empfang aller Post f\u00fcr das Unternehmen in Ihrem Namen arrangieren.<\/span><\/p>\n<p><span style=\"font-weight: 400;\">Die Einrichtung einer virtuellen Adresse reduziert die Kosten erheblich, die Sie bei der Miete oder beim Kauf von Gesch\u00e4ftsr\u00e4umen verursachen werden. Wir k\u00fcmmern uns um Mail &#8211; Empfang und Transfer auf eine gew\u00fcnschte Adresse.<\/span><\/p>\n<p>Unsere Gesch\u00e4ftsadresse in Slowenien befindet sich im Zentrum von Ljubljana, Bor\u0161tnikov trg 2.<\/p>\n<p>Virtuelles B\u00fcro ist in <strong>einem komplett neuen Gesch\u00e4ftsgeb\u00e4ude<\/strong> ein modern ausgestattetes und elegantes Design Gesch\u00e4ftshaus mit eigenem Parkplatz.<\/p>\n<\/div><\/section><\/div>\n<div class=\"flex_column av_one_full  flex_column_div av-zero-column-padding first  parent \" style='border-radius:0px; '><section class=\"av_textblock_section\"  itemscope=\"itemscope\" itemtype=\"https:\/\/schema.org\/CreativeWork\" ><div class='avia_textblock vi-page-content'   itemprop=\"text\" ><h3 id=\"virtuelle-buerodienstleistungen\"><strong>Virtuelle B\u00fcrodienstleistungen:<\/strong><\/h3>\n<p>Service 1:<\/p>\n<p>Gesch\u00e4ftsadresse und Postversand an Kunden E-Mail-Adresse (scannen)<\/p>\n<p>Preis: 65 EUR + MwSt. \/ pro Monat + 0,50 EUR pro gescannte Seite \/ pro Monat<\/p>\n<\/div><\/section><br \/>\n<div style='height:30px' class='hr hr-invisible  '><span class='hr-inner ' ><span class='hr-inner-style'><\/span><\/span><\/div><br \/>\n<section class=\"av_textblock_section\"  itemscope=\"itemscope\" itemtype=\"https:\/\/schema.org\/CreativeWork\" ><div class='avia_textblock vi-page-content'   itemprop=\"text\" ><p>Service 2:<\/p>\n<p>Gesch\u00e4ftsadresse und Postversand an Kundenadresse<\/p>\n<p>Preis: 65 EUR + MwSt. + 0,50 EUR pro Umschlag + Kosten der Postdienste \/ pro Monat<\/p>\n<\/div><\/section><\/p><\/div>\n","protected":false},"excerpt":{"rendered":"","protected":false},"author":1,"featured_media":0,"parent":0,"menu_order":0,"comment_status":"closed","ping_status":"closed","template":"","meta":{"footnotes":""},"class_list":["post-1144","page","type-page","status-publish","hentry"],"_links":{"self":[{"href":"https:\/\/www.2slovenia.eu\/de\/wp-json\/wp\/v2\/pages\/1144","targetHints":{"allow":["GET"]}}],"collection":[{"href":"https:\/\/www.2slovenia.eu\/de\/wp-json\/wp\/v2\/pages"}],"about":[{"href":"https:\/\/www.2slovenia.eu\/de\/wp-json\/wp\/v2\/types\/page"}],"author":[{"embeddable":true,"href":"https:\/\/www.2slovenia.eu\/de\/wp-json\/wp\/v2\/users\/1"}],"replies":[{"embeddable":true,"href":"https:\/\/www.2slovenia.eu\/de\/wp-json\/wp\/v2\/comments?post=1144"}],"version-history":[{"count":4,"href":"https:\/\/www.2slovenia.eu\/de\/wp-json\/wp\/v2\/pages\/1144\/revisions"}],"predecessor-version":[{"id":2147,"href":"https:\/\/www.2slovenia.eu\/de\/wp-json\/wp\/v2\/pages\/1144\/revisions\/2147"}],"wp:attachment":[{"href":"https:\/\/www.2slovenia.eu\/de\/wp-json\/wp\/v2\/media?parent=1144"}],"curies":[{"name":"wp","href":"https:\/\/api.w.org\/{rel}","templated":true}]}}