{"id":1155,"date":"2017-09-04T08:27:31","date_gmt":"2017-09-04T08:27:31","guid":{"rendered":"http:\/\/www.2slovenia.eu\/business-in-slovenia\/business-consulting\/"},"modified":"2017-09-28T06:37:03","modified_gmt":"2017-09-28T06:37:03","slug":"business-consulting","status":"publish","type":"page","link":"https:\/\/www.2slovenia.eu\/de\/geschaeft-in-slowenien\/business-consulting\/","title":{"rendered":"Unternehmensberatung"},"content":{"rendered":"<div style='padding-bottom:10px;' class='av-special-heading av-special-heading-h2    heading-2'><h2 class='av-special-heading-tag'  itemprop=\"headline\"  >Unternehmensberatung<\/h2><div class='special-heading-border'><div class='special-heading-inner-border' ><\/div><\/div><\/div>\n<div class=\"flex_column av_one_full  flex_column_div av-zero-column-padding first  parent \" style='border-radius:0px; '><section class=\"av_textblock_section\"  itemscope=\"itemscope\" itemtype=\"https:\/\/schema.org\/CreativeWork\" ><div class='avia_textblock vi-page-content'   itemprop=\"text\" ><p>Ausl\u00e4ndische Unternehmen, die in Slowenien registriert sind oder in Slowenien t\u00e4tig sind, <strong>bieten eine umfassende Unternehmensberatung<\/strong> an und das bezieht ein:<\/p>\n<ul>\n<li>die Gr\u00fcndung oder Erwerb eines Unternehmens in Slowenien &#8211; EU,<\/li>\n<li>Vereinbarung von Arbeitserlaubnissen und \/ oder Aufenthaltsgenehmigungen f\u00fcr Slowenien,<\/li>\n<li>rechtliche Regulierung der Arbeitsunterlagen,<\/li>\n<li>Vorbereitung von Gesch\u00e4fts- und Finanzpl\u00e4ne,<\/li>\n<li>Vorbereitung der Gesch\u00e4fts- und Finanzprojektdokumentation f\u00fcr den Markteintritt, Einf\u00fchrung neuer Produkte oder Dienstleistungen,<\/li>\n<li>Erwerb erforderlicher Zertifikate oder andere Zusch\u00fcsse.<\/li>\n<\/ul>\n<p>Dar\u00fcber hinaus steuern wir Investitionsprojekte, vom Kauf oder der Vermietung von Immobilien bis hin zu Portfolios oder ausl\u00e4ndischen Direktinvestitionen.<\/p>\n<\/div><\/section><\/div>\n","protected":false},"excerpt":{"rendered":"","protected":false},"author":1,"featured_media":0,"parent":1151,"menu_order":0,"comment_status":"closed","ping_status":"closed","template":"","meta":{"footnotes":""},"class_list":["post-1155","page","type-page","status-publish","hentry"],"_links":{"self":[{"href":"https:\/\/www.2slovenia.eu\/de\/wp-json\/wp\/v2\/pages\/1155","targetHints":{"allow":["GET"]}}],"collection":[{"href":"https:\/\/www.2slovenia.eu\/de\/wp-json\/wp\/v2\/pages"}],"about":[{"href":"https:\/\/www.2slovenia.eu\/de\/wp-json\/wp\/v2\/types\/page"}],"author":[{"embeddable":true,"href":"https:\/\/www.2slovenia.eu\/de\/wp-json\/wp\/v2\/users\/1"}],"replies":[{"embeddable":true,"href":"https:\/\/www.2slovenia.eu\/de\/wp-json\/wp\/v2\/comments?post=1155"}],"version-history":[{"count":3,"href":"https:\/\/www.2slovenia.eu\/de\/wp-json\/wp\/v2\/pages\/1155\/revisions"}],"predecessor-version":[{"id":2042,"href":"https:\/\/www.2slovenia.eu\/de\/wp-json\/wp\/v2\/pages\/1155\/revisions\/2042"}],"up":[{"embeddable":true,"href":"https:\/\/www.2slovenia.eu\/de\/wp-json\/wp\/v2\/pages\/1151"}],"wp:attachment":[{"href":"https:\/\/www.2slovenia.eu\/de\/wp-json\/wp\/v2\/media?parent=1155"}],"curies":[{"name":"wp","href":"https:\/\/api.w.org\/{rel}","templated":true}]}}