{"id":1170,"date":"2017-09-04T08:26:43","date_gmt":"2017-09-04T08:26:43","guid":{"rendered":"http:\/\/www.2slovenia.eu\/business-in-slovenia\/starting-a-business-in-slovenia\/"},"modified":"2017-09-26T07:11:47","modified_gmt":"2017-09-26T07:11:47","slug":"starting-a-business-in-slovenia","status":"publish","type":"page","link":"https:\/\/www.2slovenia.eu\/de\/geschaeft-in-slowenien\/starting-a-business-in-slovenia\/","title":{"rendered":"Gr\u00fcndung eines Unternehmens in Slowenien"},"content":{"rendered":"<div style='padding-bottom:10px;' class='av-special-heading av-special-heading-h2    heading-2'><h2 class='av-special-heading-tag'  itemprop=\"headline\"  >Gr\u00fcndung eines Unternehmens in Slowenien<\/h2><div class='special-heading-border'><div class='special-heading-inner-border' ><\/div><\/div><\/div>\n<div class=\"flex_column av_one_full  flex_column_div av-zero-column-padding first  parent \" style='border-radius:0px; '><section class=\"av_textblock_section\"  itemscope=\"itemscope\" itemtype=\"https:\/\/schema.org\/CreativeWork\" ><div class='avia_textblock vi-page-content'   itemprop=\"text\" ><p>Ausl\u00e4ndische Unternehmen, die in Slowenien registriert sind oder in Slowenien t\u00e4tig sind, bieten eine umfassende Unternehmensberatung an:<\/p>\n<ul>\n<li><strong>die Gr\u00fcndung oder Erwerb eines Unternehmens<\/strong> in Slowenien &#8211; EU,<\/li>\n<li>Vereinbarung von <strong>Arbeitsgenehmigungen und \/ oder Aufenthaltsgenehmigungen<\/strong> f\u00fcr Slowenien,<\/li>\n<li>rechtliche Regulierung der Arbeitsunterlagen,<\/li>\n<li>vorbereitung von Gesch\u00e4fts- und Finanzpl\u00e4nen.<\/li>\n<\/ul>\n<\/div><\/section><\/div>\n<div class=\"flex_column av_one_full  flex_column_div av-zero-column-padding first  parent \" style='border-radius:0px; '><section class=\"av_textblock_section\"  itemscope=\"itemscope\" itemtype=\"https:\/\/schema.org\/CreativeWork\" ><div class='avia_textblock vi-page-content'   itemprop=\"text\" ><p class=\"Default\"><span style=\"color: #333333;\"><strong>Unsere Kunden werden alles an einem Ort angeboten<\/strong>; das ist alles, was die unternehmerischen Dienstleistungen unterst\u00fctzt, die ein Unternehmen f\u00fcr seine Operationen ben\u00f6tigt. Wir sind <strong>Experten in Buchhaltung, Steuern, Immobilien, Finanz-und Business-Services<\/strong>.<\/span><\/p>\n<\/div><\/section><\/div><div class=\"flex_column av_one_full  flex_column_div av-zero-column-padding first  parent \" style='border-radius:0px; '><section class=\"av_textblock_section\"  itemscope=\"itemscope\" itemtype=\"https:\/\/schema.org\/CreativeWork\" ><div class='avia_textblock vi-page-content'   itemprop=\"text\" ><p>Vorteile der Er\u00f6ffnung des Unternehmens in Slowenien mit 2slovenia Portal.<\/p>\n<ul>\n<li>Ein Kontakt &#8211; ALLE FRAGEN UND ANTWORTEN<\/li>\n<li>Die Firma er\u00f6ffnete innerhalb von 72 Stunden<\/li>\n<li>Zugang zum EU-Gebiet<\/li>\n<li>2slovenia gilt als das effizienteste und angenehmste Portal in Slowenien<\/li>\n<\/ul>\n<p>F\u00fcr weitere Informationen besuchen Sie bitte das Portal 2Slovenien, wo wir L\u00f6sungen f\u00fcr Sie erstellen. Schreiben Sie an <a href=\"mailto:info@replika.si\">info@2slovenia.eu<\/a> oder rufen Sie uns an unter +386 (0)1 422 88 77.<\/p>\n<\/div><\/section><\/div><\/p>\n","protected":false},"excerpt":{"rendered":"","protected":false},"author":1,"featured_media":0,"parent":1151,"menu_order":0,"comment_status":"closed","ping_status":"closed","template":"","meta":{"footnotes":""},"class_list":["post-1170","page","type-page","status-publish","hentry"],"_links":{"self":[{"href":"https:\/\/www.2slovenia.eu\/de\/wp-json\/wp\/v2\/pages\/1170","targetHints":{"allow":["GET"]}}],"collection":[{"href":"https:\/\/www.2slovenia.eu\/de\/wp-json\/wp\/v2\/pages"}],"about":[{"href":"https:\/\/www.2slovenia.eu\/de\/wp-json\/wp\/v2\/types\/page"}],"author":[{"embeddable":true,"href":"https:\/\/www.2slovenia.eu\/de\/wp-json\/wp\/v2\/users\/1"}],"replies":[{"embeddable":true,"href":"https:\/\/www.2slovenia.eu\/de\/wp-json\/wp\/v2\/comments?post=1170"}],"version-history":[{"count":3,"href":"https:\/\/www.2slovenia.eu\/de\/wp-json\/wp\/v2\/pages\/1170\/revisions"}],"predecessor-version":[{"id":2041,"href":"https:\/\/www.2slovenia.eu\/de\/wp-json\/wp\/v2\/pages\/1170\/revisions\/2041"}],"up":[{"embeddable":true,"href":"https:\/\/www.2slovenia.eu\/de\/wp-json\/wp\/v2\/pages\/1151"}],"wp:attachment":[{"href":"https:\/\/www.2slovenia.eu\/de\/wp-json\/wp\/v2\/media?parent=1170"}],"curies":[{"name":"wp","href":"https:\/\/api.w.org\/{rel}","templated":true}]}}