{"id":1174,"date":"2017-09-04T08:20:40","date_gmt":"2017-09-04T08:20:40","guid":{"rendered":"http:\/\/www.2slovenia.eu\/contact\/"},"modified":"2017-10-05T12:17:17","modified_gmt":"2017-10-05T12:17:17","slug":"contact","status":"publish","type":"page","link":"https:\/\/www.2slovenia.eu\/de\/contact\/","title":{"rendered":"Kontakt"},"content":{"rendered":"<\/div><\/div><\/div><!-- close content main div --><\/div><\/div><div id='contact-header' class='avia-section main_color avia-section-default avia-no-shadow avia-bg-style-scroll   container_wrap fullsize'   ><div class='container' ><div class='template-page content  av-content-full alpha units'><div class='post-entry post-entry-type-page post-entry-1174'><div class='entry-content-wrapper clearfix'>\n<section class=\"av_textblock_section\"  itemscope=\"itemscope\" itemtype=\"https:\/\/schema.org\/CreativeWork\" ><div class='avia_textblock contact-subheading'  style='font-size:18px; '  itemprop=\"text\" ><p><span style=\"font-weight: 400;\">Danke f\u00fcr Ihre Interesse. Ihre Privatsph\u00e4re ist unsere h\u00f6chste Priorit\u00e4t.<\/span><\/p>\n<p>Bei der ersten Kontaktaufnahme wenden Sie sich bitte an <strong>Frau Manca Kova\u010di\u010d<\/strong>. Sie wird Ihnen bei Ihren ersten Fragen helfen und die n\u00e4chsten Schritte definieren.<\/p>\n<p>Wir beginnen immer mit einem Willkommenspaket:<\/p>\n<ul>\n<li>Gratis Reisef\u00fchrer f\u00fcr Slowenien &#8211; <a href=\"http:\/\/www.2slovenia.eu\/wp-content\/uploads\/2017\/09\/Ebook_-zadnja-9.3-za-tisk.pdf\">hier herunterladen<\/a><\/li>\n<\/ul>\n<p>Sie erhalten Antworten:<\/p>\n<ul>\n<li>Was ist zu tun<\/li>\n<li>Wo ist das zu tun<\/li>\n<li>Wie lange dauert es<\/li>\n<\/ul>\n<p>1 Stunde kostenlose Beratung, um zu sehen, was Ihre Bed\u00fcrfnisse sind und was k\u00f6nnen wir f\u00fcr Sie tun.<\/p>\n<\/div><\/section>\n<\/div><\/div><\/div><!-- close content main div --><\/div><\/div><div id='contactus' class='avia-section main_color avia-section-default avia-no-shadow avia-bg-style-scroll   container_wrap fullsize'   ><div class='container' ><div class='template-page content  av-content-full alpha units'><div class='post-entry post-entry-type-page post-entry-1174'><div class='entry-content-wrapper clearfix'>\n<section class=\"av_textblock_section\"  itemscope=\"itemscope\" itemtype=\"https:\/\/schema.org\/CreativeWork\" ><div class='avia_textblock '   itemprop=\"text\" ><div class=\"contact-us\"><div class=\"person-block\"><div class=\"person-inner\"><div class=\"person-image\"><div class=\"person-image-inner\"><img decoding=\"async\" src=\"https:\/\/www.2slovenia.eu\/wp-content\/uploads\/2017\/09\/Selfiebox-233-cropped.jpg\" alt=\"image\"><\/div><\/div><div class=\"person-info\"><div class=\"person-info-inner\"><h5 class=\"name\">Matja\u017e Zupan<\/h5><p class=\"position\">Business-tourist counselling<\/p><ul class=\"socials\"><li class=\"email\"><img decoding=\"async\" src=\"https:\/\/www.2slovenia.eu\/wp-content\/themes\/enfold-child\/assets\/images\/shape.svg\" alt=\"social icon\"><a href=\"mailto:info@2slovenia.eu?cc=\">info@2slovenia.eu<\/a><\/li><li class=\"skype\"><div class=\"phone-icon\"><img decoding=\"async\" src=\"https:\/\/www.2slovenia.eu\/wp-content\/themes\/enfold-child\/assets\/images\/mobile.svg\" alt=\"social icon\"><\/div><a href=\"tel:+386 (0)51 601 601\">+386 (0)51 601 601<\/a><\/li><li class=\"skype\"><img decoding=\"async\" src=\"https:\/\/www.2slovenia.eu\/wp-content\/themes\/enfold-child\/assets\/images\/phone.svg\" alt=\"social icon\"><a href=\"tel:+386 (0)1 810 99 15\">+386 (0)1 810 99 15<\/a><\/li><\/ul><\/div><\/div><\/div><\/div><div class=\"person-block\"><div class=\"person-inner\"><div class=\"person-image\"><div class=\"person-image-inner\"><img decoding=\"async\" src=\"https:\/\/www.2slovenia.eu\/wp-content\/uploads\/2017\/09\/Polona-Urh.jpg\" alt=\"image\"><\/div><\/div><div class=\"person-info\"><div class=\"person-info-inner\"><h5 class=\"name\">Polona Urh<\/h5><p class=\"position\">Qualified Accountant<\/p><ul class=\"socials\"><li class=\"email\"><img decoding=\"async\" src=\"https:\/\/www.2slovenia.eu\/wp-content\/themes\/enfold-child\/assets\/images\/shape.svg\" alt=\"social icon\"><a href=\"mailto:info@2slovenia.eu?cc=\">info@2slovenia.eu<\/a><\/li><li class=\"skype\"><div class=\"phone-icon\"><img decoding=\"async\" src=\"https:\/\/www.2slovenia.eu\/wp-content\/themes\/enfold-child\/assets\/images\/mobile.svg\" alt=\"social icon\"><\/div><a href=\"tel:+386 (0)41 710 954\">+386 (0)41 710 954<\/a><\/li><li class=\"skype\"><img decoding=\"async\" src=\"https:\/\/www.2slovenia.eu\/wp-content\/themes\/enfold-child\/assets\/images\/phone.svg\" alt=\"social icon\"><a href=\"tel:+386 (0)1 422 88 77\">+386 (0)1 422 88 77<\/a><\/li><li class=\"skype\"><img decoding=\"async\" src=\"https:\/\/www.2slovenia.eu\/wp-content\/themes\/enfold-child\/assets\/images\/fax.svg\" alt=\"social icon\"><a href=\".skype\">+386 (0)1 256 49 25<\/a><\/li><\/ul><\/div><\/div><\/div><\/div><div class=\"person-block\"><div class=\"person-inner\"><div class=\"person-image\"><div class=\"person-image-inner\"><img decoding=\"async\" src=\"https:\/\/www.2slovenia.eu\/wp-content\/uploads\/2017\/09\/dvojka.png\" alt=\"image\"><\/div><\/div><div class=\"person-info\"><div class=\"person-info-inner\"><h5 class=\"name\">Simona Molan<\/h5><p class=\"position\">Berater<\/p><ul class=\"socials\"><li class=\"email\"><img decoding=\"async\" src=\"https:\/\/www.2slovenia.eu\/wp-content\/themes\/enfold-child\/assets\/images\/shape.svg\" alt=\"social icon\"><a href=\"mailto:management@2slovenia.eu?cc=\">management@2slovenia.eu<\/a><\/li><li class=\"skype\"><div class=\"phone-icon\"><img decoding=\"async\" src=\"https:\/\/www.2slovenia.eu\/wp-content\/themes\/enfold-child\/assets\/images\/mobile.svg\" alt=\"social icon\"><\/div><a href=\"tel:+386 (0)41 710 954\">+386 (0)41 710 954<\/a><\/li><li class=\"skype\"><img decoding=\"async\" src=\"https:\/\/www.2slovenia.eu\/wp-content\/themes\/enfold-child\/assets\/images\/phone.svg\" alt=\"social icon\"><a href=\"tel:+386 (0)1 422 88 77\">+386 (0)1 422 88 77<\/a><\/li><li class=\"skype\"><img decoding=\"async\" src=\"https:\/\/www.2slovenia.eu\/wp-content\/themes\/enfold-child\/assets\/images\/fax.svg\" alt=\"social icon\"><a href=\".skype\">+386 (0)1 256 49 25<\/a><\/li><\/ul><\/div><\/div><\/div><\/div><div class=\"person-block\"><div class=\"person-inner\"><div class=\"person-image\"><div class=\"person-image-inner\"><img decoding=\"async\" src=\"https:\/\/www.2slovenia.eu\/wp-content\/uploads\/2017\/09\/bitmap-2.png\" alt=\"image\"><\/div><\/div><div class=\"person-info\"><div class=\"person-info-inner\"><h5 class=\"name\">Manca Kova\u010di\u010d<\/h5><p class=\"position\">Der Hauptberater<\/p><ul class=\"socials\"><li class=\"email\"><img decoding=\"async\" src=\"https:\/\/www.2slovenia.eu\/wp-content\/themes\/enfold-child\/assets\/images\/shape.svg\" alt=\"social icon\"><a href=\"mailto:manca.kovacic@2slovenia.eu?cc=\">manca.kovacic@2slovenia.eu<\/a><\/li><li class=\"skype\"><div class=\"phone-icon\"><img decoding=\"async\" src=\"https:\/\/www.2slovenia.eu\/wp-content\/themes\/enfold-child\/assets\/images\/mobile.svg\" alt=\"social icon\"><\/div><a href=\"tel:+386 (0)41 710 954\">+386 (0)41 710 954<\/a><\/li><li class=\"skype\"><img decoding=\"async\" src=\"https:\/\/www.2slovenia.eu\/wp-content\/themes\/enfold-child\/assets\/images\/phone.svg\" alt=\"social icon\"><a href=\"tel:+386 (0)1 422 88 77\">+386 (0)1 422 88 77<\/a><\/li><li class=\"skype\"><img decoding=\"async\" src=\"https:\/\/www.2slovenia.eu\/wp-content\/themes\/enfold-child\/assets\/images\/fax.svg\" alt=\"social icon\"><a href=\".skype\">+386 (0)1 256 49 25<\/a><\/li><\/ul><\/div><\/div><\/div><\/div><\/div>\n<\/div><\/section>\n<\/p>\n","protected":false},"excerpt":{"rendered":"","protected":false},"author":1,"featured_media":0,"parent":0,"menu_order":0,"comment_status":"closed","ping_status":"closed","template":"","meta":{"footnotes":""},"class_list":["post-1174","page","type-page","status-publish","hentry"],"_links":{"self":[{"href":"https:\/\/www.2slovenia.eu\/de\/wp-json\/wp\/v2\/pages\/1174","targetHints":{"allow":["GET"]}}],"collection":[{"href":"https:\/\/www.2slovenia.eu\/de\/wp-json\/wp\/v2\/pages"}],"about":[{"href":"https:\/\/www.2slovenia.eu\/de\/wp-json\/wp\/v2\/types\/page"}],"author":[{"embeddable":true,"href":"https:\/\/www.2slovenia.eu\/de\/wp-json\/wp\/v2\/users\/1"}],"replies":[{"embeddable":true,"href":"https:\/\/www.2slovenia.eu\/de\/wp-json\/wp\/v2\/comments?post=1174"}],"version-history":[{"count":19,"href":"https:\/\/www.2slovenia.eu\/de\/wp-json\/wp\/v2\/pages\/1174\/revisions"}],"predecessor-version":[{"id":2570,"href":"https:\/\/www.2slovenia.eu\/de\/wp-json\/wp\/v2\/pages\/1174\/revisions\/2570"}],"wp:attachment":[{"href":"https:\/\/www.2slovenia.eu\/de\/wp-json\/wp\/v2\/media?parent=1174"}],"curies":[{"name":"wp","href":"https:\/\/api.w.org\/{rel}","templated":true}]}}