{"id":1183,"date":"2017-09-07T10:20:49","date_gmt":"2017-09-07T10:20:49","guid":{"rendered":"http:\/\/www.2slovenia.eu\/family-reunification-in-slovenia-2\/"},"modified":"2017-10-02T12:51:24","modified_gmt":"2017-10-02T12:51:24","slug":"familienwiedervereinigung-in-slowenien","status":"publish","type":"page","link":"https:\/\/www.2slovenia.eu\/de\/einwanderung-nach-slowenien\/familienwiedervereinigung-in-slowenien\/","title":{"rendered":"Familienwiedervereinigung in Slowenien"},"content":{"rendered":"<div style='padding-bottom:10px;' class='av-special-heading av-special-heading-h2    heading-2'><h2 class='av-special-heading-tag'  itemprop=\"headline\"  >Familienwiedervereinigung in Slowenien<\/h2><div class='special-heading-border'><div class='special-heading-inner-border' ><\/div><\/div><\/div>\n<div class=\"flex_column av_one_full  flex_column_div av-zero-column-padding first  parent \" style='border-radius:0px; '><section class=\"av_textblock_section\"  itemscope=\"itemscope\" itemtype=\"https:\/\/schema.org\/CreativeWork\" ><div class='avia_textblock vi-page-content'   itemprop=\"text\" ><p>Die engsten Familienangeh\u00f6rigen k\u00f6nnen das Verfahren zur Erlangung einer befristeten Aufenthaltsgenehmigung auf der Grundlage der Familienzusammenf\u00fchrung beginnen.<\/p>\n<\/div><\/section><\/div>\n<div class=\"flex_column av_one_full  flex_column_div av-zero-column-padding first  parent \" style='border-radius:0px; '><section class=\"av_textblock_section\"  itemscope=\"itemscope\" itemtype=\"https:\/\/schema.org\/CreativeWork\" ><div class='avia_textblock vi-page-content'   itemprop=\"text\" ><h3 id=\"bedingungen\">BEDINGUNGEN<\/h3>\n<p>Sie k\u00f6nnen eine Aufenthaltsgenehmigung f\u00fcr Ihre Familienangeh\u00f6rigen erhalten, wenn:<\/p>\n<ul>\n<li style=\"font-weight: 400;\">Sie eine st\u00e4ndige Aufenthaltsgenehmigung in Slowenien haben,<\/li>\n<li style=\"font-weight: 400;\">Sie haben in Slowenien mindestens ein Jahr lang auf der Grundlage einer vor\u00fcbergehenden Aufenthaltserlaubnis gelebt (die mindestens f\u00fcr ein weiteres Jahr g\u00fcltig ist), au\u00dfer in F\u00e4llen, in denen Ihre vor\u00fcbergehende Aufenthaltsgenehmigung zum Zwecke der Durchf\u00fchrung der Saisonarbeit erteilt wird,<\/li>\n<li style=\"font-weight: 400;\">Sie halten eine EU-Blue-Card oder haben eine vor\u00fcbergehende Aufenthaltsgenehmigung f\u00fcr Forschung und Hochschulzwecke,<\/li>\n<li style=\"font-weight: 400;\">Sie genie\u00dfen subsidi\u00e4ren Schutz in Slowenien (mit einigen Ausnahmen).<\/li>\n<\/ul>\n<\/div><\/section><\/div>\n<div class=\"flex_column av_one_full  flex_column_div av-zero-column-padding first  parent \" style='border-radius:0px; '><section class=\"av_textblock_section\"  itemscope=\"itemscope\" itemtype=\"https:\/\/schema.org\/CreativeWork\" ><div class='avia_textblock vi-page-content'   itemprop=\"text\" ><h3 id=\"dokumentation-benoetigt\">DOKUMENTATION BEN\u00d6TIGT<\/h3>\n<\/div><\/section><br \/>\n<section class=\"av_textblock_section\"  itemscope=\"itemscope\" itemtype=\"https:\/\/schema.org\/CreativeWork\" ><div class='avia_textblock vi-page-content'   itemprop=\"text\" ><p>Um die Erlaubnis f\u00fcr Ihr Familienmitglied zu erwerben, m\u00fcssen Sie:<\/p>\n<ul>\n<li>Einen Nachweis der Existenz einer Familienbeziehung (mit der urspr\u00fcnglichen Heiratsurkunde, Originalgeburtsurkunde usw.) haben. Wenn die Dokumente nicht in der offiziellen internationalen Form sind, m\u00fcssen sie in slowenische Sprache \u00fcbersetzt und \u00fcberpr\u00fcft werden,<\/li>\n<li>Erf\u00fcllungsbedingungen f\u00fcr Familienangeh\u00f6rige (die f\u00fcr die vor\u00fcbergehende Aufenthaltsgenehmigung gelten).<\/li>\n<\/ul>\n<\/div><\/section><\/p><\/div>\n<div class=\"flex_column av_one_full  flex_column_div av-zero-column-padding first  parent \" style='border-radius:0px; '><p><section class=\"av_textblock_section\"  itemscope=\"itemscope\" itemtype=\"https:\/\/schema.org\/CreativeWork\" ><div class='avia_textblock vi-page-content'   itemprop=\"text\" ><p>ALLGEMEINE BEDINGUNGEN, DIE BER\u00dcCKSICHTIGT WERDEN M\u00dcSSEN, UM DIE VOR\u00dcBERGEHENDE AUFENTHALTSGENEHMIGUNG ZU BEKOMMEN:<\/p>\n<ul>\n<li>Ein g\u00fcltiger Reisepass,<\/li>\n<\/ul>\n<\/div><\/section><br \/>\n<div style='padding-bottom:10px;color:#4392e8;' class='av-special-heading av-special-heading-h6 custom-color-heading   see-more'><h6 class='av-special-heading-tag'  itemprop=\"headline\"  >+ Lesen Sie mehr<\/h6><div class='special-heading-border'><div class='special-heading-inner-border' style='border-color:#4392e8'><\/div><\/div><\/div><br \/>\n<section class=\"av_textblock_section\"  itemscope=\"itemscope\" itemtype=\"https:\/\/schema.org\/CreativeWork\" ><div class='avia_textblock vi-second-paragraph'   itemprop=\"text\" ><ul>\n<li style=\"font-weight: 400;\">Krankenversicherung f\u00fcr mindestens dringende Gesundheitsversorgung in Slowenien,<\/li>\n<li style=\"font-weight: 400;\">ausreichende monatliche Mittel, die mindestens dem Grundeinkommen in Slowenien entsprechen,<\/li>\n<li style=\"font-weight: 400;\">eine Polizei-Clearance-Bescheinigung (nicht \u00e4lter als drei Monate) aus Ihrem Heimatland, mit einer verifizierten \u00dcbersetzung in slowenischer Sprache,<\/li>\n<li style=\"font-weight: 400;\">Ihre formale fotografie<\/li>\n<\/ul>\n<\/div><\/section><br \/>\n<div style='padding-bottom:10px;color:#4392e8;' class='av-special-heading av-special-heading-h6 custom-color-heading   see-less'><h6 class='av-special-heading-tag'  itemprop=\"headline\"  >&#8211; Lesen Sie weniger<\/h6><div class='special-heading-border'><div class='special-heading-inner-border' style='border-color:#4392e8'><\/div><\/div><\/div><\/p><\/div>\n<div class=\"flex_column av_one_full  flex_column_div av-zero-column-padding first  parent \" style='border-radius:0px; '><section class=\"av_textblock_section\"  itemscope=\"itemscope\" itemtype=\"https:\/\/schema.org\/CreativeWork\" ><div class='avia_textblock vi-page-content'   itemprop=\"text\" ><h3 id=\"bildung-fuer-kinder-in-slowenien\">Bildung f\u00fcr Kinder in Slowenien<\/h3>\n<p>Kinder, die ausl\u00e4ndische Staatsangeh\u00f6rige sind und in Slowenien wohnen, haben Anspruch auf eine obligatorische Grundschulbildung ab dem Alter von sechs Jahren unter den gleichen Bedingungen wie die B\u00fcrger der Republik Slowenien.<\/p>\n<\/div><\/section><\/div>\n","protected":false},"excerpt":{"rendered":"","protected":false},"author":1,"featured_media":0,"parent":1908,"menu_order":0,"comment_status":"closed","ping_status":"closed","template":"","meta":{"footnotes":""},"class_list":["post-1183","page","type-page","status-publish","hentry"],"_links":{"self":[{"href":"https:\/\/www.2slovenia.eu\/de\/wp-json\/wp\/v2\/pages\/1183","targetHints":{"allow":["GET"]}}],"collection":[{"href":"https:\/\/www.2slovenia.eu\/de\/wp-json\/wp\/v2\/pages"}],"about":[{"href":"https:\/\/www.2slovenia.eu\/de\/wp-json\/wp\/v2\/types\/page"}],"author":[{"embeddable":true,"href":"https:\/\/www.2slovenia.eu\/de\/wp-json\/wp\/v2\/users\/1"}],"replies":[{"embeddable":true,"href":"https:\/\/www.2slovenia.eu\/de\/wp-json\/wp\/v2\/comments?post=1183"}],"version-history":[{"count":9,"href":"https:\/\/www.2slovenia.eu\/de\/wp-json\/wp\/v2\/pages\/1183\/revisions"}],"predecessor-version":[{"id":2140,"href":"https:\/\/www.2slovenia.eu\/de\/wp-json\/wp\/v2\/pages\/1183\/revisions\/2140"}],"up":[{"embeddable":true,"href":"https:\/\/www.2slovenia.eu\/de\/wp-json\/wp\/v2\/pages\/1908"}],"wp:attachment":[{"href":"https:\/\/www.2slovenia.eu\/de\/wp-json\/wp\/v2\/media?parent=1183"}],"curies":[{"name":"wp","href":"https:\/\/api.w.org\/{rel}","templated":true}]}}