{"id":1187,"date":"2017-09-04T08:29:01","date_gmt":"2017-09-04T08:29:01","guid":{"rendered":"http:\/\/www.2slovenia.eu\/visa-schengen-visa\/"},"modified":"2017-10-02T12:54:05","modified_gmt":"2017-10-02T12:54:05","slug":"visa-schengen-visa","status":"publish","type":"page","link":"https:\/\/www.2slovenia.eu\/de\/einwanderung-nach-slowenien\/visa-schengen-visa\/","title":{"rendered":"Visa, Schengen Visa"},"content":{"rendered":"<div style='padding-bottom:10px;' class='av-special-heading av-special-heading-h2    heading-2'><h2 class='av-special-heading-tag'  itemprop=\"headline\"  >Visa, Schengen Visa<\/h2><div class='special-heading-border'><div class='special-heading-inner-border' ><\/div><\/div><\/div>\n<div class=\"flex_column av_one_full  flex_column_div av-zero-column-padding first  parent \" style='border-radius:0px; '><section class=\"av_textblock_section\"  itemscope=\"itemscope\" itemtype=\"https:\/\/schema.org\/CreativeWork\" ><div class='avia_textblock vi-page-content'   itemprop=\"text\" ><p><span style=\"font-weight: 400;\"><strong>EU-B\u00fcrger<\/strong> brauchen kein slowenisches Visum nach Slowenien. Das einzige ben\u00f6tigte Dokument ist ein g\u00fcltiges Reisedokument. Mit ihm k\u00f6nnen Einzelpersonen in Slowenien f\u00fcr nicht l\u00e4nger als 90 Tage in der Zeit von 180 Tagen bleiben, beginnend mit dem Datum des ersten Eintrags.<\/span><\/p>\n<p><strong>Nicht-EU-B\u00fcrger<\/strong> m\u00fcssen ein Schengenvisum halten, um in das Land einzutreten (mit einem g\u00fcltigen Reisedokument).<\/p>\n<p>Einzelpersonen mit einer g\u00fcltigen Aufenthaltsgenehmigung aus dem Staat, der Teil des Schengener Abkommens ist, kann in Slowenien f\u00fcr 90 Tage in der Zeit von 180 Tagen (einschlie\u00dflich der kombinierten Aufenthaltsdauer in allen Schengenstaaten) bleiben.<\/p>\n<\/div><\/section><\/div>\n<div class=\"flex_column av_one_full  flex_column_div av-zero-column-padding first  parent \" style='border-radius:0px; '><section class=\"av_textblock_section\"  itemscope=\"itemscope\" itemtype=\"https:\/\/schema.org\/CreativeWork\" ><div class='avia_textblock vi-page-content'   itemprop=\"text\" ><h3 id=\"dokumentation-benoetigt\">DOKUMENTATION BEN\u00d6TIGT<\/h3>\n<p>F\u00fcr die Erlangung eines Visums m\u00fcssen Antragsformular und Belege vorgelegt werden.<\/p>\n<p>Die Begleitdokumente f\u00fcr die <strong>Short-Stay-Visa (Visa-C)<\/strong> sollten folgende Hinweise enthalten:<\/p>\n<\/div><\/section><br \/>\n<div style='padding-bottom:10px;color:#4392e8;' class='av-special-heading av-special-heading-h6 custom-color-heading   see-more'><h6 class='av-special-heading-tag'  itemprop=\"headline\"  >+ Lesen Sie mehr<\/h6><div class='special-heading-border'><div class='special-heading-inner-border' style='border-color:#4392e8'><\/div><\/div><\/div><br \/>\n<section class=\"av_textblock_section\"  itemscope=\"itemscope\" itemtype=\"https:\/\/schema.org\/CreativeWork\" ><div class='avia_textblock vi-second-paragraph'   itemprop=\"text\" ><ul>\n<li style=\"font-weight: 400;\">der Zweck der beabsichtigten Reise (f\u00fcr Gesch\u00e4ftsbesuch des Unternehmens, Ticket, etc.),<\/li>\n<li style=\"font-weight: 400;\">Nachweis der Unterkunft,<\/li>\n<li style=\"font-weight: 400;\">Nachweis \u00fcber ausreichende Mittel f\u00fcr die Dauer des Aufenthalts und f\u00fcr die R\u00fcckkehr in das heimische Land,<\/li>\n<li style=\"font-weight: 400;\">Nachweis der Absicht, das Gebiet der EU-Mitgliedstaaten vor Ablauf des von Ihnen beantragten Visums zu verlassen (R\u00fcckfahrkarte, Nachweis der Besch\u00e4ftigung usw.).<\/li>\n<\/ul>\n<\/div><\/section><br \/>\n<div style='padding-bottom:10px;color:#4392e8;' class='av-special-heading av-special-heading-h6 custom-color-heading   see-less'><h6 class='av-special-heading-tag'  itemprop=\"headline\"  >&#8211; Lesen Sie weniger<\/h6><div class='special-heading-border'><div class='special-heading-inner-border' style='border-color:#4392e8'><\/div><\/div><\/div><\/p><\/div>\n<div class=\"flex_column av_one_full  flex_column_div av-zero-column-padding first  parent \" style='border-radius:0px; '><section class=\"av_textblock_section\"  itemscope=\"itemscope\" itemtype=\"https:\/\/schema.org\/CreativeWork\" ><div class='avia_textblock vi-page-content'   itemprop=\"text\" ><h3 id=\"wo-zu-bewerben-und-zeitrahmen\">WO ZU BEWERBEN UND \u00a0ZEITRAHMEN<\/h3>\n<p>Einzelpersonen sind verpflichtet, ein Visum in einer diplomatischen oder konsularischen Vertretung der Republik Slowenien im Ausland zu erhalten, bevor sie Slowenien betreten.<\/p>\n<\/div><\/section><br \/>\n<div style='padding-bottom:10px;color:#4392e8;' class='av-special-heading av-special-heading-h6 custom-color-heading   see-more'><h6 class='av-special-heading-tag'  itemprop=\"headline\"  >+ Lesen Sie mehr<\/h6><div class='special-heading-border'><div class='special-heading-inner-border' style='border-color:#4392e8'><\/div><\/div><\/div><br \/>\n<section class=\"av_textblock_section\"  itemscope=\"itemscope\" itemtype=\"https:\/\/schema.org\/CreativeWork\" ><div class='avia_textblock vi-second-paragraph'   itemprop=\"text\" ><p>ZEITRAHMEN<\/p>\n<p><span style=\"font-weight: 400;\">Visumantrag sollte mindestens 15 Kalendertage vor dem Eintritt in das Land eingereicht werden. Ein Antrag, der weniger als 15 Kalendertage vor der beabsichtigten Abreise eingereicht wurde, kann angenommen werden, aber es gibt keine Garantie, dass die endg\u00fcltige Entscheidung vor dem vorgesehenen Abreisedatum erfolgt.<\/span> Ein Visum kann nicht fr\u00fcher als drei Monate vor dem Eintritt in ein Land eingereicht werden.<\/p>\n<p>GEB\u00dcHREN<\/p>\n<p>Das Anmeldeformular ist kostenlos.<\/p>\n<\/div><\/section><br \/>\n<div style='padding-bottom:10px;color:#4392e8;' class='av-special-heading av-special-heading-h6 custom-color-heading   see-less'><h6 class='av-special-heading-tag'  itemprop=\"headline\"  >&#8211; Lesen Sie weniger<\/h6><div class='special-heading-border'><div class='special-heading-inner-border' style='border-color:#4392e8'><\/div><\/div><\/div><\/p><\/div>\n<div class=\"flex_column av_one_full  flex_column_div av-zero-column-padding first  parent \" style='border-radius:0px; '><p><section class=\"av_textblock_section\"  itemscope=\"itemscope\" itemtype=\"https:\/\/schema.org\/CreativeWork\" ><div class='avia_textblock vi-page-content'   itemprop=\"text\" ><p>Ein weiterer Weg, um Slowenien zu besuchen, ist ein Schengen-Visum Slowenien.<\/p>\n<\/div><\/section><br \/>\n<div style='padding-bottom:10px;color:#4392e8;' class='av-special-heading av-special-heading-h6 custom-color-heading   see-more'><h6 class='av-special-heading-tag'  itemprop=\"headline\"  >+ Lesen Sie mehr<\/h6><div class='special-heading-border'><div class='special-heading-inner-border' style='border-color:#4392e8'><\/div><\/div><\/div><br \/>\n<section class=\"av_textblock_section\"  itemscope=\"itemscope\" itemtype=\"https:\/\/schema.org\/CreativeWork\" ><div class='avia_textblock vi-second-paragraph'   itemprop=\"text\" ><p><strong>Wo bekommt man das Schengen-Visum?<\/strong><\/p>\n<p><span style=\"font-weight: 400;\">Ein Schengenvisum wird bei der Botschaft oder dem Konsulat des Schengenlandes beantragt, das Sie die n\u00e4chsten N\u00e4chte auf Ihrer Reise zum Schengenraum verbringen werden. Wenn Sie nur ein Land auf Ihrer Reise besuchen, dann beantragen Sie Ihr Visum beim Konsulat dieses Schengenlandes.<\/span><\/p>\n<p style=\"text-align: left;\"><strong>Wann beantrage ich das Schengenvisum?<\/strong><\/p>\n<p style=\"text-align: left;\">Wenn Sie ein Schengenvisum ben\u00f6tigen, m\u00fcssen Sie sich vor der Reise bewerben.<\/p>\n<p><strong>Schengen, ein Gebiet der Freiz\u00fcgigkeit<\/strong><\/p>\n<p>Schengen erm\u00f6glicht es EU-B\u00fcrgern, Nicht-EU-Bewohnern und Besuchern frei und sicher in der Union zu reisen.<\/p>\n<p><strong>Die Mitgliedsl\u00e4nder des Schengener Abkommens sind alle EU-L\u00e4nder und Norwegen, die Schweiz, Island.<\/strong><\/p>\n<p>Bitte beachten Sie, dass Gro\u00dfbritannien und Irland nicht Teil des Schengener Abkommens sind.<\/p>\n<\/div><\/section><br \/>\n<div style='padding-bottom:10px;color:#4392e8;' class='av-special-heading av-special-heading-h6 custom-color-heading   see-less'><h6 class='av-special-heading-tag'  itemprop=\"headline\"  >&#8211; Lesen Sie weniger<\/h6><div class='special-heading-border'><div class='special-heading-inner-border' style='border-color:#4392e8'><\/div><\/div><\/div><\/p><\/div>\n<div class=\"flex_column av_one_full  flex_column_div av-zero-column-padding first  parent \" style='border-radius:0px; '><p><section class=\"av_textblock_section\"  itemscope=\"itemscope\" itemtype=\"https:\/\/schema.org\/CreativeWork\" ><div class='avia_textblock vi-page-content'   itemprop=\"text\" ><p>M\u00f6chten Sie eine l\u00e4ngere Zeit in Slowenien bleiben?<\/p>\n<\/div><\/section><br \/>\n<div style='padding-bottom:10px;color:#4392e8;' class='av-special-heading av-special-heading-h6 custom-color-heading   see-more'><h6 class='av-special-heading-tag'  itemprop=\"headline\"  >+ Lesen Sie mehr<\/h6><div class='special-heading-border'><div class='special-heading-inner-border' style='border-color:#4392e8'><\/div><\/div><\/div><br \/>\n<section class=\"av_textblock_section\"  itemscope=\"itemscope\" itemtype=\"https:\/\/schema.org\/CreativeWork\" ><div class='avia_textblock vi-second-paragraph'   itemprop=\"text\" ><p><span style=\"font-weight: 400;\">1. Wenn Sie in Slowenien (oder \/ und EU entsprechend) f\u00fcr einen l\u00e4ngeren Zeitraum bleiben wollen, was mehr als 3 Monate betr\u00e4gt, m\u00fcssen Sie eine Aufenthaltsgenehmigung erwerben.<\/span><\/p>\n<p>2.\u00a0Wenn Sie in Europa arbeiten wollen, m\u00fcssen Sie auch ein EU-Arbeitsvisum und Arbeitserlaubnis erhalten.<\/p>\n<p>F\u00fcr weitere Informationen \u00fcber das Visum f\u00fcr Europa wenden Sie sich bitte an unser B\u00fcro.<\/p>\n<\/div><\/section><br \/>\n<div style='padding-bottom:10px;color:#4392e8;' class='av-special-heading av-special-heading-h6 custom-color-heading   see-less'><h6 class='av-special-heading-tag'  itemprop=\"headline\"  >&#8211; Lesen Sie weniger<\/h6><div class='special-heading-border'><div class='special-heading-inner-border' style='border-color:#4392e8'><\/div><\/div><\/div><\/p><\/div>\n","protected":false},"excerpt":{"rendered":"","protected":false},"author":1,"featured_media":0,"parent":1908,"menu_order":0,"comment_status":"closed","ping_status":"closed","template":"","meta":{"footnotes":""},"class_list":["post-1187","page","type-page","status-publish","hentry"],"_links":{"self":[{"href":"https:\/\/www.2slovenia.eu\/de\/wp-json\/wp\/v2\/pages\/1187","targetHints":{"allow":["GET"]}}],"collection":[{"href":"https:\/\/www.2slovenia.eu\/de\/wp-json\/wp\/v2\/pages"}],"about":[{"href":"https:\/\/www.2slovenia.eu\/de\/wp-json\/wp\/v2\/types\/page"}],"author":[{"embeddable":true,"href":"https:\/\/www.2slovenia.eu\/de\/wp-json\/wp\/v2\/users\/1"}],"replies":[{"embeddable":true,"href":"https:\/\/www.2slovenia.eu\/de\/wp-json\/wp\/v2\/comments?post=1187"}],"version-history":[{"count":8,"href":"https:\/\/www.2slovenia.eu\/de\/wp-json\/wp\/v2\/pages\/1187\/revisions"}],"predecessor-version":[{"id":2142,"href":"https:\/\/www.2slovenia.eu\/de\/wp-json\/wp\/v2\/pages\/1187\/revisions\/2142"}],"up":[{"embeddable":true,"href":"https:\/\/www.2slovenia.eu\/de\/wp-json\/wp\/v2\/pages\/1908"}],"wp:attachment":[{"href":"https:\/\/www.2slovenia.eu\/de\/wp-json\/wp\/v2\/media?parent=1187"}],"curies":[{"name":"wp","href":"https:\/\/api.w.org\/{rel}","templated":true}]}}