{"id":1306,"date":"2017-09-08T12:56:15","date_gmt":"2017-09-08T12:56:15","guid":{"rendered":"http:\/\/www.2slovenia.eu\/best-4-5-star-hotels-in-slovenia\/"},"modified":"2017-09-25T10:15:52","modified_gmt":"2017-09-25T10:15:52","slug":"best-4-5-star-hotels-in-slovenia","status":"publish","type":"page","link":"https:\/\/www.2slovenia.eu\/de\/lifestyle-in-slovenia\/best-4-5-star-hotels-in-slovenia\/","title":{"rendered":"Die besten 4 &#038; 5-STAR Hotels in Slowenien"},"content":{"rendered":"<div style='padding-bottom:10px;' class='av-special-heading av-special-heading-h2    heading-2'><h2 class='av-special-heading-tag'  itemprop=\"headline\"  >Die besten 4 <span class='special_amp'>&amp;<\/span> 5-STAR Hotels in Slowenien<\/h2><div class='special-heading-border'><div class='special-heading-inner-border' ><\/div><\/div><\/div>\n<div class=\"flex_column av_one_full  flex_column_div av-zero-column-padding first  parent \" style='border-radius:0px; '><section class=\"av_textblock_section\"  itemscope=\"itemscope\" itemtype=\"https:\/\/schema.org\/CreativeWork\" ><div class='avia_textblock vi-page-content'   itemprop=\"text\" ><h3 id=\"zentrale-slowenien-ljubljana\">ZENTRALE SLOWENIEN &#8211; LJUBLJANA<\/h3>\n<p><strong>Grand Hotel Union ****<\/strong><\/p>\n<p>Das Grand Hotel Union ist ein <strong>luxuri\u00f6ses 4-Sterne-Hotel<\/strong> mit einer erstklassigen Lage <strong>im Zentrum von Ljubljana<\/strong>, nur wenige Schritte von der Altstadt entfernt. Als eines <strong>der \u00e4ltesten Hotels<\/strong> im <a href=\"https:\/\/en.wikipedia.org\/wiki\/Vienna_Secession\">Wiener Secession-Stil<\/a>, hat es <strong>das gr\u00f6\u00dfte Konferenzzentrum<\/strong> in Ljubljana und ist daher f\u00fcr Gesch\u00e4ftsreisende sehr beliebt.\u00a0Die 21 Konferenzr\u00e4ume und Lounges bieten Platz f\u00fcr 10 bis 850 Teilnehmer.<\/p>\n<\/div><\/section><\/div><div class=\"flex_column av_one_full  flex_column_div av-zero-column-padding first  vi-image-block \" style='border-radius:0px; '><div class='avia-image-container  av-styling-   image avia-align-left '  itemscope=\"itemscope\" itemtype=\"https:\/\/schema.org\/ImageObject\"  ><div class='avia-image-container-inner'><a href='https:\/\/www.2slovenia.eu\/wp-content\/uploads\/2017\/09\/union.jpg' class='avia_image'  ><img class='avia_image ' src='https:\/\/www.2slovenia.eu\/wp-content\/uploads\/2017\/09\/union.jpg' alt='' title='union'  itemprop=\"thumbnailUrl\"  \/><\/a><\/div><\/div><\/div><\/p>\n<div style='height:60px' class='hr hr-invisible  '><span class='hr-inner ' ><span class='hr-inner-style'><\/span><\/span><\/div>\n<div class=\"flex_column av_one_full  flex_column_div av-zero-column-padding first  parent \" style='border-radius:0px; '><section class=\"av_textblock_section\"  itemscope=\"itemscope\" itemtype=\"https:\/\/schema.org\/CreativeWork\" ><div class='avia_textblock vi-page-content'   itemprop=\"text\" ><h3 id=\"die-gorenjska-region-bled\">DIE GORENJSKA REGION &#8211; BLED<\/h3>\n<p><strong>Grand Hotel Toplice *****<\/strong><\/p>\n<p>Das Grand Hotel Toplice ist ein luxuri\u00f6ses 5-Sterne-Hotel mit Blick auf den Bledsee. Es verf\u00fcgt einen privaten Strand und Bootshaus, zus\u00e4tzlich zu einem Thermalbad und ausgew\u00e4hlte Wellnessdienstleistungen.<\/p>\n<\/div><\/section><\/div><div class=\"flex_column av_one_full  flex_column_div av-zero-column-padding first  vi-image-block \" style='border-radius:0px; '><div class='avia-image-container  av-styling-   image avia-align-left '  itemscope=\"itemscope\" itemtype=\"https:\/\/schema.org\/ImageObject\"  ><div class='avia-image-container-inner'><a href='https:\/\/www.2slovenia.eu\/wp-content\/uploads\/2017\/09\/bled.jpg' class='avia_image'  ><img class='avia_image ' src='https:\/\/www.2slovenia.eu\/wp-content\/uploads\/2017\/09\/bled.jpg' alt='' title='bled'  itemprop=\"thumbnailUrl\"  \/><\/a><\/div><\/div><\/div><\/p>\n<div style='height:60px' class='hr hr-invisible  '><span class='hr-inner ' ><span class='hr-inner-style'><\/span><\/span><\/div>\n<div class=\"flex_column av_one_full  flex_column_div av-zero-column-padding first  parent \" style='border-radius:0px; '><section class=\"av_textblock_section\"  itemscope=\"itemscope\" itemtype=\"https:\/\/schema.org\/CreativeWork\" ><div class='avia_textblock vi-page-content'   itemprop=\"text\" ><p><strong>Hotel Jezero Bohinj ****<\/strong><\/p>\n<p>Das Hotel Jezero Bohinj ist ein 4-Sterne-Hotel im <strong>Herzen des Naturparks Triglav<\/strong> am <strong>Rande des wundersch\u00f6nen, nat\u00fcrlichen Bohinjischen Sees<\/strong>, nur 4,5 km vom Skigebiet Vogel entfernt.\u00a0Genie\u00dfen Sie die ruhe Natur nur wenige Meter vom See entfernt.<\/p>\n<\/div><\/section><\/div><div class=\"flex_column av_one_full  flex_column_div av-zero-column-padding first  vi-image-block \" style='border-radius:0px; '><div class='avia-image-container  av-styling-   image avia-align-left '  itemscope=\"itemscope\" itemtype=\"https:\/\/schema.org\/ImageObject\"  ><div class='avia-image-container-inner'><a href='https:\/\/www.2slovenia.eu\/wp-content\/uploads\/2017\/09\/bohinj.jpg' class='avia_image'  ><img class='avia_image ' src='https:\/\/www.2slovenia.eu\/wp-content\/uploads\/2017\/09\/bohinj.jpg' alt='' title='bohinj'  itemprop=\"thumbnailUrl\"  \/><\/a><\/div><\/div><\/div><\/p>\n<div style='height:60px' class='hr hr-invisible  '><span class='hr-inner ' ><span class='hr-inner-style'><\/span><\/span><\/div>\n<div class=\"flex_column av_one_full  flex_column_div av-zero-column-padding first  parent \" style='border-radius:0px; '><section class=\"av_textblock_section\"  itemscope=\"itemscope\" itemtype=\"https:\/\/schema.org\/CreativeWork\" ><div class='avia_textblock vi-page-content'   itemprop=\"text\" ><h3 id=\"die-kueste-portoroz-koper\">DIE K\u00dcSTE &#8211; PORTORO\u017d \/ KOPER<\/h3>\n<p><strong>Grand Hotel Portoro\u017e*****<\/strong><\/p>\n<p>Das Grand Hotel Portoro\u017e ist ein exklusives 5-Sterne-Hotel im Herzen von <strong>Portoro\u017e<\/strong>.\u00a0Es bietet komfortable und moderne Designunterk\u00fcnfte, kombiniert mit lokaler Tradition der Salzherstellung.\u00a0Das Hotel verf\u00fcgt \u00fcber einen privaten Luxusstrand und ist direkt mit dem Kurort Terme Portoro\u017e verbunden, der das kompletteste Thermalbad in Europa bietet.<\/p>\n<\/div><\/section><\/div><div class=\"flex_column av_one_full  flex_column_div av-zero-column-padding first  vi-image-block \" style='border-radius:0px; '><div class='avia-image-container  av-styling-   image avia-align-left '  itemscope=\"itemscope\" itemtype=\"https:\/\/schema.org\/ImageObject\"  ><div class='avia-image-container-inner'><a href='https:\/\/www.2slovenia.eu\/wp-content\/uploads\/2017\/09\/potoroy.jpg' class='avia_image'  ><img class='avia_image ' src='https:\/\/www.2slovenia.eu\/wp-content\/uploads\/2017\/09\/potoroy.jpg' alt='' title='potoroy'  itemprop=\"thumbnailUrl\"  \/><\/a><\/div><\/div><\/div><\/p>\n<div style='height:60px' class='hr hr-invisible  '><span class='hr-inner ' ><span class='hr-inner-style'><\/span><\/span><\/div>\n<div class=\"flex_column av_one_full  flex_column_div av-zero-column-padding first  parent \" style='border-radius:0px; '><section class=\"av_textblock_section\"  itemscope=\"itemscope\" itemtype=\"https:\/\/schema.org\/CreativeWork\" ><div class='avia_textblock vi-page-content'   itemprop=\"text\" ><p><strong>Mind Hotel Slovenia*****<\/strong><\/p>\n<p>Das F\u00fcnf-Sterne-Hotel Slowenien ist das neueste luxuri\u00f6se F\u00fcnf-Sterne-Hotel in Portoro\u017e am Meer und an der Hauptpromenade der Stadt.\u00a0Es teilt mit Ihnen die 800-j\u00e4hrigen \u00f6rtlichen Geschichten von Mind Cultivation und pr\u00e4chtigen wei\u00dfen Salzkristallen (Salt Cultivation).\u00a0Das Hotel ist ein Teil der Lifeclass Hotels &amp; Spas, also verbunden mit dem Spa &amp; Wellness Palace Komplex mit einem Glas Flur.<\/p>\n<\/div><\/section><\/div><div class=\"flex_column av_one_full  flex_column_div av-zero-column-padding first  vi-image-block \" style='border-radius:0px; '><div class='avia-image-container  av-styling-   image avia-align-left '  itemscope=\"itemscope\" itemtype=\"https:\/\/schema.org\/ImageObject\"  ><div class='avia-image-container-inner'><a href='https:\/\/www.2slovenia.eu\/wp-content\/uploads\/2017\/09\/mind.jpg' class='avia_image'  ><img class='avia_image ' src='https:\/\/www.2slovenia.eu\/wp-content\/uploads\/2017\/09\/mind.jpg' alt='' title='mind'  itemprop=\"thumbnailUrl\"  \/><\/a><\/div><\/div><\/div><\/p>\n<div style='height:60px' class='hr hr-invisible  '><span class='hr-inner ' ><span class='hr-inner-style'><\/span><\/span><\/div>\n<div class=\"flex_column av_one_full  flex_column_div av-zero-column-padding first  parent \" style='border-radius:0px; '><section class=\"av_textblock_section\"  itemscope=\"itemscope\" itemtype=\"https:\/\/schema.org\/CreativeWork\" ><div class='avia_textblock vi-page-content'   itemprop=\"text\" ><p><strong>Grand Hotel Bernardin *****<\/strong><\/p>\n<p>Das Grand Hotel Bernardin ist ein luxuri\u00f6ses 5-Sterne-Hotel mit einer hervorragenden Lage nahe dem Strand zwischen zwei St\u00e4dten, Portoro\u017e und Piran.\u00a0Es bietet ein ausgezeichnetes Wellness-Center-Paradise Spa, Hallenbad mit beheiztem Meerwasser und einen luxuri\u00f6sen Privatstrand.\u00a0Das Hotel Bernardin beherbergt das <a href=\"http:\/\/www.bernardingroup.si\/mice\/\">gr\u00f6\u00dfte Kongresszentrum Sloweniens<\/a> mit bis zu 1.100 Teilnehmern.<\/p>\n<\/div><\/section><\/div><div class=\"flex_column av_one_full  flex_column_div av-zero-column-padding first  vi-image-block \" style='border-radius:0px; '><div class='avia-image-container  av-styling-   image avia-align-left '  itemscope=\"itemscope\" itemtype=\"https:\/\/schema.org\/ImageObject\"  ><div class='avia-image-container-inner'><a href='https:\/\/www.2slovenia.eu\/wp-content\/uploads\/2017\/09\/bernardin.jpg' class='avia_image'  ><img class='avia_image ' src='https:\/\/www.2slovenia.eu\/wp-content\/uploads\/2017\/09\/bernardin.jpg' alt='' title='bernardin'  itemprop=\"thumbnailUrl\"  \/><\/a><\/div><\/div><\/div><\/p>\n<div style='height:60px' class='hr hr-invisible  '><span class='hr-inner ' ><span class='hr-inner-style'><\/span><\/span><\/div>\n<div class=\"flex_column av_one_full  flex_column_div av-zero-column-padding first  parent \" style='border-radius:0px; '><section class=\"av_textblock_section\"  itemscope=\"itemscope\" itemtype=\"https:\/\/schema.org\/CreativeWork\" ><div class='avia_textblock vi-page-content'   itemprop=\"text\" ><p><strong>Terme Olimia ****<\/strong><\/p>\n<p>Terme Olimia ist ein Kurort mit einem 4-Sterne Wellnesshotel Sotelia, einem der besten Wellnesshotels in Slowenien.\u00a0Dar\u00fcber hinaus bietet es einen Thermalpark und das beste Wellnesshotel in Slowenien f\u00fcr 5 Jahre in Folge mit dem Namen Orhidelia.\u00a0Es gibt auch Sportanlagen und ein Gesundheitszentrum.\u00a0Terme Olimia nutzt Thermalwasser in all ihren Pools und best\u00e4tigt den wohlverdienten besten Wellnesspreis f\u00fcr 2015\/2016.<\/p>\n<\/div><\/section><\/div><div class=\"flex_column av_one_full  flex_column_div av-zero-column-padding first  vi-image-block \" style='border-radius:0px; '><div class='avia-image-container  av-styling-   image avia-align-left '  itemscope=\"itemscope\" itemtype=\"https:\/\/schema.org\/ImageObject\"  ><div class='avia-image-container-inner'><a href='https:\/\/www.2slovenia.eu\/wp-content\/uploads\/2017\/09\/olimia.jpg' class='avia_image'  ><img class='avia_image ' src='https:\/\/www.2slovenia.eu\/wp-content\/uploads\/2017\/09\/olimia.jpg' alt='' title='olimia'  itemprop=\"thumbnailUrl\"  \/><\/a><\/div><\/div><\/div><\/p>\n<div style='height:60px' class='hr hr-invisible  '><span class='hr-inner ' ><span class='hr-inner-style'><\/span><\/span><\/div>\n<div class=\"flex_column av_one_full  flex_column_div av-zero-column-padding first  parent \" style='border-radius:0px; '><section class=\"av_textblock_section\"  itemscope=\"itemscope\" itemtype=\"https:\/\/schema.org\/CreativeWork\" ><div class='avia_textblock vi-page-content'   itemprop=\"text\" ><p><strong>Grand Hotel DONAT superior Roga\u0161ka****<\/strong><\/p>\n<p>Grand Hotel Donat Superior ist ein luxuri\u00f6ses 4-Sterne-Hotel in Roga\u0161ka Slatina, das f\u00fcr seine einzigartigen, Magnesium reich heilenden nat\u00fcrlichen Mineralwasser Quellen bekannt ist.\u00a0Das Hotel bietet qualitativ hochwertige Wellness- und Sportanlagen, Hallenb\u00e4der und luxuri\u00f6se Zimmer f\u00fcr Familien oder Einzelpersonen.<\/p>\n<\/div><\/section><\/div><div class=\"flex_column av_one_full  flex_column_div av-zero-column-padding first  vi-image-block \" style='border-radius:0px; '><div class='avia-image-container  av-styling-   image avia-align-left '  itemscope=\"itemscope\" itemtype=\"https:\/\/schema.org\/ImageObject\"  ><div class='avia-image-container-inner'><a href='https:\/\/www.2slovenia.eu\/wp-content\/uploads\/2017\/09\/rogaska.jpg' class='avia_image'  ><img class='avia_image ' src='https:\/\/www.2slovenia.eu\/wp-content\/uploads\/2017\/09\/rogaska.jpg' alt='' title='rogaska'  itemprop=\"thumbnailUrl\"  \/><\/a><\/div><\/div><\/div><\/p>\n<div style='height:60px' class='hr hr-invisible  '><span class='hr-inner ' ><span class='hr-inner-style'><\/span><\/span><\/div>\n<div class=\"flex_column av_one_full  flex_column_div av-zero-column-padding first  parent \" style='border-radius:0px; '><section class=\"av_textblock_section\"  itemscope=\"itemscope\" itemtype=\"https:\/\/schema.org\/CreativeWork\" ><div class='avia_textblock vi-page-content'   itemprop=\"text\" ><p><strong>RIMSKE TERME Business Wellness SPA Resort **** <\/strong><\/p>\n<p>Rimske Terme befindet sich in einem der sch\u00f6nsten Orte in Slowenien, Rimske Toplice, wo reiche Tradition und moderne touristische Dienstleistungen Hand in Hand gehen.\u00a0Das Resort bietet qualitativ hochwertige Wellness-, Kongress- und medizinische Programme.\u00a0Die Pools sind nach dem antiken r\u00f6mischen Stil gestaltet und mit heilendem Thermalwasser gef\u00fcllt.<\/p>\n<p>Rimski Dvor ist ein luxuri\u00f6ses 4-Sterne-Hotel und bildet eine Br\u00fccke mit der Geschichte von Rimske Terme (&#8222;R\u00f6mische hei\u00dfe Quellen&#8220;).<\/p>\n<\/div><\/section><\/div><div class=\"flex_column av_one_full  flex_column_div av-zero-column-padding first  vi-image-block \" style='border-radius:0px; '><div class='avia-image-container  av-styling-   image avia-align-left '  itemscope=\"itemscope\" itemtype=\"https:\/\/schema.org\/ImageObject\"  ><div class='avia-image-container-inner'><a href='https:\/\/www.2slovenia.eu\/wp-content\/uploads\/2017\/09\/rimske.jpg' class='avia_image'  ><img class='avia_image ' src='https:\/\/www.2slovenia.eu\/wp-content\/uploads\/2017\/09\/rimske.jpg' alt='' title='rimske'  itemprop=\"thumbnailUrl\"  \/><\/a><\/div><\/div><\/div><\/p>\n<div class=\"flex_column av_one_full  flex_column_div av-zero-column-padding first  parent \" style='border-radius:0px; '><section class=\"av_textblock_section\"  itemscope=\"itemscope\" itemtype=\"https:\/\/schema.org\/CreativeWork\" ><div class='avia_textblock vi-page-content'   itemprop=\"text\" ><p>Sofijin Dvor (Sophias Hof) ist ein luxuri\u00f6ses 4-Sterne-Hotel, das im klassischen Stil der zeitlosen Eleganz eingerichtet ist.<\/p>\n<\/div><\/section><\/div><div class=\"flex_column av_one_full  flex_column_div av-zero-column-padding first  vi-image-block \" style='border-radius:0px; '><div class='avia-image-container  av-styling-   image avia-align-left '  itemscope=\"itemscope\" itemtype=\"https:\/\/schema.org\/ImageObject\"  ><div class='avia-image-container-inner'><a href='https:\/\/www.2slovenia.eu\/wp-content\/uploads\/2017\/09\/rimske2.jpg' class='avia_image'  ><img class='avia_image ' src='https:\/\/www.2slovenia.eu\/wp-content\/uploads\/2017\/09\/rimske2.jpg' alt='' title='rimske2'  itemprop=\"thumbnailUrl\"  \/><\/a><\/div><\/div><\/div><\/p>\n<div class=\"flex_column av_one_full  flex_column_div av-zero-column-padding first  parent \" style='border-radius:0px; '><section class=\"av_textblock_section\"  itemscope=\"itemscope\" itemtype=\"https:\/\/schema.org\/CreativeWork\" ><div class='avia_textblock vi-page-content'   itemprop=\"text\" ><p>Der Kurort ist ein luxuri\u00f6ses 4-Sterne-Hotel, das auch an die Bed\u00fcrfnisse der bewegungsbedingten Kunden angepasst ist.<\/p>\n<\/div><\/section><\/div><div class=\"flex_column av_one_full  flex_column_div av-zero-column-padding first  vi-image-block \" style='border-radius:0px; '><div class='avia-image-container  av-styling-   image avia-align-left '  itemscope=\"itemscope\" itemtype=\"https:\/\/schema.org\/ImageObject\"  ><div class='avia-image-container-inner'><a href='https:\/\/www.2slovenia.eu\/wp-content\/uploads\/2017\/09\/dvor.jpg' class='avia_image'  ><img class='avia_image ' src='https:\/\/www.2slovenia.eu\/wp-content\/uploads\/2017\/09\/dvor.jpg' alt='' title='dvor'  itemprop=\"thumbnailUrl\"  \/><\/a><\/div><\/div><\/div><\/p>\n<div style='height:60px' class='hr hr-invisible  '><span class='hr-inner ' ><span class='hr-inner-style'><\/span><\/span><\/div>\n<div class=\"flex_column av_one_full  flex_column_div av-zero-column-padding first  parent \" style='border-radius:0px; '><section class=\"av_textblock_section\"  itemscope=\"itemscope\" itemtype=\"https:\/\/schema.org\/CreativeWork\" ><div class='avia_textblock vi-page-content'   itemprop=\"text\" ><p><strong>Hotel Vitarium ****<\/strong><\/p>\n<p>Das Hotel Vitarium ist ein 4-Sterne-Hotel in \u0160marje\u0161ke Toplice. Das Hotel verf\u00fcgt \u00fcber ein modernes Spa &amp; Wellness Center mit einem umfangreichen Spa mit vielen therapeutischen Behandlungen.\u00a0Das heilende Thermalwasser eignet sich hervorragend f\u00fcr die Heilung unterschiedlicher gesundheitlicher Probleme.<\/p>\n<\/div><\/section><\/div><div class=\"flex_column av_one_full  flex_column_div av-zero-column-padding first  vi-image-block \" style='border-radius:0px; '><div class='avia-image-container  av-styling-   image avia-align-left '  itemscope=\"itemscope\" itemtype=\"https:\/\/schema.org\/ImageObject\"  ><div class='avia-image-container-inner'><a href='https:\/\/www.2slovenia.eu\/wp-content\/uploads\/2017\/09\/vitarium.jpg' class='avia_image'  ><img class='avia_image ' src='https:\/\/www.2slovenia.eu\/wp-content\/uploads\/2017\/09\/vitarium.jpg' alt='' title='vitarium'  itemprop=\"thumbnailUrl\"  \/><\/a><\/div><\/div><\/div><\/p>\n<div style='height:60px' class='hr hr-invisible  '><span class='hr-inner ' ><span class='hr-inner-style'><\/span><\/span><\/div>\n<div class=\"flex_column av_one_full  flex_column_div av-zero-column-padding first  parent \" style='border-radius:0px; '><section class=\"av_textblock_section\"  itemscope=\"itemscope\" itemtype=\"https:\/\/schema.org\/CreativeWork\" ><div class='avia_textblock vi-page-content'   itemprop=\"text\" ><p><strong>Hotel Balnea ****<\/strong><\/p>\n<p>Das Hotel Balnea Superior befindet sich in der wundersch\u00f6nen Umgebung von Dolenjske Toplice.\u00a0Das ganze Hotel ist in angenehmen Holz- und Glasmaterialien verziert, die eine entspannte Atmosph\u00e4re schaffen.\u00a0Es bietet hervorragende medizinische Rehabilitation und Wellnessdienstleistungen, mit ihrem heilenden Thermalwasser.<\/p>\n<\/div><\/section><\/div><div class=\"flex_column av_one_full  flex_column_div av-zero-column-padding first  vi-image-block \" style='border-radius:0px; '><div class='avia-image-container  av-styling-   image avia-align-left '  itemscope=\"itemscope\" itemtype=\"https:\/\/schema.org\/ImageObject\"  ><div class='avia-image-container-inner'><a href='https:\/\/www.2slovenia.eu\/wp-content\/uploads\/2017\/09\/balnea.jpg' class='avia_image'  ><img class='avia_image ' src='https:\/\/www.2slovenia.eu\/wp-content\/uploads\/2017\/09\/balnea.jpg' alt='' title='balnea'  itemprop=\"thumbnailUrl\"  \/><\/a><\/div><\/div><\/div><\/p>\n<div style='height:60px' class='hr hr-invisible  '><span class='hr-inner ' ><span class='hr-inner-style'><\/span><\/span><\/div>\n<div class=\"flex_column av_one_full  flex_column_div av-zero-column-padding first  parent \" style='border-radius:0px; '><section class=\"av_textblock_section\"  itemscope=\"itemscope\" itemtype=\"https:\/\/schema.org\/CreativeWork\" ><div class='avia_textblock vi-page-content'   itemprop=\"text\" ><p><strong>Terme Paradiso****<\/strong><\/p>\n<p>Terme Paradiso ist ein kleines, luxuri\u00f6ses 4-Sterne-Hotel in der Gemeinde Bre\u017eice.\u00a0Es bietet erstklassige Behandlung in der renovierten Spa-und Wellness-Center, Fitness-Center und Thermal Wasserpark mit Innen-und Au\u00dfenpools.<\/p>\n<\/div><\/section><\/div><div class=\"flex_column av_one_full  flex_column_div av-zero-column-padding first  vi-image-block \" style='border-radius:0px; '><div class='avia-image-container  av-styling-   image avia-align-left '  itemscope=\"itemscope\" itemtype=\"https:\/\/schema.org\/ImageObject\"  ><div class='avia-image-container-inner'><a href='https:\/\/www.2slovenia.eu\/wp-content\/uploads\/2017\/09\/paraiso.jpg' class='avia_image'  ><img class='avia_image ' src='https:\/\/www.2slovenia.eu\/wp-content\/uploads\/2017\/09\/paraiso.jpg' alt='' title='paraiso'  itemprop=\"thumbnailUrl\"  \/><\/a><\/div><\/div><\/div><\/p>\n","protected":false},"excerpt":{"rendered":"","protected":false},"author":1,"featured_media":0,"parent":1912,"menu_order":0,"comment_status":"closed","ping_status":"closed","template":"","meta":{"footnotes":""},"class_list":["post-1306","page","type-page","status-publish","hentry"],"_links":{"self":[{"href":"https:\/\/www.2slovenia.eu\/de\/wp-json\/wp\/v2\/pages\/1306","targetHints":{"allow":["GET"]}}],"collection":[{"href":"https:\/\/www.2slovenia.eu\/de\/wp-json\/wp\/v2\/pages"}],"about":[{"href":"https:\/\/www.2slovenia.eu\/de\/wp-json\/wp\/v2\/types\/page"}],"author":[{"embeddable":true,"href":"https:\/\/www.2slovenia.eu\/de\/wp-json\/wp\/v2\/users\/1"}],"replies":[{"embeddable":true,"href":"https:\/\/www.2slovenia.eu\/de\/wp-json\/wp\/v2\/comments?post=1306"}],"version-history":[{"count":3,"href":"https:\/\/www.2slovenia.eu\/de\/wp-json\/wp\/v2\/pages\/1306\/revisions"}],"predecessor-version":[{"id":2056,"href":"https:\/\/www.2slovenia.eu\/de\/wp-json\/wp\/v2\/pages\/1306\/revisions\/2056"}],"up":[{"embeddable":true,"href":"https:\/\/www.2slovenia.eu\/de\/wp-json\/wp\/v2\/pages\/1912"}],"wp:attachment":[{"href":"https:\/\/www.2slovenia.eu\/de\/wp-json\/wp\/v2\/media?parent=1306"}],"curies":[{"name":"wp","href":"https:\/\/api.w.org\/{rel}","templated":true}]}}