{"id":1318,"date":"2017-09-08T07:02:30","date_gmt":"2017-09-08T07:02:30","guid":{"rendered":"http:\/\/www.2slovenia.eu\/festivals-events\/"},"modified":"2017-09-26T07:35:48","modified_gmt":"2017-09-26T07:35:48","slug":"festivals-events","status":"publish","type":"page","link":"https:\/\/www.2slovenia.eu\/de\/lifestyle-in-slovenia\/festivals-events\/","title":{"rendered":"Festivals &#038; Veranstaltungen"},"content":{"rendered":"<div style='padding-bottom:10px;' class='av-special-heading av-special-heading-h2    heading-2'><h2 class='av-special-heading-tag'  itemprop=\"headline\"  >Festivals <span class='special_amp'>&amp;<\/span> Veranstaltungen<\/h2><div class='special-heading-border'><div class='special-heading-inner-border' ><\/div><\/div><\/div>\n<div class=\"flex_column av_one_full  flex_column_div av-zero-column-padding first  parent \" style='border-radius:0px; '><section class=\"av_textblock_section\"  itemscope=\"itemscope\" itemtype=\"https:\/\/schema.org\/CreativeWork\" ><div class='avia_textblock vi-page-content'   itemprop=\"text\" ><p>Wenn man \u00fcber Veranstaltungen und Festivals in verschiedenen Jahreszeiten spricht, kann Slowenien eine gro\u00dfe Vielfalt bieten.<\/p>\n<\/div><\/section><\/div>\n<div class=\"flex_column av_one_full  flex_column_div av-zero-column-padding first  parent \" style='border-radius:0px; '><section class=\"av_textblock_section\"  itemscope=\"itemscope\" itemtype=\"https:\/\/schema.org\/CreativeWork\" ><div class='avia_textblock vi-page-content'   itemprop=\"text\" ><h3 id=\"ljubljana\">Ljubljana<\/h3>\n<p>Musik und Theaterauff\u00fchrungen<\/p>\n<p>Die gr\u00fcnste Hauptstadt der Welt bietet viele Bars und Restaurants in der Altstadt, wo Sie Konzerte, gutes Essen und Getr\u00e4nke genie\u00dfen k\u00f6nnen, vor allem in lebendigen Sommern\u00e4chten. Es gibt viele verschiedene Veranstaltungen w\u00e4hrend des ganzen Jahres.<\/p>\n<p>Die meisten Konzerte sind in <strong>Kri\u017eanke<\/strong> und die gr\u00f6\u00dften im <strong>Sto\u017eice Stadium<\/strong> organisiert. Sie k\u00f6nnen Tickets auf dem Eventim Portal kaufen, wo fast alle Konzerte in Slowenien zu kaufen sind. Im Sommer gibt es das <strong>Festival Ljubljana<\/strong>, wo sich eine gro\u00dfe Anzahl von verschiedenen Darstellern pr\u00e4sentiert.<\/p>\n<p>Wenn Sie Liveauftritte m\u00f6gen, ist es am besten, die <strong>SNG-Oper<\/strong> zu besuchen und <strong>das Ljubljana-Drama<\/strong>, aber w\u00e4hlen Sie die Shows sorgf\u00e4ltig, da sie meist nur in slowenischer Sprache stattfinden. Einige haben auch Untertitel.<\/p>\n<p>Im Sommer gibt es <strong>traditionelle slowenische Abende<\/strong> (fast jeden Tag), die gro\u00dfartig sind, wenn man lokale Kultur, Musik und Essen erleben m\u00f6chte.<\/p>\n<p>WEITERE INFORMATIONEN UND N\u00dcTZLICHE LINKS<\/p>\n<ul>\n<li><em>Besuch Ljubljana (Url: <\/em><a href=\"http:\/\/www.visitljubljana.com\/en\/visitors\/events\/\"><em>visitljubljana.com\/en\/visitors\/events\/<\/em><\/a><em>).<\/em><\/li>\n<li><em>Ljubljana festival (Url: <\/em><a href=\"http:\/\/www.ljubljanafestival.si\/en\/\"><em>ljubljanafestival.si\/en\/<\/em><\/a><em>). <\/em><\/li>\n<li><em>SNG Oper und Balet Ljubljana (Url: <\/em><a href=\"http:\/\/www.opera.si\/en\/\"><em>opera.si\/en\/<\/em><\/a><em>).<\/em><\/li>\n<li><em>Drama (Url: <\/em><a href=\"http:\/\/www.en.drama.si\/\"><em>en.drama.si\/<\/em><\/a><em>).<\/em><\/li>\n<li><em>Eventim (Url:www.eventim.si\/en\/?).<\/em><\/li>\n<\/ul>\n<\/div><\/section><\/div>\n<div class=\"flex_column av_one_full  flex_column_div av-zero-column-padding first  parent \" style='border-radius:0px; '><section class=\"av_textblock_section\"  itemscope=\"itemscope\" itemtype=\"https:\/\/schema.org\/CreativeWork\" ><div class='avia_textblock vi-page-content'   itemprop=\"text\" ><p><strong>Sportliche Aktivit\u00e4ten<\/strong><\/p>\n<p>Ljubljana ist bekannt f\u00fcr seinen <strong>Ljubljana Marathon<\/strong>.\u00a0Bei diesem Marathon treffen sich Tausende Besucher j\u00e4hrlich.\u00a0Es gibt auch viele andere Sportm\u00f6glichkeiten innerhalb und au\u00dferhalb.\u00a0Sie k\u00f6nnen den H\u00fcgel namens <strong>Ro\u017enik<\/strong> in Ljubljana erreichen oder den 32,5 km langen <strong>Weg der Erinnerung und Kameradschaft<\/strong> (&#8222;Pot ob \u017dici&#8220;) um Ljubljana laufen.\u00a0Sie k\u00f6nnen auch zwischen vielen organisierten Sportaktivit\u00e4ten w\u00e4hlen (zB Schwimmen in Tivoli Park Pools, etc.).<\/p>\n<p>WEITERE INFORMATIONEN UND N\u00dcTZLICHE LINKS<\/p>\n<ul>\n<li><em>Ljubljana Marathon (Url: wvw-ljubljanskimaraton.si\/en\/). <\/em><\/li>\n<li><em>Pot ob <\/em><em>\u017e<\/em><em>ici (Url: <\/em><a href=\"http:\/\/www.pohod.si\/\"><em>http:\/\/www.pohod.si\/<\/em><\/a><em>). <\/em><\/li>\n<\/ul>\n<\/div><\/section><\/div>\n<div class=\"flex_column av_one_full  flex_column_div av-zero-column-padding first  parent \" style='border-radius:0px; '><section class=\"av_textblock_section\"  itemscope=\"itemscope\" itemtype=\"https:\/\/schema.org\/CreativeWork\" ><div class='avia_textblock vi-page-content'   itemprop=\"text\" ><p><strong>Messen, Festivals und M\u00e4rkte<\/strong><\/p>\n<p>Ljubljana bietet viele M\u00e4rkte w\u00e4hrend des ganzen Jahres an.\u00a0<strong>Der Lebensmittelmarkt<\/strong> ist fast jeden Tag ge\u00f6ffnet und bietet saisonale hausgemachte Nahrung an.\u00a0Jeden Freitag, von M\u00e4rz bis Oktober gibt es auch einen speziellen Lebensmittelmarkt &#8211; <strong>Offene K\u00fcche<\/strong>, wo sich slowenische Restaurants pr\u00e4sentieren und Speisen aus verschiedenen Teilen der Welt vorbereiten.<\/p>\n<p>In Ljubljana sind oft Ausstellungen und Messen organisiert.\u00a0Die meisten Messen finden in <strong>Gospodarsko Razstavi\u0161\u010de<\/strong> statt.<\/p>\n<\/div><\/section><\/div>\n<div class=\"flex_column av_one_full  flex_column_div av-zero-column-padding first  vi-image-block \" style='border-radius:0px; '><p><div class='avia-image-container  av-styling-   image avia-align-left '  itemscope=\"itemscope\" itemtype=\"https:\/\/schema.org\/ImageObject\"  ><div class='avia-image-container-inner'><a href='https:\/\/www.2slovenia.eu\/wp-content\/uploads\/2017\/09\/odprta.jpg' class='avia_image'  ><img class='avia_image ' src='https:\/\/www.2slovenia.eu\/wp-content\/uploads\/2017\/09\/odprta.jpg' alt='' title='odprta'  itemprop=\"thumbnailUrl\"  \/><\/a><\/div><\/div><br \/>\n<section class=\"av_textblock_section\"  itemscope=\"itemscope\" itemtype=\"https:\/\/schema.org\/CreativeWork\" ><div class='avia_textblock vi-image-caption av_inherit_color'  style='color:#9b9b9b; '  itemprop=\"text\" ><p style=\"text-align: center;\">Source: Depositphotos<\/p>\n<\/div><\/section><\/p><\/div>\n<div class=\"flex_column av_one_full  flex_column_div av-zero-column-padding first  parent \" style='border-radius:0px; '><section class=\"av_textblock_section\"  itemscope=\"itemscope\" itemtype=\"https:\/\/schema.org\/CreativeWork\" ><div class='avia_textblock vi-page-content'   itemprop=\"text\" ><p>WEITERE INFORMATIONEN UND N\u00dcTZLICHE LINKS<\/p>\n<ul>\n<li><em>Odprta kuhna (Url: <\/em><a href=\"http:\/\/www.odprtakuhna.si\/en\/\"><em>http:\/\/www.odprtakuhna.si\/en\/<\/em><\/a><em>). <\/em><\/li>\n<li><em>Gospodarsko razstavi\u0161\u010d<\/em><em>e (Url: <\/em><a href=\"http:\/\/www.ljubljanafair.com\/\"><em>http:\/\/www.ljubljanafair.com\/<\/em><\/a><em>).<\/em><\/li>\n<\/ul>\n<\/div><\/section><\/div>\n<div class=\"flex_column av_one_full  flex_column_div av-zero-column-padding first  parent \" style='border-radius:0px; '><section class=\"av_textblock_section\"  itemscope=\"itemscope\" itemtype=\"https:\/\/schema.org\/CreativeWork\" ><div class='avia_textblock vi-page-content'   itemprop=\"text\" ><h3 id=\"andere-staedte\">ANDERE ST\u00c4DTE<\/h3>\n<p><strong>Musik und Theaterauff\u00fchrungen<\/strong><\/p>\n<p>In Maribor, der zweitgr\u00f6\u00dften Stadt Sloweniens, werden Theaterauff\u00fchrungen am <strong>slowenischen Nationaltheater<\/strong> (Drama und Opernbalet) in <strong>Narodni dom Maribor<\/strong> aufgef\u00fchrt<\/p>\n<p>Wir m\u00fcssen <strong>Ptuj Karneval<\/strong> erw\u00e4hnen, das jedes Jahr im Februar organisiert wird.\u00a0Viele traditionelle Masken aus ganz Slowenien pr\u00e4sentieren sich, vor allem die beliebteste &#8222;Kurent&#8220; Maske, um das Ende des Winters zu feiern.<\/p>\n<p>WEITERE INFORMATIONEN UND N\u00dcTZLICHE LINKS<\/p>\n<ul>\n<li><em>SNG Maribor (Url: <\/em><a href=\"http:\/\/www.sng-mb.si\/en\/\"><em>http:\/\/www.sng-mb.si\/en\/<\/em><\/a><em>).<\/em><\/li>\n<li><em>Festival Lent (Url: <\/em><a href=\"http:\/\/www.festival-lent.si\/en\/\"><em>http:\/\/www.festival-lent.si\/en\/<\/em><\/a><em>).<\/em><\/li>\n<li><em>Ptuj Carneval (Url: <\/em><a href=\"http:\/\/en.kurentovanje.net\/\"><em>http:\/\/en.kurentovanje.net\/<\/em><\/a><em>).<\/em><\/li>\n<\/ul>\n<\/div><\/section><\/div><div class=\"flex_column av_one_full  flex_column_div av-zero-column-padding first  parent \" style='border-radius:0px; '><section class=\"av_textblock_section\"  itemscope=\"itemscope\" itemtype=\"https:\/\/schema.org\/CreativeWork\" ><div class='avia_textblock vi-page-content'   itemprop=\"text\" ><p><strong>Sportliche Aktivit\u00e4ten<\/strong><\/p>\n<p>Viele anerkannte internationale Sportveranstaltungen und eine reiche geographische Vielfalt bieten eine Reihe von M\u00f6glichkeiten der Erholung und auch der beruflichen Weiterbildung.\u00a0Slowenien verf\u00fcgt \u00fcber eine gut ausgebaute und ausgestattete Sportinfrastruktur, ein breites Angebot an sportlichen Aktivit\u00e4ten (f\u00fcr Einzelpersonen und Mannschaftssportarten) und zahlreiche Wanderwege durch Natur und St\u00e4dte.<\/p>\n<p>Slowenien organisiert auch gro\u00dfe Sportwettk\u00e4mpfe, wo Sie f\u00fcr Ihre Lieblingssportler jubeln k\u00f6nnen.\u00a0Zum Beispiel die weltbekannte <strong>Planica &#8211; FIS Ski Jumping World Cup<\/strong> und <strong>Golden Fox &#8211; FIS Ski Weltmeisterschaft f\u00fcr Frauen.<\/strong><\/p>\n<p>WEITERE INFORMATIONEN UND N\u00dcTZLICHE LINKS<\/p>\n<ul>\n<li><em>Drei Herzmarathon (Url: <\/em><a href=\"https:\/\/www.maraton-radenci.si\/en\"><em>https:\/\/www.maraton-radenci.si\/en<\/em><\/a><em>).<\/em><\/li>\n<li><em>Planica (Url: <\/em><a href=\"http:\/\/www.planica.si\/jumps\"><em>http:\/\/www.planica.si\/jumps<\/em><\/a><em>).<\/em><\/li>\n<li><em>Golden Fox (Url: <\/em><a href=\"http:\/\/www.goldenfox.org\/\"><em>http:\/\/www.goldenfox.org\/<\/em><\/a><em>).<\/em><\/li>\n<\/ul>\n<\/div><\/section><\/div><div class=\"flex_column av_one_full  flex_column_div av-zero-column-padding first  parent \" style='border-radius:0px; '><section class=\"av_textblock_section\"  itemscope=\"itemscope\" itemtype=\"https:\/\/schema.org\/CreativeWork\" ><div class='avia_textblock vi-page-content'   itemprop=\"text\" ><p><strong>Messen, Festivals und M\u00e4rkte<\/strong><\/p>\n<p>Rund um Slowenien gibt es ein paar Themenmessen und Festivals, zum Beispiel:<\/p>\n<ul>\n<li>Celje: Es gibt ein paar Messen, die das ganze Jahr organisiert werden.<\/li>\n<li>Gori\u0161ka Brda: <strong>Das Kirschfest<\/strong> (Juni).<\/li>\n<li>Kozjansko park \u2013 <strong>Kozjansko Apfelfestival<\/strong> (Oktober).<\/li>\n<li>Idrija: <strong>Idrija Lace Festival<\/strong> &#8211; Traditionelle slowenische Spitze (Juni).<\/li>\n<li>Koper: <strong>S\u00fc\u00dfes Istrien<\/strong> &#8211; Ein Fest der Desserts und S\u00fc\u00dfwaren (September).<\/li>\n<li>Bohinj: <strong>Kuhball <\/strong>(September).<\/li>\n<li>Murska Sobota: <strong>Sobo\u0161ki dnevi<\/strong> (Juni).<\/li>\n<li>Bela Krajina: <strong>Jurjevanje<\/strong> \u2013 Traditionelle slowenische Musik und Tanz (Juni).<\/li>\n<\/ul>\n<p>WEITERE INFORMATIONEN UND N\u00dcTZLICHE LINKS<\/p>\n<ul>\n<li><em>Celje Messe (Url: <\/em><a href=\"http:\/\/www.ce-sejem.si\/en\"><em>http:\/\/www.ce-sejem.si\/en<\/em><\/a><em>).<\/em><\/li>\n<li><em>Das Kirschfest ( Url: <\/em><a href=\"http:\/\/praznikcesenj.si\/\"><em>http:\/\/praznikcesenj.si\/<\/em><\/a><em>).<\/em><\/li>\n<li><em>Kozjansko Apfelfest (Url: <\/em><a href=\"http:\/\/kozjanski-park.si\/?page_id=1911&amp;lang=en\"><em>http:\/\/kozjanski-park.si\/?page_id=1911&amp;lang=en<\/em><\/a><em>).<\/em><\/li>\n<li><em>S\u00fc\u00dfes Istrien (Url <\/em><em>sladka-istra.si\/en\/<\/em><em>).<\/em><\/li>\n<li><em>Idrija Lace Festival (Url: <\/em><a href=\"http:\/\/www.festivalidrijskecipke.si\/en\"><em>festivalidrijskecipke.si\/en<\/em><\/a><em>).<\/em><\/li>\n<li><em>Sobo\u0161ki dnevi (Url: <\/em><a href=\"http:\/\/soboskidnevi.si\/\"><em>http:\/\/soboskidnevi.si\/<\/em><\/a><em>). <\/em><\/li>\n<\/ul>\n<\/div><\/section><\/div><\/p>\n","protected":false},"excerpt":{"rendered":"","protected":false},"author":1,"featured_media":0,"parent":1912,"menu_order":0,"comment_status":"closed","ping_status":"closed","template":"","meta":{"footnotes":""},"class_list":["post-1318","page","type-page","status-publish","hentry"],"_links":{"self":[{"href":"https:\/\/www.2slovenia.eu\/de\/wp-json\/wp\/v2\/pages\/1318","targetHints":{"allow":["GET"]}}],"collection":[{"href":"https:\/\/www.2slovenia.eu\/de\/wp-json\/wp\/v2\/pages"}],"about":[{"href":"https:\/\/www.2slovenia.eu\/de\/wp-json\/wp\/v2\/types\/page"}],"author":[{"embeddable":true,"href":"https:\/\/www.2slovenia.eu\/de\/wp-json\/wp\/v2\/users\/1"}],"replies":[{"embeddable":true,"href":"https:\/\/www.2slovenia.eu\/de\/wp-json\/wp\/v2\/comments?post=1318"}],"version-history":[{"count":4,"href":"https:\/\/www.2slovenia.eu\/de\/wp-json\/wp\/v2\/pages\/1318\/revisions"}],"predecessor-version":[{"id":2057,"href":"https:\/\/www.2slovenia.eu\/de\/wp-json\/wp\/v2\/pages\/1318\/revisions\/2057"}],"up":[{"embeddable":true,"href":"https:\/\/www.2slovenia.eu\/de\/wp-json\/wp\/v2\/pages\/1912"}],"wp:attachment":[{"href":"https:\/\/www.2slovenia.eu\/de\/wp-json\/wp\/v2\/media?parent=1318"}],"curies":[{"name":"wp","href":"https:\/\/api.w.org\/{rel}","templated":true}]}}