{"id":1333,"date":"2017-09-07T14:37:00","date_gmt":"2017-09-07T14:37:00","guid":{"rendered":"http:\/\/www.2slovenia.eu\/useful-links\/"},"modified":"2017-09-28T05:38:10","modified_gmt":"2017-09-28T05:38:10","slug":"useful-links","status":"publish","type":"page","link":"https:\/\/www.2slovenia.eu\/de\/lifestyle-in-slovenia\/useful-links\/","title":{"rendered":"N\u00fctzliche Links"},"content":{"rendered":"<div style='padding-bottom:10px;' class='av-special-heading av-special-heading-h2    heading-2'><h2 class='av-special-heading-tag'  itemprop=\"headline\"  >N\u00fctzliche Links<\/h2><div class='special-heading-border'><div class='special-heading-inner-border' ><\/div><\/div><\/div>\n<div class=\"flex_column av_one_full  flex_column_div av-zero-column-padding first  parent \" style='border-radius:0px; '><section class=\"av_textblock_section\"  itemscope=\"itemscope\" itemtype=\"https:\/\/schema.org\/CreativeWork\" ><div class='avia_textblock vi-page-content'   itemprop=\"text\" ><h3 id=\"hauptinstitutionen-fuer-auslaender\">Hauptinstitutionen f\u00fcr Ausl\u00e4nder<\/h3>\n<ul>\n<li style=\"font-weight: 400;\"><span style=\"font-weight: 400;\">Direktion f\u00fcr Wirtschaftsdiplomatie (Url: <\/span><a href=\"http:\/\/www.mzz.gov.si\"><span style=\"font-weight: 400;\">www.mzz.gov.si<\/span><\/a><span style=\"font-weight: 400;\">.) <\/span><\/li>\n<li style=\"font-weight: 400;\"><span style=\"font-weight: 400;\">E-Verwaltungsstelle &#8211; eUPRAVA (Url: <\/span><a href=\"https:\/\/e-uprava.gov.si\/en\"><span style=\"font-weight: 400;\">https:\/\/e-uprava.gov.si\/en<\/span><\/a><span style=\"font-weight: 400;\">). <\/span><\/li>\n<li style=\"font-weight: 400;\"><span style=\"font-weight: 400;\">Arbeitsvermittlung von Slowenien (Url: <\/span><a href=\"http:\/\/english.ess.gov.si\/\"><span style=\"font-weight: 400;\">http:\/\/english.ess.gov.si\/<\/span><\/a><span style=\"font-weight: 400;\">).<\/span><\/li>\n<li style=\"font-weight: 400;\"><span style=\"font-weight: 400;\">Slowenische Vertretung im Ausland &#8211; Ministerium f\u00fcr ausw\u00e4rtige Angelegenheiten (Url: <\/span><a href=\"http:\/\/www.mzz.gov.si\/en\/representation_abroad\"><span style=\"font-weight: 400;\">www.mzz.gov.si\/en\/representation_abroad<\/span><\/a><span style=\"font-weight: 400;\">).<\/span><\/li>\n<li style=\"font-weight: 400;\">Das Krankenversicherungsinstitut von Sloweniena (Url: <a href=\"http:\/\/www.zzzs.si\/indexeng.html\">http:\/\/www.zzzs.si\/indexeng.html<\/a>).<\/li>\n<\/ul>\n<\/div><\/section><\/div><div class=\"flex_column av_one_full  flex_column_div av-zero-column-padding first  parent \" style='border-radius:0px; '><section class=\"av_textblock_section\"  itemscope=\"itemscope\" itemtype=\"https:\/\/schema.org\/CreativeWork\" ><div class='avia_textblock vi-page-content'   itemprop=\"text\" ><h3 id=\"hauptstatistikinstitute\">Hauptstatistikinstitute<\/h3>\n<ul>\n<li style=\"font-weight: 400;\"><span style=\"font-weight: 400;\">Statistisches Amt &#8211; SURS (Url: <\/span><a href=\"http:\/\/www.stat.si\"><span style=\"font-weight: 400;\">www.stat.si<\/span><\/a><span style=\"font-weight: 400;\">).<\/span><\/li>\n<li style=\"font-weight: 400;\"><span style=\"font-weight: 400;\">Institut f\u00fcr Makro\u00f6konomische Analyse und Entwicklung UMAR (Url: <\/span><a href=\"http:\/\/www.umar.si\"><span style=\"font-weight: 400;\">www.umar.si<\/span><\/a><span style=\"font-weight: 400;\">). <\/span><\/li>\n<\/ul>\n<\/div><\/section><\/div><div class=\"flex_column av_one_full  flex_column_div av-zero-column-padding first  parent \" style='border-radius:0px; '><section class=\"av_textblock_section\"  itemscope=\"itemscope\" itemtype=\"https:\/\/schema.org\/CreativeWork\" ><div class='avia_textblock vi-page-content'   itemprop=\"text\" ><h3 id=\"finanzen\">Finanzen<\/h3>\n<ul>\n<li style=\"font-weight: 400;\"><span style=\"font-weight: 400;\">Bank von Slowenien (Url: <\/span><a href=\"http:\/\/www.bsi.si\"><span style=\"font-weight: 400;\">www.bsi.si<\/span><\/a><span style=\"font-weight: 400;\">).<\/span><\/li>\n<li style=\"font-weight: 400;\"><span style=\"font-weight: 400;\">Central Securities Clearing Corporation (Url: <\/span><a href=\"http:\/\/www.kdd.si\"><span style=\"font-weight: 400;\">www.kdd.si<\/span><\/a><span style=\"font-weight: 400;\">).<\/span><\/li>\n<li style=\"font-weight: 400;\"><span style=\"font-weight: 400;\">Finanzverwaltung (Url: <\/span><a href=\"http:\/\/www.fu.gov.si\"><span style=\"font-weight: 400;\">www.fu.gov.si<\/span><\/a><span style=\"font-weight: 400;\">)<\/span><\/li>\n<li style=\"font-weight: 400;\"><span style=\"font-weight: 400;\">B\u00f6rse von Ljubljana (Url: <\/span><a href=\"http:\/\/www.ljse.si\"><span style=\"font-weight: 400;\">www.ljse.si<\/span><\/a><span style=\"font-weight: 400;\">).<\/span><\/li>\n<li style=\"font-weight: 400;\"><span style=\"font-weight: 400;\">Das Finanzministerium (Url: <\/span><a href=\"http:\/\/www.mf.gov.si\"><span style=\"font-weight: 400;\">www.mf.gov.si<\/span><\/a><span style=\"font-weight: 400;\">)<\/span><\/li>\n<li style=\"font-weight: 400;\"><span style=\"font-weight: 400;\">Wertpapiermarktagentur (Url: <\/span><a href=\"http:\/\/www.atvp.si\"><span style=\"font-weight: 400;\">www.atvp.si<\/span><\/a><span style=\"font-weight: 400;\">).<\/span><\/li>\n<li style=\"font-weight: 400;\"><span style=\"font-weight: 400;\">SID bank Inc. (Url: <\/span><a href=\"http:\/\/www.sid.si\"><span style=\"font-weight: 400;\">www.sid.si<\/span><\/a><span style=\"font-weight: 400;\">). <\/span><\/li>\n<\/ul>\n<\/div><\/section><\/div><div class=\"flex_column av_one_full  flex_column_div av-zero-column-padding first  parent \" style='border-radius:0px; '><section class=\"av_textblock_section\"  itemscope=\"itemscope\" itemtype=\"https:\/\/schema.org\/CreativeWork\" ><div class='avia_textblock vi-page-content'   itemprop=\"text\" ><h3 id=\"geschaeft\">Gesch\u00e4ft<\/h3>\n<ul>\n<li style=\"font-weight: 400;\"><span style=\"font-weight: 400;\">Agentur f\u00fcr \u00f6ffentliche Rechtsanw\u00e4lte und zugeh\u00f6rige Dienstleistungen &#8211; AJPES (Url: <\/span><a href=\"http:\/\/www.ajpes.si\"><span style=\"font-weight: 400;\">www.ajpes.si<\/span><\/a><span style=\"font-weight: 400;\">). \u00a0\u00a0<\/span><\/li>\n<li style=\"font-weight: 400;\"><span style=\"font-weight: 400;\">Slowenien Business Point (Url: <\/span><a href=\"http:\/\/www.eugo.gov.si\"><span style=\"font-weight: 400;\">www.eugo.gov.si<\/span><\/a><span style=\"font-weight: 400;\">). \u00a0\u00a0\u00a0<\/span><\/li>\n<li style=\"font-weight: 400;\"><span style=\"font-weight: 400;\">Industrie- und Handelskammer Sloweniens (Url: <\/span><a href=\"http:\/\/www.gzs.si\"><span style=\"font-weight: 400;\">www.gzs.si<\/span><\/a><span style=\"font-weight: 400;\">).<\/span><\/li>\n<li style=\"font-weight: 400;\"><span style=\"font-weight: 400;\">Handwerkskammer und Kleinunternehmen Sloweniens (Url: <\/span><a href=\"http:\/\/www.ozs.si\"><span style=\"font-weight: 400;\">www.ozs.si<\/span><\/a><span style=\"font-weight: 400;\">).<\/span><\/li>\n<li style=\"font-weight: 400;\">Slowenisches Amt f\u00fcr geistiges Eigentum &#8211; SIPO (Url: <a href=\"http:\/\/www.uil-sipo.si\">www.uil-sipo.si<\/a>).<\/li>\n<\/ul>\n<\/div><\/section><\/div><div class=\"flex_column av_one_full  flex_column_div av-zero-column-padding first  parent \" style='border-radius:0px; '><section class=\"av_textblock_section\"  itemscope=\"itemscope\" itemtype=\"https:\/\/schema.org\/CreativeWork\" ><div class='avia_textblock vi-page-content'   itemprop=\"text\" ><h3 id=\"tourismus\">Tourismus<\/h3>\n<p><span style=\"font-weight: 400;\">Der offizielle Reisef\u00fchrer des slowenischen Tourismusverbandes (Url: <\/span><a href=\"http:\/\/www.slovenia.info\"><span style=\"font-weight: 400;\">www.slovenia.info<\/span><\/a><span style=\"font-weight: 400;\">).<\/span><\/p>\n<\/div><\/section><\/div><div class=\"flex_column av_one_full  flex_column_div av-zero-column-padding first  parent \" style='border-radius:0px; '><section class=\"av_textblock_section\"  itemscope=\"itemscope\" itemtype=\"https:\/\/schema.org\/CreativeWork\" ><div class='avia_textblock vi-page-content'   itemprop=\"text\" ><h3 id=\"andere\">Andere<\/h3>\n<ul>\n<li style=\"font-weight: 400;\"><span style=\"font-weight: 400;\">Menschenrechtsbeauftragter der Republik Slowenien (Url: <\/span><a href=\"http:\/\/www.varuh-rs.si\"><span style=\"font-weight: 400;\">www.varuh-rs.si<\/span><\/a><span style=\"font-weight: 400;\">). \u00a0\u00a0<\/span><\/li>\n<li style=\"font-weight: 400;\"><span style=\"font-weight: 400;\">Rechtsinformationssystem der Republik Slowenien (Url: <\/span><a href=\"http:\/\/www.pisrs.si\/Pis.web\/\"><span style=\"font-weight: 400;\">http:\/\/www.pisrs.si\/Pis.web\/<\/span><\/a><span style=\"font-weight: 400;\">). \u00a0\u00a0<\/span><\/li>\n<li style=\"font-weight: 400;\"><span style=\"font-weight: 400;\">Verkehrsinformationszentrum ( Url: <\/span><a href=\"http:\/\/www.promet.si\"><i><span style=\"font-weight: 400;\">http:\/\/www.promet.si<\/span><\/i><\/a><span style=\"font-weight: 400;\">). <\/span><\/li>\n<\/ul>\n<\/div><\/section><\/div><\/p>\n","protected":false},"excerpt":{"rendered":"","protected":false},"author":1,"featured_media":0,"parent":1912,"menu_order":0,"comment_status":"closed","ping_status":"closed","template":"","meta":{"footnotes":""},"class_list":["post-1333","page","type-page","status-publish","hentry"],"_links":{"self":[{"href":"https:\/\/www.2slovenia.eu\/de\/wp-json\/wp\/v2\/pages\/1333","targetHints":{"allow":["GET"]}}],"collection":[{"href":"https:\/\/www.2slovenia.eu\/de\/wp-json\/wp\/v2\/pages"}],"about":[{"href":"https:\/\/www.2slovenia.eu\/de\/wp-json\/wp\/v2\/types\/page"}],"author":[{"embeddable":true,"href":"https:\/\/www.2slovenia.eu\/de\/wp-json\/wp\/v2\/users\/1"}],"replies":[{"embeddable":true,"href":"https:\/\/www.2slovenia.eu\/de\/wp-json\/wp\/v2\/comments?post=1333"}],"version-history":[{"count":3,"href":"https:\/\/www.2slovenia.eu\/de\/wp-json\/wp\/v2\/pages\/1333\/revisions"}],"predecessor-version":[{"id":2060,"href":"https:\/\/www.2slovenia.eu\/de\/wp-json\/wp\/v2\/pages\/1333\/revisions\/2060"}],"up":[{"embeddable":true,"href":"https:\/\/www.2slovenia.eu\/de\/wp-json\/wp\/v2\/pages\/1912"}],"wp:attachment":[{"href":"https:\/\/www.2slovenia.eu\/de\/wp-json\/wp\/v2\/media?parent=1333"}],"curies":[{"name":"wp","href":"https:\/\/api.w.org\/{rel}","templated":true}]}}