{"id":1353,"date":"2017-09-04T08:30:49","date_gmt":"2017-09-04T08:30:49","guid":{"rendered":"http:\/\/www.2slovenia.eu\/investing-in-real-estate\/"},"modified":"2017-10-02T11:24:38","modified_gmt":"2017-10-02T11:24:38","slug":"investing-in-real-estate","status":"publish","type":"page","link":"https:\/\/www.2slovenia.eu\/de\/immobilien-in-slowenien\/investing-in-real-estate\/","title":{"rendered":"Immobilien in Slowenien"},"content":{"rendered":"<div style='padding-bottom:10px;' class='av-special-heading av-special-heading-h2    heading-2'><h2 class='av-special-heading-tag'  itemprop=\"headline\"  >Kauf einer Immobilie in Slowenien<\/h2><div class='special-heading-border'><div class='special-heading-inner-border' ><\/div><\/div><\/div>\n<div class=\"flex_column av_one_full  flex_column_div av-zero-column-padding first  parent \" style='border-radius:0px; '><section class=\"av_textblock_section\"  itemscope=\"itemscope\" itemtype=\"https:\/\/schema.org\/CreativeWork\" ><div class='avia_textblock vi-page-content'   itemprop=\"text\" ><h3 id=\"\"><\/h3>\n<p>Slowenien ist ein gr\u00fcnes, sicheres, geregeltes und attraktives Land f\u00fcr Investitionen in Immobilien, entweder f\u00fcr pers\u00f6nliche oder gesch\u00e4ftliche Zwecke.\u00a0Im Portal 2Slovenia bieten wir Ausl\u00e4ndern eine umfassende Palette von Rechts- und Immobiliendienstleistungen an, die sich auf Investitionen in Immobilien in Slowenien beziehen, sowie Beratung und Vertretung bei \u00f6ffentlichen Auktionen beim Kauf von Immobilien.\u00a0Wir haben eine Lizenz, um als Immobilienmakler mit versicherter Haftung zu dienen. Nummer 0088100909<\/p>\n<p>Ausl\u00e4nder und ausl\u00e4ndische Unternehmen mit verf\u00fcgbaren finanziellen Mitteln werden Rate angeboten:<\/p>\n<ul>\n<li>\u00fcber Direktinvestitionen in Slowenien,<\/li>\n<li>\u00fcber der Internationalisierung ihrer Gesch\u00e4ftst\u00e4tigkeit,<\/li>\n<li>um Aktien zu kaufen oder ganze Unternehmen zu erwerben.<\/li>\n<\/ul>\n<p>Wir bieten Ihnen kompetente Hilfe bei der Suche nach geeigneten Investitionen auch in Konkurskonflikten.<\/p>\n<p>Im Portal 2Slovenia sind die Investitionen mit der M\u00f6glichkeit verbunden, Zusch\u00fcsse aus der EU oder inl\u00e4ndischen nationalen Fonds zu erhalten. Wir finden eine geeignete \u00f6ffentliche Ausschreibung, bereiten die erforderlichen Unterlagen vor und bieten Ihnen die Finanzierung f\u00fcr Ihr Projekt.<\/p>\n<p>F\u00fcr weitere Informationen besuchen Sie bitte das Portal 2slovenia, wo wir die richtige Investition f\u00fcr Sie finden werden. Schreiben Sie an 2portal oder rufen Sie uns an unter +386 (0) 1 422 88 77.422 88 77.<\/p>\n<\/div><\/section><\/div>\n<div class=\"flex_column av_one_full  flex_column_div av-zero-column-padding first  parent \" style='border-radius:0px; '><section class=\"av_textblock_section\"  itemscope=\"itemscope\" itemtype=\"https:\/\/schema.org\/CreativeWork\" ><div class='avia_textblock vi-page-content'   itemprop=\"text\" ><p class=\"Body\">Slowenien ist ein kleines und abwechslungsreiches Land, aber hat immer noch viele Immobilien und Grundst\u00fccke zum Verkauf.<\/p>\n<p class=\"Body\">Wenn Sie einer von denen sind, die ein Haus oder eine Wohnung kaufen m\u00f6chten, um in einem sicheren Land zu leben, ist Slowenien der richtige Ort f\u00fcr Sie.<\/p>\n<\/div><\/section><\/div>\n<div class=\"flex_column av_one_full  flex_column_div av-zero-column-padding first  parent \" style='border-radius:0px; '><section class=\"av_textblock_section\"  itemscope=\"itemscope\" itemtype=\"https:\/\/schema.org\/CreativeWork\" ><div class='avia_textblock vi-page-content'   itemprop=\"text\" ><p class=\"Body\">Ausl\u00e4nder konnten seit Februar 2003 eine Immobilie Slowenien kaufen, auf Gegenseitigkeit.<\/p>\n<\/div><\/section><br \/>\n<div style='padding-bottom:10px;color:#4392e8;' class='av-special-heading av-special-heading-h6 custom-color-heading   see-more'><h6 class='av-special-heading-tag'  itemprop=\"headline\"  >+ Lesen Sie mehr<\/h6><div class='special-heading-border'><div class='special-heading-inner-border' style='border-color:#4392e8'><\/div><\/div><\/div><br \/>\n<section class=\"av_textblock_section\"  itemscope=\"itemscope\" itemtype=\"https:\/\/schema.org\/CreativeWork\" ><div class='avia_textblock vi-second-paragraph'   itemprop=\"text\" ><p>Dies bedeutet, wenn ein slowenischer Staatsb\u00fcrger in einem bestimmten fremden Land Immobilien (Haus, Wohnung, Grundst\u00fcck, Eigentum usw.) kaufen kann, kann ein B\u00fcrger dieses Landes auch in Slowenien Immobilien kaufen, wenn sie zum Verkauf stehen.<\/p>\n<p>Eine wirkliche wichtige Bestimmung \u00fcber den Kauf von Immobilien ist, dass Unternehmen, die von Ausl\u00e4ndern in Slowenien gegr\u00fcndet oder gekauft wurden, die gleichen Eigentumsrechte haben wie die von slowenischen Staatsangeh\u00f6rigen gegr\u00fcndeten Unternehmen.<\/p>\n<p>Ausl\u00e4nder, die Unternehmen in Slowenien gr\u00fcnden, k\u00f6nnen daher in Slowenien ohne Einschr\u00e4nkung ein Haus \/ Appartement kaufen.<\/p>\n<p>Aber diese Regel gilt nicht f\u00fcr ausl\u00e4ndische Personen.<\/p>\n<p>Hier variiert die Erlaubnis, eine Immobilie in Slowenien zu erwerben, je nachdem, welche Staatsangeh\u00f6rigkeit der K\u00e4ufer ist, der eine Immobilie in Slowenien kaufen m\u00f6chte:<\/p>\n<ul>\n<li>Die Mitglieder der EU d\u00fcrfen unter den gleichen Bedingungen wie die slowenischen Staatsb\u00fcrger Eigentum erwerben.<\/li>\n<li>Island, Liechtenstein und Norwegen erhielten das Recht, Grundst\u00fccke ohne Einschr\u00e4nkungen im Rahmen des Europ\u00e4ischen Wirtschaftsraums zu erwerben<\/li>\n<li>US-B\u00fcrger k\u00f6nnen ohne Einschr\u00e4nkungen aufgrund des Vertrags \u00fcber Handel und Navigation kaufen<\/li>\n<li>B\u00fcrger der Schweiz k\u00f6nnen Immobilien nur dann erwerben, wenn die K\u00e4ufer eine g\u00fcltige Erlaubnis C oder eine endg\u00fcltige Erf\u00fcllungsgenehmigung besitzen.<\/li>\n<li>Die EU-Beitrittskandidaten k\u00f6nnen dem Justizministerium einen Antrag stellen, um die Erlaubnis zum Erwerb von Eigentum in Slowenien zu beantragen.<\/li>\n<li>Andere L\u00e4nder k\u00f6nnen in Slowenien nur dann Eigentum erwerben, wenn sie ein in Slowenien registriertes Gesch\u00e4ft haben, die slowenische Staatsb\u00fcrgerschaft durch eine Ehe erlangt oder durch Erbschaft Verm\u00f6gensgegenst\u00e4nde erlangt, sofern die Voraussetzung der Gegenseitigkeit erf\u00fcllt ist.<\/li>\n<\/ul>\n<p>Die einfachste Option f\u00fcr einen Ausl\u00e4nder, eine Immobilie in Slowenien zu kaufen, ist, ein Unternehmen zu registrieren. Wir als One-Stop-Shop k\u00f6nnen Sie kostenlos registrieren und bieten Ihnen alle Supportservices f\u00fcr die Gesch\u00e4ftst\u00e4tigkeit in Slowenien und EU! Slowenien ist sch\u00f6nes, sicheres und gesch\u00e4ftsfreundliches Land zum Leben und Arbeiten.<\/p>\n<p>Wir k\u00f6nnen Ihnen auch helfen, geeignete Immobilie, Wohnung oder Haus zu finden, um zu kaufen oder zu mieten.<\/p>\n<\/div><\/section><br \/>\n<div style='padding-bottom:10px;color:#4392e8;' class='av-special-heading av-special-heading-h6 custom-color-heading   see-less'><h6 class='av-special-heading-tag'  itemprop=\"headline\"  >&#8211; Lesen Sie weniger<\/h6><div class='special-heading-border'><div class='special-heading-inner-border' style='border-color:#4392e8'><\/div><\/div><\/div><\/p><\/div><div class=\"flex_column av_one_full  flex_column_div av-zero-column-padding first  parent \" style='border-radius:0px; '><\/div><\/p>\n<section class=\"av_textblock_section\"  itemscope=\"itemscope\" itemtype=\"https:\/\/schema.org\/CreativeWork\" ><div class='avia_textblock vi-page-content'   itemprop=\"text\" ><\/div><\/section>\n","protected":false},"excerpt":{"rendered":"","protected":false},"author":1,"featured_media":0,"parent":1925,"menu_order":0,"comment_status":"closed","ping_status":"closed","template":"","meta":{"footnotes":""},"class_list":["post-1353","page","type-page","status-publish","hentry"],"_links":{"self":[{"href":"https:\/\/www.2slovenia.eu\/de\/wp-json\/wp\/v2\/pages\/1353","targetHints":{"allow":["GET"]}}],"collection":[{"href":"https:\/\/www.2slovenia.eu\/de\/wp-json\/wp\/v2\/pages"}],"about":[{"href":"https:\/\/www.2slovenia.eu\/de\/wp-json\/wp\/v2\/types\/page"}],"author":[{"embeddable":true,"href":"https:\/\/www.2slovenia.eu\/de\/wp-json\/wp\/v2\/users\/1"}],"replies":[{"embeddable":true,"href":"https:\/\/www.2slovenia.eu\/de\/wp-json\/wp\/v2\/comments?post=1353"}],"version-history":[{"count":5,"href":"https:\/\/www.2slovenia.eu\/de\/wp-json\/wp\/v2\/pages\/1353\/revisions"}],"predecessor-version":[{"id":2063,"href":"https:\/\/www.2slovenia.eu\/de\/wp-json\/wp\/v2\/pages\/1353\/revisions\/2063"}],"up":[{"embeddable":true,"href":"https:\/\/www.2slovenia.eu\/de\/wp-json\/wp\/v2\/pages\/1925"}],"wp:attachment":[{"href":"https:\/\/www.2slovenia.eu\/de\/wp-json\/wp\/v2\/media?parent=1353"}],"curies":[{"name":"wp","href":"https:\/\/api.w.org\/{rel}","templated":true}]}}