{"id":1362,"date":"2017-09-10T14:27:46","date_gmt":"2017-09-10T14:27:46","guid":{"rendered":"http:\/\/www.2slovenia.eu\/international-education-in-slovenia\/"},"modified":"2017-10-02T11:31:14","modified_gmt":"2017-10-02T11:31:14","slug":"international-education-in-slovenia","status":"publish","type":"page","link":"https:\/\/www.2slovenia.eu\/de\/you-and-your-family\/international-education-in-slovenia\/","title":{"rendered":"Internationale Bildung in Slowenien"},"content":{"rendered":"<div style='padding-bottom:10px;' class='av-special-heading av-special-heading-h2    heading-2'><h2 class='av-special-heading-tag'  itemprop=\"headline\"  >Internationale Bildung in Slowenien<\/h2><div class='special-heading-border'><div class='special-heading-inner-border' ><\/div><\/div><\/div>\n<section class=\"av_textblock_section\"  itemscope=\"itemscope\" itemtype=\"https:\/\/schema.org\/CreativeWork\" ><div class='avia_textblock vi-page-content'   itemprop=\"text\" ><p>Es gibt ein paar Schulen (meist privat), die internationale Ausbildungsprogramme f\u00fcr ausl\u00e4ndische Kinder (in Fremdsprachen) zur Verf\u00fcgung stellen. Diese Programme sind international anerkannt und zertifiziert, was bedeutet, dass Sch\u00fcler \/ Studenten im Ausland weiter schulen k\u00f6nnen und ihre Ausbildung noch anerkannt wird.<\/p>\n<\/div><\/section>\n<div class=\"flex_column av_one_full  flex_column_div av-zero-column-padding first  parent \" style='border-radius:0px; '><p><div style='padding-bottom:10px;color:#4392e8;' class='av-special-heading av-special-heading-h6 custom-color-heading   see-more'><h6 class='av-special-heading-tag'  itemprop=\"headline\"  >+ Lesen Sie mehr<\/h6><div class='special-heading-border'><div class='special-heading-inner-border' style='border-color:#4392e8'><\/div><\/div><\/div><br \/>\n<section class=\"av_textblock_section\"  itemscope=\"itemscope\" itemtype=\"https:\/\/schema.org\/CreativeWork\" ><div class='avia_textblock vi-second-paragraph'   itemprop=\"text\" ><p><strong>Grund- und Sekundarschulprogramm<\/strong><\/p>\n<p>Internationale Grund- und Sekundarschulprogramme f\u00fcr Kinder ausl\u00e4ndischer Staatsangeh\u00f6riger sind an folgenden Schulen m\u00f6glich:<\/p>\n<ul>\n<li><strong>Danila Kumar International School in Ljubljana (IB Weltschule)<\/strong> &#8211; eine staatliche Schule, die internationale Kindergarten-, Grund- und Sekundarschulprogramm anbietet.<\/li>\n<li><strong>QSI International School of Ljubljana (American International School)<\/strong> &#8211; eine private, gemeinn\u00fctzige Institution.<\/li>\n<li><strong>\u00c9cole fran\u00e7aise in Ljubljana<\/strong> &#8211; eine Privatschule, die das gleiche Programm wie die franz\u00f6sischen Grundschulen bietet.\u00a0Lektionen werden in franz\u00f6sischer Sprache ausgeliefert.<\/li>\n<li><strong>British International School of Ljubljana<\/strong> &#8211; eine private Schule mit Vorschul-, Primar- und Sekundarschulprogramm. Lektionen werden in englischer Sprache f\u00fcr Kinder im Alter von 3 bis 15 Jahren ausgeliefert.<\/li>\n<\/ul>\n<p>Internationale Bakkalaureatprogramme unter dem IBO-System, wo Englisch die Hauptsprache ist, sind m\u00f6glich bei:<\/p>\n<ul>\n<li><strong>Internationale Schule Gimnazija Be\u017eigrad in Ljubljana (IB Weltschule): <\/strong>Es bietet verschiedene Programme wie MYP F\u00fcnf-Jahres-Programm f\u00fcr Sch\u00fcler im Alter von 11-16 Jahren, IB zweij\u00e4hriges Diplomprogramm f\u00fcr Studenten 16 bis 19 Jahre. Lektionen werden in englischer Sprache ausgeliefert.<\/li>\n<li><strong>II. Gimnasium Maribor in Maribor (IB Weltschule):<\/strong> Es bietet verschiedene Programme, wie das Nationale Gymnasiumprogramm (vierj\u00e4hriges Programm) und internationales Bakkalaureatdiplom (zweij\u00e4hriges Programm).<\/li>\n<li><strong>Gimnasium Kranj (IB Weltschule):<\/strong> Es wird ein IB Diplomprogramm (zweij\u00e4hriges Programm) angeboten.<\/li>\n<\/ul>\n<\/div><\/section><br \/>\n<div style='padding-bottom:10px;color:#4392e8;' class='av-special-heading av-special-heading-h6 custom-color-heading   see-less'><h6 class='av-special-heading-tag'  itemprop=\"headline\"  >&#8211; Lesen Sie weniger<\/h6><div class='special-heading-border'><div class='special-heading-inner-border' style='border-color:#4392e8'><\/div><\/div><\/div><\/p><\/div>\n","protected":false},"excerpt":{"rendered":"","protected":false},"author":1,"featured_media":0,"parent":1934,"menu_order":0,"comment_status":"closed","ping_status":"closed","template":"","meta":{"footnotes":""},"class_list":["post-1362","page","type-page","status-publish","hentry"],"_links":{"self":[{"href":"https:\/\/www.2slovenia.eu\/de\/wp-json\/wp\/v2\/pages\/1362","targetHints":{"allow":["GET"]}}],"collection":[{"href":"https:\/\/www.2slovenia.eu\/de\/wp-json\/wp\/v2\/pages"}],"about":[{"href":"https:\/\/www.2slovenia.eu\/de\/wp-json\/wp\/v2\/types\/page"}],"author":[{"embeddable":true,"href":"https:\/\/www.2slovenia.eu\/de\/wp-json\/wp\/v2\/users\/1"}],"replies":[{"embeddable":true,"href":"https:\/\/www.2slovenia.eu\/de\/wp-json\/wp\/v2\/comments?post=1362"}],"version-history":[{"count":4,"href":"https:\/\/www.2slovenia.eu\/de\/wp-json\/wp\/v2\/pages\/1362\/revisions"}],"predecessor-version":[{"id":2075,"href":"https:\/\/www.2slovenia.eu\/de\/wp-json\/wp\/v2\/pages\/1362\/revisions\/2075"}],"up":[{"embeddable":true,"href":"https:\/\/www.2slovenia.eu\/de\/wp-json\/wp\/v2\/pages\/1934"}],"wp:attachment":[{"href":"https:\/\/www.2slovenia.eu\/de\/wp-json\/wp\/v2\/media?parent=1362"}],"curies":[{"name":"wp","href":"https:\/\/api.w.org\/{rel}","templated":true}]}}