{"id":1368,"date":"2017-09-10T14:37:38","date_gmt":"2017-09-10T14:37:38","guid":{"rendered":"http:\/\/www.2slovenia.eu\/banks-bank-account-for-foreigners\/"},"modified":"2017-10-02T11:28:25","modified_gmt":"2017-10-02T11:28:25","slug":"banks-bank-account-for-foreigners","status":"publish","type":"page","link":"https:\/\/www.2slovenia.eu\/de\/you-and-your-family\/banks-bank-account-for-foreigners\/","title":{"rendered":"Banken &#038; Bankkonto f\u00fcr Ausl\u00e4nder"},"content":{"rendered":"<div style='padding-bottom:10px;' class='av-special-heading av-special-heading-h2    heading-2'><h2 class='av-special-heading-tag'  itemprop=\"headline\"  >Banken <span class='special_amp'>&amp;<\/span> Bankkonto f\u00fcr Ausl\u00e4nder<\/h2><div class='special-heading-border'><div class='special-heading-inner-border' ><\/div><\/div><\/div>\n<section class=\"av_textblock_section\"  itemscope=\"itemscope\" itemtype=\"https:\/\/schema.org\/CreativeWork\" ><div class='avia_textblock vi-page-content'   itemprop=\"text\" ><h3 id=\"geschaefts-bank-konto\">GESCH\u00c4FTS BANK KONTO<\/h3>\n<p>Gesch\u00e4ftskonto muss vor der Registrierung des Unternehmens er\u00f6ffnet werden. Es ist nicht notwendig, dass das Unternehmen in Slowenien einen Gesch\u00e4ftskonto hat. F\u00fcr bereits registrierte Unternehmen ist das Verfahren in der Regel nicht kompliziert.<\/p>\n<p><em>*F\u00fcr weitere Informationen \u00fcber die Registrierung eines Unternehmens lesen Abschnitt: Verfahren zur Er\u00f6ffnung eines Unternehmens oder einer Zweigniederlassung<\/em><\/p>\n<\/div><\/section>\n<div class=\"flex_column av_one_full  flex_column_div av-zero-column-padding first  parent \" style='border-radius:0px; '><p><div style='padding-bottom:10px;color:#4392e8;' class='av-special-heading av-special-heading-h6 custom-color-heading   see-more'><h6 class='av-special-heading-tag'  itemprop=\"headline\"  >+ Lesen Sie mehr<\/h6><div class='special-heading-border'><div class='special-heading-inner-border' style='border-color:#4392e8'><\/div><\/div><\/div><br \/>\n<section class=\"av_textblock_section\"  itemscope=\"itemscope\" itemtype=\"https:\/\/schema.org\/CreativeWork\" ><div class='avia_textblock vi-second-paragraph'   itemprop=\"text\" ><p><strong>Vor Firmenanmeldung<\/strong><\/p>\n<p>Es ist notwendig, Folgendes zu arrangieren:<\/p>\n<ul>\n<li>Reisepass,<\/li>\n<li>Memorandum f\u00fcr die Er\u00f6ffnung eines Unternehmens durch die Registrierungsstelle, eine Kopie aus dem Firmenbuch,<\/li>\n<li>Steueridentifikationsnummer,<\/li>\n<li>gef\u00fcllte Bankformen,<\/li>\n<li>hinterlegtes Aktienkapital,<\/li>\n<li>ausgef\u00fclltes Formular f\u00fcr den Erhalt von elektronischer Bank und E-Zertifikat,<\/li>\n<li>Sie m\u00fcssen einen Geldautomaten und \/ oder eine Kreditkarte bestellen &#8211; 1 Woche Zeit.<\/li>\n<\/ul>\n<p>ZEITRAHMEN<\/p>\n<p>1 Stunde.<\/p>\n<p>DOKUMENTATION ERHALTEN<\/p>\n<ul>\n<li>Erhalt der Anfangskapitalzahlung.<\/li>\n<\/ul>\n<p><strong>Nach Firmenanmeldung<\/strong><\/p>\n<p>Es ist n\u00f6tig:<\/p>\n<ul>\n<li>die Formulare zu unterschreiben, um das Gesch\u00e4ftskonto zu aktivieren,<\/li>\n<li>Bankkarten-Bestellformulare auszuf\u00fcllen (wird an die Firmenadresse geschickt) &#8211; es dauert eine Woche, um sie zu erhalten,<\/li>\n<li>die Anmeldeformulare f\u00fcr Ihren Buchhalter auszuf\u00fcllen (falls zutreffend).<\/li>\n<\/ul>\n<p>Die Aktivit\u00e4ten h\u00e4ngen von der Bank ab, wo Sie das Konto er\u00f6ffnet haben.<\/p>\n<p>DOKUMENTATION BEN\u00d6TIGT<\/p>\n<ul>\n<li>Auszug aus elektronischem Zertifikat (mit einem Token erhalten).<\/li>\n<\/ul>\n<p><strong>F\u00fcr registrierte Unternehmen<\/strong><\/p>\n<p>AKTIVIT\u00c4TEN:<\/p>\n<ul>\n<li>Bankformulare ausf\u00fcllen,<\/li>\n<li>das Formular f\u00fcr den Erhalt der elektronischen Bank ausf\u00fcllen,<\/li>\n<li>Einreichung der Formulare zur Bestellung von Bankkarten (kann an die Firmenadresse geschickt werden) &#8211; es dauert eine Woche, um sie zu erhalten.<\/li>\n<\/ul>\n<p>Die Aktivit\u00e4ten h\u00e4ngen von der Bank ab, wo Sie das Konto er\u00f6ffnet haben.<\/p>\n<\/div><\/section><br \/>\n<div style='padding-bottom:10px;color:#4392e8;' class='av-special-heading av-special-heading-h6 custom-color-heading   see-less'><h6 class='av-special-heading-tag'  itemprop=\"headline\"  >&#8211; See Lesen Sie weniger<\/h6><div class='special-heading-border'><div class='special-heading-inner-border' style='border-color:#4392e8'><\/div><\/div><\/div><\/p><\/div><div class=\"flex_column av_one_full  flex_column_div av-zero-column-padding first  parent \" style='border-radius:0px; '><section class=\"av_textblock_section\"  itemscope=\"itemscope\" itemtype=\"https:\/\/schema.org\/CreativeWork\" ><div class='avia_textblock vi-page-content'   itemprop=\"text\" ><h3 id=\"bankkonto-fuer-individuelle\">BANKKONTO F\u00dcR INDIVIDUELLE<\/h3>\n<p>Ausl\u00e4ndische Staatsangeh\u00f6rige ohne st\u00e4ndigen Wohnsitz in Slowenien k\u00f6nnen bei den meisten Banken in Slowenien ein pers\u00f6nliches Bankkonto f\u00fcr Nichtans\u00e4ssige er\u00f6ffnen. Sie brauchen:<\/p>\n<ul>\n<li>eine g\u00fcltige pers\u00f6nliche ID (Personalausweis oder Reisepass),<\/li>\n<li>Slowenische Steueridentifikationsnummer,<\/li>\n<li>Steueridentifikationsnummer des Landes Ihres st\u00e4ndigen Wohnsitzes.<\/li>\n<\/ul>\n<\/div><\/section><br \/>\n<div style='padding-bottom:10px;color:#4392e8;' class='av-special-heading av-special-heading-h6 custom-color-heading   see-more'><h6 class='av-special-heading-tag'  itemprop=\"headline\"  >+ Lesen Sie mehr<\/h6><div class='special-heading-border'><div class='special-heading-inner-border' style='border-color:#4392e8'><\/div><\/div><\/div><br \/>\n<section class=\"av_textblock_section\"  itemscope=\"itemscope\" itemtype=\"https:\/\/schema.org\/CreativeWork\" ><div class='avia_textblock vi-second-paragraph'   itemprop=\"text\" ><p>WO ZU BEWERBEN<\/p>\n<p>Einzelpersonen k\u00f6nnen bei jeder Bank- oder Bankfiliale in Slowenien ein Konto er\u00f6ffnen (wenn sie f\u00fcr Nichtans\u00e4ssige Abrechnungen zur Verf\u00fcgung stellen).<\/p>\n<p>ZEITRAHMEN<\/p>\n<p>1 Stunde.<\/p>\n<p>GEB\u00dcHREN<\/p>\n<p>Sie h\u00e4ngen von der Bank ab.<\/p>\n<\/div><\/section><br \/>\n<div style='padding-bottom:10px;color:#4392e8;' class='av-special-heading av-special-heading-h6 custom-color-heading   see-less'><h6 class='av-special-heading-tag'  itemprop=\"headline\"  >&#8211; Lesen Sie weniger<\/h6><div class='special-heading-border'><div class='special-heading-inner-border' style='border-color:#4392e8'><\/div><\/div><\/div><\/p><\/div><div class=\"flex_column av_one_full  flex_column_div av-zero-column-padding first  parent \" style='border-radius:0px; '><section class=\"av_textblock_section\"  itemscope=\"itemscope\" itemtype=\"https:\/\/schema.org\/CreativeWork\" ><div class='avia_textblock vi-page-content'   itemprop=\"text\" ><h3 id=\"banksystem-in-slowenien\">BANKSYSTEM IN SLOWENIEN<\/h3>\n<p>Es gibt 20 operative Banken in Slowenien, die Finanzdienstleistungen im Rahmen der Genehmigung durch die nationale Bank &#8211; Bank von Slowenien zur Verf\u00fcgung stellen.<\/p>\n<\/div><\/section><br \/>\n<div style='padding-bottom:10px;color:#4392e8;' class='av-special-heading av-special-heading-h6 custom-color-heading   see-more'><h6 class='av-special-heading-tag'  itemprop=\"headline\"  >+ Lesen Sie mehr<\/h6><div class='special-heading-border'><div class='special-heading-inner-border' style='border-color:#4392e8'><\/div><\/div><\/div><br \/>\n<section class=\"av_textblock_section\"  itemscope=\"itemscope\" itemtype=\"https:\/\/schema.org\/CreativeWork\" ><div class='avia_textblock vi-second-paragraph'   itemprop=\"text\" ><p>BANKEN IN SLOWENIEN<\/p>\n<ul>\n<li><strong>Gesch\u00e4ftsbanken in Slowenien:<\/strong> Abanka, Addiko, Banka Koper, Banka Sparkasse, De\u017eelna banka Slovenije, Gorenjska banka, KBS banka, Nova kreditna banka Maribor (NKBM), Nova Ljubljanska banka (NLB), Sberbank banka, SKB banka, SID Banka &#8211; Slowenische Export- und Entwicklungsbank, UniCredit Banka Slovenija.<\/li>\n<li><strong>Sparkassen in Slowenien:<\/strong> Delavska hranilnica, Hranilnica LON, Primorska Hranilnica Vipava.<\/li>\n<li><strong>Zweigniederlassungen ausl\u00e4ndischer Kreditinstitute in Slowenien:<\/strong> BKS Bank AG, Br\u00fcll Kallmus Bank AG, RCI Banque Societe Anonyme.<\/li>\n<\/ul>\n<p>Die gr\u00f6\u00dfte slowenische Bank ist die Nova Ljubljanska banka (NLB), im Besitz der Republik Slowenien (Mehrheitsgesellschafterin). Die zweitgr\u00f6\u00dfte slowenische Bank ist die Nova Kreditna banka Maribor (NKBM).<\/p>\n<p>ZAHLUNGSKARTEN<\/p>\n<p>Nicht-Barzahlung mit Kredit- oder Debitkarten ist \u00fcberall \u00fcber POS-Terminals m\u00f6glich. In Slowenien akzeptierte Zahlungskarten sind MasterCard, Maestro, Visa, Visa Electron, American Express, Amex, Diners, lokale Karten Activa und Karanta und andere (je nach Firmenvertrag).<\/p>\n<\/div><\/section><br \/>\n<div style='padding-bottom:10px;color:#4392e8;' class='av-special-heading av-special-heading-h6 custom-color-heading   see-less'><h6 class='av-special-heading-tag'  itemprop=\"headline\"  >&#8211; Lesen Sie weniger<\/h6><div class='special-heading-border'><div class='special-heading-inner-border' style='border-color:#4392e8'><\/div><\/div><\/div><\/p><\/div><\/p>\n","protected":false},"excerpt":{"rendered":"","protected":false},"author":1,"featured_media":0,"parent":1934,"menu_order":0,"comment_status":"closed","ping_status":"closed","template":"","meta":{"footnotes":""},"class_list":["post-1368","page","type-page","status-publish","hentry"],"_links":{"self":[{"href":"https:\/\/www.2slovenia.eu\/de\/wp-json\/wp\/v2\/pages\/1368","targetHints":{"allow":["GET"]}}],"collection":[{"href":"https:\/\/www.2slovenia.eu\/de\/wp-json\/wp\/v2\/pages"}],"about":[{"href":"https:\/\/www.2slovenia.eu\/de\/wp-json\/wp\/v2\/types\/page"}],"author":[{"embeddable":true,"href":"https:\/\/www.2slovenia.eu\/de\/wp-json\/wp\/v2\/users\/1"}],"replies":[{"embeddable":true,"href":"https:\/\/www.2slovenia.eu\/de\/wp-json\/wp\/v2\/comments?post=1368"}],"version-history":[{"count":8,"href":"https:\/\/www.2slovenia.eu\/de\/wp-json\/wp\/v2\/pages\/1368\/revisions"}],"predecessor-version":[{"id":2071,"href":"https:\/\/www.2slovenia.eu\/de\/wp-json\/wp\/v2\/pages\/1368\/revisions\/2071"}],"up":[{"embeddable":true,"href":"https:\/\/www.2slovenia.eu\/de\/wp-json\/wp\/v2\/pages\/1934"}],"wp:attachment":[{"href":"https:\/\/www.2slovenia.eu\/de\/wp-json\/wp\/v2\/media?parent=1368"}],"curies":[{"name":"wp","href":"https:\/\/api.w.org\/{rel}","templated":true}]}}