{"id":1377,"date":"2017-09-10T14:57:20","date_gmt":"2017-09-10T14:57:20","guid":{"rendered":"http:\/\/www.2slovenia.eu\/register-a-business-car\/"},"modified":"2017-10-02T11:32:41","modified_gmt":"2017-10-02T11:32:41","slug":"register-a-business-car","status":"publish","type":"page","link":"https:\/\/www.2slovenia.eu\/de\/you-and-your-family\/register-a-business-car\/","title":{"rendered":"Registrieren Sie ein Businessauto"},"content":{"rendered":"<div style='padding-bottom:10px;' class='av-special-heading av-special-heading-h2    heading-2'><h2 class='av-special-heading-tag'  itemprop=\"headline\"  >Registrieren Sie ein Businessauto<\/h2><div class='special-heading-border'><div class='special-heading-inner-border' ><\/div><\/div><\/div>\n<div class=\"flex_column av_one_full  flex_column_div av-zero-column-padding first  parent \" style='border-radius:0px; '><section class=\"av_textblock_section\"  itemscope=\"itemscope\" itemtype=\"https:\/\/schema.org\/CreativeWork\" ><div class='avia_textblock vi-page-content'   itemprop=\"text\" ><p>Steuerliche und finanzielle Aspekte m\u00fcssen ber\u00fccksichtigt werden, wenn ein Unternehmer ein Auto f\u00fcr gesch\u00e4ftliche Zwecke kaufen m\u00f6chte. Der Unternehmer hat zwei M\u00f6glichkeiten: ein Auto als nat\u00fcrliche Person oder \u00fcber das Unternehmen zu kaufen.<\/p>\n<\/div><\/section><\/div>\n<div class=\"flex_column av_one_full  flex_column_div av-zero-column-padding first  parent \" style='border-radius:0px; '><section class=\"av_textblock_section\"  itemscope=\"itemscope\" itemtype=\"https:\/\/schema.org\/CreativeWork\" ><div class='avia_textblock vi-page-content'   itemprop=\"text\" ><h3 id=\"kauf-eines-autos-als-eine-natuerliche-person\">Kauf eines Autos als eine nat\u00fcrliche Person<\/h3>\n<p>Einzelpersonen, die ein privates Auto f\u00fcr gesch\u00e4ftliche Zwecke nutzen, k\u00f6nnen die Geb\u00fchren f\u00fcr die Fahrzeugmeilenzahl in H\u00f6he von 0,37 EUR pro Kilometer entsch\u00e4digen. Alle anderen Kfz-Kosten sind auf Kosten der nat\u00fcrlichen Person.<\/p>\n<p>Um die Meilenzahlsteuer abzugsf\u00e4hig zu sein, m\u00fcssen alle Reisekosten ordnungsgem\u00e4\u00df dokumentiert und nachweisbar sein. Dies erfordert einen <strong>ordnungsgem\u00e4\u00df erf\u00fcllten Reiseauftrag<\/strong> mit relevanten Nachweisen (Rechnungen, Parkkarten, Besprechungseinladungen usw.).<\/p>\n<\/div><\/section><\/div>\n<div class=\"flex_column av_one_full  flex_column_div av-zero-column-padding first  parent \" style='border-radius:0px; '><section class=\"av_textblock_section\"  itemscope=\"itemscope\" itemtype=\"https:\/\/schema.org\/CreativeWork\" ><div class='avia_textblock vi-page-content'   itemprop=\"text\" ><h3 id=\"kaufen-sie-ein-auto-ueber-das-unternehmen\">Kaufen Sie ein Auto \u00fcber das Unternehmen<\/h3>\n<p>Wenn Einzelpersonen ein Auto \u00fcber die Firma kaufen, ist das Auto im Besitz des Unternehmens.\u00a0Infolgedessen sind<strong> alle Kfz-Kosten die Kosten des Unternehmens<\/strong>.\u00a0Kfz-Kosten, wie Treibstoffkosten, Amortisation (20%), Versicherung, Verleih, etc. werden als Steuerabzug anerkannt.\u00a0Die Kosten f\u00fcr den Kauf eines Autos sind daher nicht steuerlich abzugsf\u00e4hig, au\u00dfer f\u00fcr Unternehmen, in denen Fahrzeuge zur Durchf\u00fchrung ihrer Gesch\u00e4ftst\u00e4tigkeit notwendig sind.<\/p>\n<\/div><\/section><br \/>\n<div style='padding-bottom:10px;color:#4392e8;' class='av-special-heading av-special-heading-h6 custom-color-heading   see-more'><h6 class='av-special-heading-tag'  itemprop=\"headline\"  >+ Lesen Sie mehr<\/h6><div class='special-heading-border'><div class='special-heading-inner-border' style='border-color:#4392e8'><\/div><\/div><\/div><br \/>\n<section class=\"av_textblock_section\"  itemscope=\"itemscope\" itemtype=\"https:\/\/schema.org\/CreativeWork\" ><div class='avia_textblock vi-second-paragraph'   itemprop=\"text\" ><p>Wenn Mitarbeiter des Unternehmens das Business-Auto f\u00fcr private Zwecke nutzen, wird dies als <strong>Auto-Bonus<\/strong> ber\u00fccksichtigt.\u00a0Von diesen Pr\u00e4mien, (im Einklang mit Einkommensteuergesetz) ist es notwendig, Steuern zu zahlen.\u00a0Bei der Verwendung eines Firmenwagens f\u00fcr private Zwecke gibt es eine Bonit\u00e4t im Zusammenhang mit dem Arbeitsverh\u00e4ltnis.\u00a0Diese Bonit\u00e4t ist in der Steuerbemessungsgrundlage des pers\u00f6nlichen Einkommens enthalten.<\/p>\n<\/div><\/section><br \/>\n<div style='padding-bottom:10px;color:#4392e8;' class='av-special-heading av-special-heading-h6 custom-color-heading   see-less'><h6 class='av-special-heading-tag'  itemprop=\"headline\"  >&#8211; Lesen Sie weniger<\/h6><div class='special-heading-border'><div class='special-heading-inner-border' style='border-color:#4392e8'><\/div><\/div><\/div><\/p><\/div><div class=\"flex_column av_one_full  flex_column_div av-zero-column-padding first  parent \" style='border-radius:0px; '><section class=\"av_textblock_section\"  itemscope=\"itemscope\" itemtype=\"https:\/\/schema.org\/CreativeWork\" ><div class='avia_textblock vi-page-content'   itemprop=\"text\" ><h3 id=\"internationaler-fuehrerschein\">INTERNATIONALER F\u00fchrerschein<\/h3>\n<p>Die Inhaber eines g\u00fcltigen F\u00fchrerscheins, der von der Beh\u00f6rde eines ausl\u00e4ndischen, <strong>nicht EU-Landes<\/strong> ausgegeben wird, k\u00f6nnen in Slowenien f\u00fcr die Dauer von einem Jahr ab dem Datum der Eintragung Ihres Wohnsitzes in Slowenien dieselben Kategorien von Kraftfahrzeugen in Slowenien ausf\u00fchren.<\/p>\n<\/div><\/section><br \/>\n<div style='padding-bottom:10px;color:#4392e8;' class='av-special-heading av-special-heading-h6 custom-color-heading   see-more'><h6 class='av-special-heading-tag'  itemprop=\"headline\"  >+ Lesen Sie mehr<\/h6><div class='special-heading-border'><div class='special-heading-inner-border' style='border-color:#4392e8'><\/div><\/div><\/div><br \/>\n<section class=\"av_textblock_section\"  itemscope=\"itemscope\" itemtype=\"https:\/\/schema.org\/CreativeWork\" ><div class='avia_textblock vi-second-paragraph'   itemprop=\"text\" ><p>Nach 6 Monaten ist ein Antrag auf Ersetzung des g\u00fcltigen ausl\u00e4ndischen F\u00fchrerscheins f\u00fcr den slowenischen F\u00fchrerschein einzureichen (Fahrpr\u00fcfungstest und medizinische Pr\u00fcfung muss auch in Slowenien bestanden werden).<\/p>\n<p>F\u00fcr Inhaber von F\u00fchrerscheinen, die in den <strong>EU-Mitgliedsstaaten<\/strong>, Liechtenstein, Norwegen oder Island ausgestellt werden, ist keine zeitliche Begrenzung festgelegt und es ist keine Theoriepr\u00fcfung erforderlich, um ihren ausl\u00e4ndischen F\u00fchrerschein f\u00fcr den slowenischen F\u00fchrerschein zu ersetzen.<\/p>\n<\/div><\/section><br \/>\n<div style='padding-bottom:10px;color:#4392e8;' class='av-special-heading av-special-heading-h6 custom-color-heading   see-less'><h6 class='av-special-heading-tag'  itemprop=\"headline\"  >&#8211; Lesen Sie weniger<\/h6><div class='special-heading-border'><div class='special-heading-inner-border' style='border-color:#4392e8'><\/div><\/div><\/div><\/p><\/div><div class=\"flex_column av_one_full  flex_column_div av-zero-column-padding first  parent \" style='border-radius:0px; '><section class=\"av_textblock_section\"  itemscope=\"itemscope\" itemtype=\"https:\/\/schema.org\/CreativeWork\" ><div class='avia_textblock vi-page-content'   itemprop=\"text\" ><p><strong>VERFAHREN<\/strong><\/p>\n<p>DOKUMENTATION BEN\u00d6TIGT<\/p>\n<p>Neben dem Antrag auf Ersetzung des F\u00fchrerscheins m\u00fcssen folgende Unterlagen vorgelegt werden:<\/p>\n<ul>\n<li>Originaler F\u00fchrerschein,<\/li>\n<li>g\u00fcltiges \u00e4rztliches Attest<\/li>\n<li>eine 35 x 45mm Fotografie,<\/li>\n<li>ein Nachweis der Bearbeitungsgeb\u00fchr (EUR 11,79) und des F\u00fchrerscheines (EUR 3,27),<\/li>\n<li>Nachweis des Wohnsitzes des Einzelnen im Ausstellungsland f\u00fcr mindestens sechs Monate vor dem Erwerb des urspr\u00fcnglichen F\u00fchrerscheins dort.<\/li>\n<\/ul>\n<\/div><\/section><\/div><\/p>\n<div class=\"flex_column av_one_full  flex_column_div av-zero-column-padding first  parent \" style='border-radius:0px; '><\/div>\n<section class=\"av_textblock_section\"  itemscope=\"itemscope\" itemtype=\"https:\/\/schema.org\/CreativeWork\" ><div class='avia_textblock vi-page-content'   itemprop=\"text\" ><\/div><\/section>\n","protected":false},"excerpt":{"rendered":"","protected":false},"author":1,"featured_media":0,"parent":1934,"menu_order":0,"comment_status":"closed","ping_status":"closed","template":"","meta":{"footnotes":""},"class_list":["post-1377","page","type-page","status-publish","hentry"],"_links":{"self":[{"href":"https:\/\/www.2slovenia.eu\/de\/wp-json\/wp\/v2\/pages\/1377","targetHints":{"allow":["GET"]}}],"collection":[{"href":"https:\/\/www.2slovenia.eu\/de\/wp-json\/wp\/v2\/pages"}],"about":[{"href":"https:\/\/www.2slovenia.eu\/de\/wp-json\/wp\/v2\/types\/page"}],"author":[{"embeddable":true,"href":"https:\/\/www.2slovenia.eu\/de\/wp-json\/wp\/v2\/users\/1"}],"replies":[{"embeddable":true,"href":"https:\/\/www.2slovenia.eu\/de\/wp-json\/wp\/v2\/comments?post=1377"}],"version-history":[{"count":4,"href":"https:\/\/www.2slovenia.eu\/de\/wp-json\/wp\/v2\/pages\/1377\/revisions"}],"predecessor-version":[{"id":2077,"href":"https:\/\/www.2slovenia.eu\/de\/wp-json\/wp\/v2\/pages\/1377\/revisions\/2077"}],"up":[{"embeddable":true,"href":"https:\/\/www.2slovenia.eu\/de\/wp-json\/wp\/v2\/pages\/1934"}],"wp:attachment":[{"href":"https:\/\/www.2slovenia.eu\/de\/wp-json\/wp\/v2\/media?parent=1377"}],"curies":[{"name":"wp","href":"https:\/\/api.w.org\/{rel}","templated":true}]}}