{"id":1382,"date":"2017-09-10T15:05:19","date_gmt":"2017-09-10T15:05:19","guid":{"rendered":"http:\/\/www.2slovenia.eu\/driving-licence-car-registration-in-slovenia\/"},"modified":"2017-10-02T11:30:24","modified_gmt":"2017-10-02T11:30:24","slug":"driving-licence-car-registration-in-slovenia","status":"publish","type":"page","link":"https:\/\/www.2slovenia.eu\/de\/you-and-your-family\/driving-licence-car-registration-in-slovenia\/","title":{"rendered":"F\u00fchrerschein und Autoregistrierung in Slowenien"},"content":{"rendered":"<div style='padding-bottom:10px;' class='av-special-heading av-special-heading-h2    heading-2'><h2 class='av-special-heading-tag'  itemprop=\"headline\"  >F\u00fchrerschein und Autoregistrierung in Slowenien<\/h2><div class='special-heading-border'><div class='special-heading-inner-border' ><\/div><\/div><\/div>\n<div class=\"flex_column av_one_full  flex_column_div av-zero-column-padding first  parent \" style='border-radius:0px; '><section class=\"av_textblock_section\"  itemscope=\"itemscope\" itemtype=\"https:\/\/schema.org\/CreativeWork\" ><div class='avia_textblock vi-page-content'   itemprop=\"text\" ><p>Ausl\u00e4nder, die in Slowenien wohnen, die ein Auto f\u00fcr mehr als sechs Monate fahren, sind verpflichtet, das Auto mit den \u00f6rtlichen Beh\u00f6rden zu registrieren und die Steuerpflicht zu bezahlen.<\/p>\n<\/div><\/section><\/div>\n<div class=\"flex_column av_one_full  flex_column_div av-zero-column-padding first  parent \" style='border-radius:0px; '><section class=\"av_textblock_section\"  itemscope=\"itemscope\" itemtype=\"https:\/\/schema.org\/CreativeWork\" ><div class='avia_textblock vi-page-content'   itemprop=\"text\" ><h3 id=\"kfz-zulassung\">KFZ-ZULASSUNG<\/h3>\n<p>VERFAHREN<\/p>\n<p>DOKUMENTATION BEN\u00d6TIGT<\/p>\n<p>Unterlagen, die f\u00fcr die Registrierung eingereicht werden m\u00fcssen, sind:<\/p>\n<ul>\n<li>Nachweis der Fahrweise des Fahrzeugs (nicht \u00e4lter als 30 Tage), mit Ausnahme von Fahrzeugen, die nicht gesetzlich zul\u00e4ssig sind,<\/li>\n<li>Nachweis der Kraftfahrzeughaftpflichtversicherung,<\/li>\n<li>Nachweis der bezahlten ACT (j\u00e4hrliche Zirkulationssteuer \/ Stra\u00dfenverkehrssicherheitssteuer),<\/li>\n<li>Dokumente, die nach den einschl\u00e4gigen Vorschriften (Steuern, Zollgeb\u00fchren usw.) erforderlich sind,<\/li>\n<li>Nachweis der Zahlung von Tarifen und anderen Geb\u00fchren,<\/li>\n<li>Personalausweis oder Reisepass,<\/li>\n<li>F\u00fchrerschein des Fahrzeugnutzers (falls die Daten nicht aus amtlichen Aufzeichnungen erhoben werden k\u00f6nnen).<\/li>\n<\/ul>\n<\/div><\/section><br \/>\n<div style='padding-bottom:10px;color:#4392e8;' class='av-special-heading av-special-heading-h6 custom-color-heading   see-more'><h6 class='av-special-heading-tag'  itemprop=\"headline\"  >+ Lesen Sie mehr<\/h6><div class='special-heading-border'><div class='special-heading-inner-border' style='border-color:#4392e8'><\/div><\/div><\/div><br \/>\n<section class=\"av_textblock_section\"  itemscope=\"itemscope\" itemtype=\"https:\/\/schema.org\/CreativeWork\" ><div class='avia_textblock vi-second-paragraph'   itemprop=\"text\" ><p>Weitere Unterlagen sind:<\/p>\n<ul>\n<li><strong>F\u00fcr Neufahrzeuge:<\/strong> Nachweis des Eigentums des Fahrzeugs.<\/li>\n<li><strong>F\u00fcr gebrauchte Fahrzeuge:<\/strong> letzte slowenische Kfz-Zulassungsdokumente und Eigentumsnachweis seit der letzten Fahrzeugregistrierung.<\/li>\n<li><strong>F\u00fcr Fahrzeuge, die im Ausland gekauft wurden:<\/strong> letzte ausl\u00e4ndische Fahrzeugregistrierungsdokumente, Fahrzeugbesitzbescheinigung, ein Dokument, das den Ursprung bestimmter Komponenten des ge\u00e4nderten Fahrzeugs zeigt, wenn sich die Fahrzeugdaten von denen unterscheiden, die auf dem Fahrzeugregistrierungsdokument aufgrund dieser \u00c4nderungen ge\u00e4ndert wurden.<\/li>\n<li><strong>F\u00fcr die vor\u00fcbergehende Registrierung eines Fahrzeugs:<\/strong> letzte Fahrzeugregistrierungsdokumente, Nachweis des Eigentums \u00e4ndert sich seit der letzten Fahrzeugregistrierung, ein Dokument, das den Ursprung bestimmter Komponenten des ge\u00e4nderten Fahrzeugs zeigt, wenn sich die Fahrzeugdaten von denen unterscheiden, die auf dem Fahrzeugregistrierungsschreiben f\u00e4llig sind zu diesen \u00c4nderungen.<\/li>\n<\/ul>\n<p>DOKUMENTATION ERHALTEN<\/p>\n<p>Die Fahrzeugregistrierung beinhaltet:<\/p>\n<ul>\n<li>Zulassungsbescheinigung (f\u00fcr die Zeit der G\u00fcltigkeit der technischen Pr\u00fcfung und Zahlung aller gesetzlichen Verpflichtungen),<\/li>\n<li>Kennzeichen mit einer vorgeschriebenen Nummer (als Teil der Kennung, die zum Besitzer des Fahrzeugs geh\u00f6rt).<\/li>\n<\/ul>\n<p>WO ZU BEWERBEN<\/p>\n<p>Ein Fahrzeug kann in jeder Verwaltungseinheit in Slowenien registriert werden, Organisationen, die Fahrsicherheitstests f\u00fcr Kraftfahrzeuge oder Unternehmen und Privatunternehmer, die Kraftfahrzeuge oder Anh\u00e4nger verkaufen, anbieten.<\/p>\n<p>GEB\u00dcHREN<\/p>\n<p>Registrierungsinformationen Kosten f\u00fcr ein Auto mit (maximal) 5 Sitze sind ca. 135,61 EUR.<\/p>\n<p>Die obligatorische Versicherung muss auch gezahlt werden.<\/p>\n<\/div><\/section><br \/>\n<div style='padding-bottom:10px;color:#4392e8;' class='av-special-heading av-special-heading-h6 custom-color-heading   see-less'><h6 class='av-special-heading-tag'  itemprop=\"headline\"  >&#8211; Lesen Sie weniger<\/h6><div class='special-heading-border'><div class='special-heading-inner-border' style='border-color:#4392e8'><\/div><\/div><\/div><\/p><\/div><div class=\"flex_column av_one_full  flex_column_div av-zero-column-padding first  vi-image-block \" style='border-radius:0px; '><div class='avia-data-table-wrap avia_scrollable_table'><table class='avia-table avia-data-table avia-table-1  vi-table avia_pricing_default'  itemscope=\"itemscope\" itemtype=\"https:\/\/schema.org\/Table\" ><tbody><tr class='avia-heading-row'><th class=''>Bedienung<\/th><th class=''>Preis<\/th><\/tr><tr class=''><td class=''>Technische Pr\u00fcfung<\/td><td class=''>33.96 EUR<\/td><\/tr><tr class=''><td class=''>J\u00e4hrliche Pflicht<\/td><td class=''>62.00 EUR<\/td><\/tr><tr class=''><td class=''>Verfahren<\/td><td class=''>39.65 EUR<\/td><\/tr><tr class=''><td class=''>Gesamt<\/td><td class=''>135.61 EUR<\/td><\/tr><\/tbody><\/table><\/div><\/div><\/p>\n<div class=\"flex_column av_one_full  flex_column_div av-zero-column-padding first  parent \" style='border-radius:0px; '><section class=\"av_textblock_section\"  itemscope=\"itemscope\" itemtype=\"https:\/\/schema.org\/CreativeWork\" ><div class='avia_textblock vi-page-content'   itemprop=\"text\" ><h3 id=\"internationale-fahrlizenz\">internationale FAHRLIZENZ<\/h3>\n<p>Die Inhaber eines g\u00fcltigen F\u00fchrerscheins, der von der Beh\u00f6rde eines ausl\u00e4ndischen Staates ausgestellt wird, k\u00f6nnen die gleichen Kategorien von Kraftfahrzeugen in Slowenien f\u00fcr ein Jahr ab dem Datum der Eintragung in Slowenien fahren.<\/p>\n<\/div><\/section><br \/>\n<div style='padding-bottom:10px;color:#4392e8;' class='av-special-heading av-special-heading-h6 custom-color-heading   see-more'><h6 class='av-special-heading-tag'  itemprop=\"headline\"  >+ Lesen Sie mehr<\/h6><div class='special-heading-border'><div class='special-heading-inner-border' style='border-color:#4392e8'><\/div><\/div><\/div><br \/>\n<section class=\"av_textblock_section\"  itemscope=\"itemscope\" itemtype=\"https:\/\/schema.org\/CreativeWork\" ><div class='avia_textblock vi-second-paragraph'   itemprop=\"text\" ><p>Nach 6 Monaten kann ein Antrag auf Ersetzung des g\u00fcltigen ausl\u00e4ndischen F\u00fchrerscheins f\u00fcr einen slowenischen F\u00fchrerschein eingereicht werden (auch Fahrpr\u00fcfungstheorie in Slowenien und medizinische Pr\u00fcfung m\u00fcssen bestanden werden).<\/p>\n<p>Inhaber von F\u00fchrerscheinen, die in den EU-Mitgliedsstaaten, Liechtenstein, Norwegen oder Island ausgestellt wurden, haben keine zeitliche Begrenzung und es ist keine Theoriepr\u00fcfung erforderlich, um ihren ausl\u00e4ndischen F\u00fchrerschein f\u00fcr den slowenischen F\u00fchrerschein zu ersetzen.<\/p>\n<p>VERFAHREN<\/p>\n<p>DOKUMENTATION BEN\u00d6TIGT<\/p>\n<p>Neben dem Antrag auf Ersetzung des F\u00fchrerscheins m\u00fcssen folgende Unterlagen vorgelegt werden:<\/p>\n<ul>\n<li>Originaler F\u00fchrerschein,<\/li>\n<li>g\u00fcltiges \u00e4rztliches Attest,<\/li>\n<li>ein 35 x 45mm Foto,<\/li>\n<li>Nachweis der Verwaltungsgeb\u00fchr (EUR 11,79) und F\u00fchrerschein (EUR 3.27) Zahlung,<\/li>\n<li>Nachweis des Wohnsitzes im Ausstellungsland f\u00fcr mindestens sechs Monate vor dem Erwerb seines urspr\u00fcnglichen F\u00fchrerscheins dort.<\/li>\n<\/ul>\n<\/div><\/section><br \/>\n<div style='padding-bottom:10px;color:#4392e8;' class='av-special-heading av-special-heading-h6 custom-color-heading   see-less'><h6 class='av-special-heading-tag'  itemprop=\"headline\"  >&#8211; Lesen Sie weniger<\/h6><div class='special-heading-border'><div class='special-heading-inner-border' style='border-color:#4392e8'><\/div><\/div><\/div><\/p><\/div><div class=\"flex_column av_one_full  flex_column_div av-zero-column-padding first  parent \" style='border-radius:0px; '><section class=\"av_textblock_section\"  itemscope=\"itemscope\" itemtype=\"https:\/\/schema.org\/CreativeWork\" ><div class='avia_textblock vi-page-content'   itemprop=\"text\" ><h3 id=\"zusaetzliches-trainingsprogramm\">Zus\u00e4tzliches Trainingsprogramm<\/h3>\n<\/div><\/section><br \/>\n<div style='padding-bottom:10px;color:#4392e8;' class='av-special-heading av-special-heading-h6 custom-color-heading   see-more'><h6 class='av-special-heading-tag'  itemprop=\"headline\"  >+ Lesen Sie mehr<\/h6><div class='special-heading-border'><div class='special-heading-inner-border' style='border-color:#4392e8'><\/div><\/div><\/div><br \/>\n<section class=\"av_textblock_section\"  itemscope=\"itemscope\" itemtype=\"https:\/\/schema.org\/CreativeWork\" ><div class='avia_textblock vi-second-paragraph'   itemprop=\"text\" ><p>Einzelpersonen, die einen slowenischen F\u00fchrerschein auf der Grundlage eines g\u00fcltigen ausl\u00e4ndischen F\u00fchrerscheins f\u00fcr die Kategorien A2, A oder B vor weniger als einem Jahr erworben haben, m\u00fcssen an einer zus\u00e4tzlichen Ausbildung teilnehmen (au\u00dfer wenn eine Person ein \u00e4hnliches Programm in dem Land, das ihr ausgestellt hat,abgeschlossen hat.<\/p>\n<p>WO ZU BEWERBEN<\/p>\n<p>Der Antrag auf Ersetzung eines F\u00fchrerscheins kann bei einer Verwaltungseinheit eingereicht werden.<\/p>\n<p>Praktische Fahrpr\u00fcfung kann an jeder \u00f6rtlichen Fahrschule durchgef\u00fchrt werden.<\/p>\n<\/div><\/section><br \/>\n<div style='padding-bottom:10px;color:#4392e8;' class='av-special-heading av-special-heading-h6 custom-color-heading   see-less'><h6 class='av-special-heading-tag'  itemprop=\"headline\"  >&#8211; Lesen Sie weniger<\/h6><div class='special-heading-border'><div class='special-heading-inner-border' style='border-color:#4392e8'><\/div><\/div><\/div><\/p><\/div><div class=\"flex_column av_one_full  flex_column_div av-zero-column-padding first  parent \" style='border-radius:0px; '><section class=\"av_textblock_section\"  itemscope=\"itemscope\" itemtype=\"https:\/\/schema.org\/CreativeWork\" ><div class='avia_textblock vi-page-content'   itemprop=\"text\" ><h3 id=\"autoversicherung\">AUTOVERSICHERUNG<\/h3>\n<p>Die slowenische Haftpflichtversicherung ist f\u00fcr alle Fahrzeuge obligatorisch. Die Jahresgeb\u00fchr f\u00fcr diese Versicherung basiert auf der Kraft des Fahrzeugmotors, gemessen in Kilowatt.<\/p>\n<p>EU-B\u00fcrger k\u00f6nnen ihr Auto in jedem Land der Europ\u00e4ischen Union versichern. Die Versicherung gilt in der gesamten EU.<\/p>\n<\/div><\/section><\/div><\/p>\n<div class=\"flex_column av_one_full  flex_column_div av-zero-column-padding first  parent \" style='border-radius:0px; '><section class=\"av_textblock_section\"  itemscope=\"itemscope\" itemtype=\"https:\/\/schema.org\/CreativeWork\" ><div class='avia_textblock vi-page-content'   itemprop=\"text\" ><h3 id=\"grundlegende-strassenregeln\">GRUNDLEGENDE STRASSENREGELN<\/h3>\n<p>Wichtige Grundregeln in Slowenien:<\/p>\n<p><strong>&#8211; Geschwindigkeitsbegrenzungen <\/strong>f\u00fcr verschiedene Arten von Stra\u00dfen:<\/p>\n<ul>\n<li>130km\/h \u2013 auf Autobahnen<\/li>\n<li>110km\/h \u2013 auf Stra\u00dfen f\u00fcr Kraftfahrzeuge reserviert<\/li>\n<li>90km\/h \u2013 auf allen anderen Stra\u00dfen<\/li>\n<li>50km\/h \u2013 auf Stadt- \/ Dorfstra\u00dfen<\/li>\n<\/ul>\n<\/div><\/section><br \/>\n<div style='padding-bottom:10px;color:#4392e8;' class='av-special-heading av-special-heading-h6 custom-color-heading   see-more'><h6 class='av-special-heading-tag'  itemprop=\"headline\"  >+ Lesen Sie mehr<\/h6><div class='special-heading-border'><div class='special-heading-inner-border' style='border-color:#4392e8'><\/div><\/div><\/div><br \/>\n<section class=\"av_textblock_section\"  itemscope=\"itemscope\" itemtype=\"https:\/\/schema.org\/CreativeWork\" ><div class='avia_textblock vi-second-paragraph'   itemprop=\"text\" ><ul>\n<li>Zwischen dem 15. November und dem 15. M\u00e4rz m\u00fcssen Kraftfahrzeuge und Anh\u00e4nger im Stra\u00dfenverkehr mit vorgeschriebenen <strong>Winterausr\u00fcstungen<\/strong> ausger\u00fcstet werden. Winterausr\u00fcstung ist unter allen Winterbedingungen obligatorisch.<\/li>\n<li>Eine Person, die unter dem Einfluss von Alkohol, Drogen oder Arzneimitteln f\u00e4hrt, kann f\u00fcr 6 bis 12 Stunden in Polizeigewahrsam gehalten werden und ihr F\u00fchrerschein kann vor\u00fcbergehend widerrufen werden. (Die maximale Blutalkoholkonzentration betr\u00e4gt 0,50 g Alkohol pro kg Blut oder 0,24 mg Alkohol pro Liter ausgeatmete Luft, mit Null-Toleranz-Politik f\u00fcr Anf\u00e4nger und Berufsfahrer).<\/li>\n<li>Fahrer und alle Passagiere auf Sitzen mit Sicherheitsgurten m\u00fcssen Sicherheitsgurte verwenden.<\/li>\n<\/ul>\n<\/div><\/section><br \/>\n<div style='padding-bottom:10px;color:#4392e8;' class='av-special-heading av-special-heading-h6 custom-color-heading   see-less'><h6 class='av-special-heading-tag'  itemprop=\"headline\"  >&#8211; Lesen Sie weniger<\/h6><div class='special-heading-border'><div class='special-heading-inner-border' style='border-color:#4392e8'><\/div><\/div><\/div><\/p><\/div><div class=\"flex_column av_one_full  flex_column_div av-zero-column-padding first  parent \" style='border-radius:0px; '><section class=\"av_textblock_section\"  itemscope=\"itemscope\" itemtype=\"https:\/\/schema.org\/CreativeWork\" ><div class='avia_textblock vi-page-content'   itemprop=\"text\" ><h3 id=\"nuetzliche-informationen\">N\u00fctzliche Informationen<\/h3>\n<p>F\u00fcr die Verwendung von slowenischen Autobahnen f\u00fcr Fahrzeuge (mit einem zul\u00e4ssigen Gesamtgewicht von bis zu 3.500 kg) und Motorr\u00e4dern ist ein <strong>Mautanschlag (Vignette)<\/strong> obligatorisch. Mautaufkleber k\u00f6nnen an Tankstellen, Post\u00e4mtern, Einkaufszentren und Kiosken gekauft werden.<\/p>\n<\/div><\/section><br \/>\n<div style='padding-bottom:10px;color:#4392e8;' class='av-special-heading av-special-heading-h6 custom-color-heading   see-more'><h6 class='av-special-heading-tag'  itemprop=\"headline\"  >+ Lesen Sie mehr<\/h6><div class='special-heading-border'><div class='special-heading-inner-border' style='border-color:#4392e8'><\/div><\/div><\/div><br \/>\n<section class=\"av_textblock_section\"  itemscope=\"itemscope\" itemtype=\"https:\/\/schema.org\/CreativeWork\" ><div class='avia_textblock vi-second-paragraph'   itemprop=\"text\" ><p>Preise (im Jahr 2016) f\u00fcr Mautgeb\u00fchren sind:<\/p>\n<p>&#8211; Werkzeugklasse (mit MwSt) &#8211; Kategorie 2A:<\/p>\n<ul>\n<li>j\u00e4hrliche Vignette: 110 EUR,<\/li>\n<li>monatliche Vignette: 30 EUR,<\/li>\n<li>w\u00f6chentliche Vignette: 15 EUR.<\/li>\n<\/ul>\n<p>&#8211; Werkzeugklasse (mit MwSt) &#8211; Kategorie 2B:<\/p>\n<ul>\n<li>j\u00e4hrliche Vignette: 220 EUR,<\/li>\n<li>monatliche Vignette: 60 EUR,<\/li>\n<li>w\u00f6chentliche Vignette: 30 EUR.<\/li>\n<\/ul>\n<p>&#8211; Werkzeugklasse (mit MwSt) &#8211; Kategorie 1A;<\/p>\n<ul>\n<li>j\u00e4hrliche Vignette: 50 EUR,<\/li>\n<li>halbj\u00e4hrige Vignette: 30 EUR,<\/li>\n<li>w\u00f6chentliche Vignette: 7.50 EUR.<\/li>\n<\/ul>\n<p>Informationen \u00fcber die Stra\u00dfenverh\u00e4ltnisse erhalten Sie im <strong>Verkehrsinformationszentrum f\u00fcr \u00d6ffentlichkeit<\/strong><\/p>\n<\/div><\/section><br \/>\n<div style='padding-bottom:10px;color:#4392e8;' class='av-special-heading av-special-heading-h6 custom-color-heading   see-less'><h6 class='av-special-heading-tag'  itemprop=\"headline\"  >&#8211; Lesen Sie weniger<\/h6><div class='special-heading-border'><div class='special-heading-inner-border' style='border-color:#4392e8'><\/div><\/div><\/div><\/p><\/div><\/p>\n","protected":false},"excerpt":{"rendered":"","protected":false},"author":1,"featured_media":0,"parent":1934,"menu_order":0,"comment_status":"closed","ping_status":"closed","template":"","meta":{"footnotes":""},"class_list":["post-1382","page","type-page","status-publish","hentry"],"_links":{"self":[{"href":"https:\/\/www.2slovenia.eu\/de\/wp-json\/wp\/v2\/pages\/1382","targetHints":{"allow":["GET"]}}],"collection":[{"href":"https:\/\/www.2slovenia.eu\/de\/wp-json\/wp\/v2\/pages"}],"about":[{"href":"https:\/\/www.2slovenia.eu\/de\/wp-json\/wp\/v2\/types\/page"}],"author":[{"embeddable":true,"href":"https:\/\/www.2slovenia.eu\/de\/wp-json\/wp\/v2\/users\/1"}],"replies":[{"embeddable":true,"href":"https:\/\/www.2slovenia.eu\/de\/wp-json\/wp\/v2\/comments?post=1382"}],"version-history":[{"count":6,"href":"https:\/\/www.2slovenia.eu\/de\/wp-json\/wp\/v2\/pages\/1382\/revisions"}],"predecessor-version":[{"id":2073,"href":"https:\/\/www.2slovenia.eu\/de\/wp-json\/wp\/v2\/pages\/1382\/revisions\/2073"}],"up":[{"embeddable":true,"href":"https:\/\/www.2slovenia.eu\/de\/wp-json\/wp\/v2\/pages\/1934"}],"wp:attachment":[{"href":"https:\/\/www.2slovenia.eu\/de\/wp-json\/wp\/v2\/media?parent=1382"}],"curies":[{"name":"wp","href":"https:\/\/api.w.org\/{rel}","templated":true}]}}