{"id":1721,"date":"2017-09-25T08:47:26","date_gmt":"2017-09-25T08:47:26","guid":{"rendered":"http:\/\/www.2slovenia.eu\/start-your-business-in-slovenia\/"},"modified":"2017-10-04T13:28:54","modified_gmt":"2017-10-04T13:28:54","slug":"start-your-business-in-slovenia","status":"publish","type":"page","link":"https:\/\/www.2slovenia.eu\/de\/start-your-business-in-slovenia\/","title":{"rendered":"Starten Sie Ihr Gesch\u00e4ft als Tourist"},"content":{"rendered":"<\/div><\/div><\/div><!-- close content main div --><\/div><\/div><div id='contactus-header' class='avia-section main_color avia-section-default avia-no-border-styling avia-bg-style-scroll   av-minimum-height av-minimum-height-custom container_wrap fullsize' style = 'background-color: #fafafa; '  ><div class='container' style='height:500px'><div class='template-page content  av-content-full alpha units'><div class='post-entry post-entry-type-page post-entry-1721'><div class='entry-content-wrapper clearfix'>\n<div class=\"flex_column av_one_fifth  flex_column_div av-zero-column-padding first  \" style='border-radius:0px; '><\/div><div class=\"flex_column av_one_fourth  flex_column_div av-zero-column-padding   bubble-section-back margin-left-0 \" style='border-radius:0px; '><section class=\"av_textblock_section\"  itemscope=\"itemscope\" itemtype=\"https:\/\/schema.org\/CreativeWork\" ><div class='avia_textblock '   itemprop=\"text\" ><div class=\"vi-bubble\"><span class=\"vi-call-us\">Rufen Sie uns an Viber an<\/span><div class=\"vi-div\"><img decoding=\"async\" src=\"https:\/\/www.2slovenia.eu\/wp-content\/themes\/enfold-child\/assets\/images\/viber.svg\" id=\"vi-viber\" alt=\"call on viber\" \/><a id=\"viber-phone\" href=\"tel:+38651601 601\">+386 51 601 601<\/a><\/div>\n<\/div><\/section><\/div><div class=\"flex_column av_one_half  flex_column_div    \" style='padding:0px 0 0px 0px ; border-radius:0px; '><p><div style='height:30px' class='hr hr-invisible  '><span class='hr-inner ' ><span class='hr-inner-style'><\/span><\/span><\/div><br \/>\n<div style='padding-bottom:10px;' class='av-special-heading av-special-heading-h2    our-customers-h2 padding-right'><h2 class='av-special-heading-tag'  itemprop=\"headline\"  >Let\u2019s start with your<br \/>\n1 hour free consultation<\/h2><div class='special-heading-border'><div class='special-heading-inner-border' ><\/div><\/div><\/div><br \/>\n<section class=\"av_textblock_section\"  itemscope=\"itemscope\" itemtype=\"https:\/\/schema.org\/CreativeWork\" ><div class='avia_textblock start-business-subheading'   itemprop=\"text\" ><p>Give us a call and let one of our<br \/>\nconsultants help you.<\/p>\n<\/div><\/section><\/p><\/div>\n\n<\/div><\/div><\/div><!-- close content main div --><\/div><\/div><div id='start-business-section' class='avia-section main_color avia-section-default avia-no-shadow avia-bg-style-scroll   container_wrap fullsize'   ><div class='container' ><div class='template-page content  av-content-full alpha units'><div class='post-entry post-entry-type-page post-entry-1721'><div class='entry-content-wrapper clearfix'>\n<div style='height:30px' class='hr hr-invisible  '><span class='hr-inner ' ><span class='hr-inner-style'><\/span><\/span><\/div>\n<div class=\"flex_column av_one_half  flex_column_div av-zero-column-padding first  position-relative \" style='border-radius:0px; '><p><div style='padding-bottom:10px;' class='av-special-heading av-special-heading-h2    our-customers-h2 lowercase'><h2 class='av-special-heading-tag'  itemprop=\"headline\"  >Starten Sie Ihr Gesch\u00e4ft als Tourist<\/h2><div class='special-heading-border'><div class='special-heading-inner-border' ><\/div><\/div><\/div><br \/>\n<div style='height:5px' class='hr hr-invisible  '><span class='hr-inner ' ><span class='hr-inner-style'><\/span><\/span><\/div><br \/>\n<section class=\"av_textblock_section\"  itemscope=\"itemscope\" itemtype=\"https:\/\/schema.org\/CreativeWork\" ><div class='avia_textblock tourist-business-description'  style='font-size:20px; '  itemprop=\"text\" ><p>Mit einem Unternehmen beginnen und der Eintritt in ein neues Land muss nicht stressig sein &#8211; was wir anbieten, verbringt 1,2,3 oder mehr Tagesausfl\u00fcge in Slowenien und w\u00e4hrend dieser Zeit werden Sie die sch\u00f6nsten Teile Sloweniens erkennen. In der Zwischenzeit machen wir die meisten Papierarbeiten f\u00fcr Sie.\u00a0Sie werden nur zu administrativen Teilen (Signaturen) eingeladen, wo Ihre Anwesenheit obligatorisch ist.<\/p>\n<\/div><\/section><br \/>\n<div  data-autoplay='false'  data-interval='5'  data-animation='slide'  class='avia-logo-element-container av-border-deactivate avia-logo-grid avia-content-slider avia-smallarrow-slider avia-content-grid-active noHover avia-content-slider1 avia-content-slider-odd  ' ><div class='avia-smallarrow-slider-heading  no-logo-slider-heading '><div class='new-special-heading'>&nbsp;<\/div><\/div><div class='avia-content-slider-inner'><div class='slide-entry-wrap'  itemscope=\"itemscope\" itemtype=\"https:\/\/schema.org\/ImageObject\" ><div  class='slide-entry flex_column no_margin post-entry slide-entry-overview slide-loop-1 slide-parity-odd  av_one_third first real-thumbnail'><img loading=\"lazy\" decoding=\"async\"  itemprop=\"thumbnailUrl\"  width=\"126\" height=\"126\" src=\"https:\/\/www.2slovenia.eu\/wp-content\/uploads\/2017\/09\/badge2.png\" class=\"attachment-no scaling size-no scaling\" alt=\"\" srcset=\"https:\/\/www.2slovenia.eu\/wp-content\/uploads\/2017\/09\/badge2.png 126w, https:\/\/www.2slovenia.eu\/wp-content\/uploads\/2017\/09\/badge2-80x80.png 80w, https:\/\/www.2slovenia.eu\/wp-content\/uploads\/2017\/09\/badge2-36x36.png 36w, https:\/\/www.2slovenia.eu\/wp-content\/uploads\/2017\/09\/badge2-120x120.png 120w\" sizes=\"auto, (max-width: 126px) 100vw, 126px\" \/><\/div><div  class='slide-entry flex_column no_margin post-entry slide-entry-overview slide-loop-2 slide-parity-even  av_one_third  real-thumbnail'><img loading=\"lazy\" decoding=\"async\"  itemprop=\"thumbnailUrl\"  width=\"138\" height=\"124\" src=\"https:\/\/www.2slovenia.eu\/wp-content\/uploads\/2017\/09\/tripadvisor-2016-145.png\" class=\"attachment-no scaling size-no scaling\" alt=\"\" \/><\/div><div  class='slide-entry flex_column no_margin post-entry slide-entry-overview slide-loop-3 slide-parity-odd  post-entry-last  av_one_third  real-thumbnail'><img loading=\"lazy\" decoding=\"async\"  itemprop=\"thumbnailUrl\"  width=\"125\" height=\"124\" src=\"https:\/\/www.2slovenia.eu\/wp-content\/uploads\/2017\/09\/viator-145.png\" class=\"attachment-no scaling size-no scaling\" alt=\"\" srcset=\"https:\/\/www.2slovenia.eu\/wp-content\/uploads\/2017\/09\/viator-145.png 125w, https:\/\/www.2slovenia.eu\/wp-content\/uploads\/2017\/09\/viator-145-80x80.png 80w, https:\/\/www.2slovenia.eu\/wp-content\/uploads\/2017\/09\/viator-145-36x36.png 36w, https:\/\/www.2slovenia.eu\/wp-content\/uploads\/2017\/09\/viator-145-120x120.png 120w\" sizes=\"auto, (max-width: 125px) 100vw, 125px\" \/><\/div><\/div><\/div><\/div><\/p><\/div><div class=\"flex_column av_one_half  flex_column_div av-zero-column-padding   \" style='border-radius:0px; '><section class=\"av_textblock_section\"  itemscope=\"itemscope\" itemtype=\"https:\/\/schema.org\/CreativeWork\" ><div class='avia_textblock gravity'  style='font-size:20px; '  itemprop=\"text\" >\n                <div class='gf_browser_gecko gform_wrapper' id='gform_wrapper_6' style='display:none'><form method='post' enctype='multipart\/form-data'  id='gform_6'  action='\/de\/wp-json\/wp\/v2\/pages\/1721'> \r\n <input type='hidden' class='gforms-pum' value='{\"closepopup\":false,\"closedelay\":0,\"openpopup\":false,\"openpopup_id\":0}' \/>\n                        <div class='gform_body'><ul id='gform_fields_6' class='gform_fields top_label form_sublabel_below description_below'><li id='field_6_10' class='gfield gfield_html gfield_html_formatted gfield_no_follows_desc field_sublabel_below field_description_below gfield_visibility_visible' ><div class=\"blue-contact\">\n\t\t<p class=\"title\">Bitte f\u00fcllen Sie das Formular aus und der Rest ist auf uns.<\/p>\n\t\t<p class=\"subtitle\">Wir respektieren Ihre Privatsph\u00e4re.<\/p>\n<\/div><\/li><li id='field_6_11' class='gfield gfield_html gfield_html_formatted gfield_no_follows_desc field_sublabel_below field_description_below gfield_visibility_visible' ><div class=\"section-name-line\">\n\t\t<h6 class=\"title\">Kontakt Info<\/h6> \n\t\t<div class=\"special-heading-border\">\n\t\t\t<div class=\"special-heading-inner-border\"><\/div>\n\t\t<\/div>\n\t<\/div><\/li><li id='field_6_6' class='gfield name gfield_contains_required field_sublabel_below field_description_below hidden_label gfield_visibility_visible' ><label class='gfield_label gfield_label_before_complex' for='input_6_6_3' >Name<span class='gfield_required'>*<\/span><\/label><div class='ginput_complex ginput_container no_prefix has_first_name no_middle_name no_last_name no_suffix gf_name_has_1 ginput_container_name gfield_trigger_change' id='input_6_6'>\n                            \n                            <span id='input_6_6_3_container' class='name_first' >\n                                                    <input type='text' name='input_6.3' id='input_6_6_3' value='' aria-label='Vorname' tabindex='2'  aria-required=\"true\" aria-invalid=\"false\" \/>\n                                                    <label for='input_6_6_3' >Vorname, Familienname<\/label>\n                                                <\/span>\n                            \n                            \n                            \n                        <\/div><\/li><li id='field_6_7' class='gfield email gfield_contains_required field_sublabel_below field_description_below hidden_label gfield_visibility_visible' ><label class='gfield_label gfield_label_before_complex' for='input_6_7_3' >Email<span class='gfield_required'>*<\/span><\/label><div class='ginput_complex ginput_container no_prefix has_first_name no_middle_name no_last_name no_suffix gf_name_has_1 ginput_container_name gfield_trigger_change' id='input_6_7'>\n                            \n                            <span id='input_6_7_3_container' class='name_first' >\n                                                    <input type='text' name='input_7.3' id='input_6_7_3' value='' aria-label='Vorname' tabindex='7'  aria-required=\"true\" aria-invalid=\"false\" \/>\n                                                    <label for='input_6_7_3' >Email<\/label>\n                                                <\/span>\n                            \n                            \n                            \n                        <\/div><\/li><li id='field_6_9' class='gfield phone field_sublabel_below field_description_below hidden_label gfield_visibility_visible' ><label class='gfield_label gfield_label_before_complex' for='input_6_9_3' >Phone<\/label><div class='ginput_complex ginput_container no_prefix has_first_name no_middle_name no_last_name no_suffix gf_name_has_1 ginput_container_name gfield_trigger_change' id='input_6_9'>\n                            \n                            <span id='input_6_9_3_container' class='name_first' >\n                                                    <input type='text' name='input_9.3' id='input_6_9_3' value='' aria-label='Vorname' tabindex='12'   aria-invalid=\"false\" \/>\n                                                    <label for='input_6_9_3' >Telefon <span>(optional)<\/span><\/label>\n                                                <\/span>\n                            \n                            \n                            \n                        <\/div><\/li><li id='field_6_13' class='gfield gfield_html gfield_html_formatted gfield_no_follows_desc field_sublabel_below field_description_below gfield_visibility_visible' ><div class=\"section-name-line paddin-top\">\n\t\t<h6 class=\"title\">Consultng topic<\/h6> \n\t\t<div class=\"special-heading-border\">\n\t\t\t<div class=\"special-heading-inner-border\"><\/div>\n\t\t<\/div>\n\t<\/div><\/li><li id='field_6_8' class='gfield gfield_contains_required field_sublabel_below field_description_below hidden_label gfield_visibility_visible' ><label class='gfield_label'  >Choose<span class='gfield_required'>*<\/span><\/label><div class='ginput_container ginput_container_radio'><ul class='gfield_radio' id='input_6_8'><li class='gchoice_6_8_0'><input name='input_8' type='radio' value='General consultation'  id='choice_6_8_0' tabindex='16'  onclick='gf_apply_rules(6,[14]);' onkeypress='gf_apply_rules(6,[14]);'  \/><label for='choice_6_8_0' id='label_6_8_0'>General consultation<\/label><\/li><li class='gchoice_6_8_1'><input name='input_8' type='radio' value='Eine Er\u00f6ffnung des Unternehmens'  id='choice_6_8_1' tabindex='17'  onclick='gf_apply_rules(6,[14]);' onkeypress='gf_apply_rules(6,[14]);'  \/><label for='choice_6_8_1' id='label_6_8_1'>Eine Er\u00f6ffnung des Unternehmens<\/label><\/li><li class='gchoice_6_8_2'><input name='input_8' type='radio' value='Kauf von Immobilien'  id='choice_6_8_2' tabindex='18'  onclick='gf_apply_rules(6,[14]);' onkeypress='gf_apply_rules(6,[14]);'  \/><label for='choice_6_8_2' id='label_6_8_2'>Kauf von Immobilien<\/label><\/li><li class='gchoice_6_8_3'><input name='input_8' type='radio' value='Nur f\u00fcr Touristen'  id='choice_6_8_3' tabindex='19'  onclick='gf_apply_rules(6,[14]);' onkeypress='gf_apply_rules(6,[14]);'  \/><label for='choice_6_8_3' id='label_6_8_3'>Nur f\u00fcr Touristen<\/label><\/li><li class='gchoice_6_8_4'><input name='input_8' type='radio' value='Anderes'  id='choice_6_8_4' tabindex='20'  onclick='gf_apply_rules(6,[14]);' onkeypress='gf_apply_rules(6,[14]);'  \/><label for='choice_6_8_4' id='label_6_8_4'>Anderes<\/label><\/li><\/ul><\/div><\/li><li id='field_6_14' class='gfield email gfield_contains_required field_sublabel_below field_description_below hidden_label gfield_visibility_visible' ><label class='gfield_label gfield_label_before_complex' for='input_6_14_3' >Anderes<span class='gfield_required'>*<\/span><\/label><div class='ginput_complex ginput_container no_prefix has_first_name no_middle_name no_last_name no_suffix gf_name_has_1 ginput_container_name gfield_trigger_change' id='input_6_14'>\n                            \n                            <span id='input_6_14_3_container' class='name_first' >\n                                                    <input type='text' name='input_14.3' id='input_6_14_3' value='' aria-label='Vorname' tabindex='22'  aria-required=\"true\" aria-invalid=\"false\" \/>\n                                                    <label for='input_6_14_3' >Anderes <span>(write your topic in this field)<\/span><\/label>\n                                                <\/span>\n                            \n                            \n                            \n                        <\/div><\/li>\n                            <\/ul><\/div>\n        <div class='gform_footer top_label'> <input type='submit' id='gform_submit_button_6' class='gform_button button' value='GET MY 1 hour FREE CONSULTATION' tabindex='26' onclick='if(window[\"gf_submitting_6\"]){return false;}  if( !jQuery(\"#gform_6\")[0].checkValidity || jQuery(\"#gform_6\")[0].checkValidity()){window[\"gf_submitting_6\"]=true;}  ' onkeypress='if( event.keyCode == 13 ){ if(window[\"gf_submitting_6\"]){return false;} if( !jQuery(\"#gform_6\")[0].checkValidity || jQuery(\"#gform_6\")[0].checkValidity()){window[\"gf_submitting_6\"]=true;}  jQuery(\"#gform_6\").trigger(\"submit\",[true]); }' \/> \n            <input type='hidden' class='gform_hidden' name='is_submit_6' value='1' \/>\n            <input type='hidden' class='gform_hidden' name='gform_submit' value='6' \/>\n            \n            <input type='hidden' class='gform_hidden' name='gform_unique_id' value='' \/>\n            <input type='hidden' class='gform_hidden' name='state_6' value='WyJbXSIsIjkxNTBjY2YxMDViMmQ1YmJlZjI2OTgxYTFkOTJmNzI4Il0=' \/>\n            <input type='hidden' class='gform_hidden' name='gform_target_page_number_6' id='gform_target_page_number_6' value='0' \/>\n            <input type='hidden' class='gform_hidden' name='gform_source_page_number_6' id='gform_source_page_number_6' value='1' \/>\n            <input type='hidden' name='gform_field_values' value='' \/>\n            \n        <\/div>\n                        <\/form>\n                        <\/div><script type='text\/javascript'> if(typeof gf_global == 'undefined') var gf_global = {\"gf_currency_config\":{\"name\":\"Euro\",\"symbol_left\":\"\",\"symbol_right\":\"&#8364;\",\"symbol_padding\":\" \",\"thousand_separator\":\".\",\"decimal_separator\":\",\",\"decimals\":2},\"base_url\":\"https:\\\/\\\/www.2slovenia.eu\\\/wp-content\\\/plugins\\\/gravityforms\",\"number_formats\":[],\"spinnerUrl\":\"https:\\\/\\\/www.2slovenia.eu\\\/wp-content\\\/plugins\\\/gravityforms\\\/images\\\/spinner.gif\"};jQuery(document).bind('gform_post_render', function(event, formId, currentPage){if(formId == 6) {gf_global[\"number_formats\"][6] = {\"10\":{\"price\":false,\"value\":false},\"11\":{\"price\":false,\"value\":false},\"6\":{\"price\":false,\"value\":false},\"7\":{\"price\":false,\"value\":false},\"9\":{\"price\":false,\"value\":false},\"13\":{\"price\":false,\"value\":false},\"8\":{\"price\":false,\"value\":false},\"14\":{\"price\":false,\"value\":false}};if(window['jQuery']){if(!window['gf_form_conditional_logic'])window['gf_form_conditional_logic'] = new Array();window['gf_form_conditional_logic'][6] = { logic: { 14: {\"field\":{\"actionType\":\"show\",\"logicType\":\"all\",\"rules\":[{\"fieldId\":\"8\",\"operator\":\"is\",\"value\":\"Anderes\"}]},\"nextButton\":null,\"section\":null} }, dependents: { 14: [14] }, animation: 0, defaults: {\"6\":{\"6.2\":\"\",\"6.3\":\"\",\"6.4\":\"\",\"6.6\":\"\",\"6.8\":\"\"},\"7\":{\"7.2\":\"\",\"7.3\":\"\",\"7.4\":\"\",\"7.6\":\"\",\"7.8\":\"\"},\"9\":{\"9.2\":\"\",\"9.3\":\"\",\"9.4\":\"\",\"9.6\":\"\",\"9.8\":\"\"},\"14\":{\"14.2\":\"\",\"14.3\":\"\",\"14.4\":\"\",\"14.6\":\"\",\"14.8\":\"\"}}, fields: {\"10\":[],\"11\":[],\"6\":[],\"7\":[],\"9\":[],\"13\":[],\"8\":[14],\"14\":[]} }; if(!window['gf_number_format'])window['gf_number_format'] = 'decimal_comma';jQuery(document).ready(function(){gf_apply_rules(6, [14], true);jQuery('#gform_wrapper_6').show();jQuery(document).trigger('gform_post_conditional_logic', [6, null, true]);} );} } } );jQuery(document).bind('gform_post_conditional_logic', function(event, formId, fields, isInit){} );<\/script><script type='text\/javascript'> jQuery(document).ready(function(){jQuery(document).trigger('gform_post_render', [6, 1]) } ); <\/script>\n<\/div><\/section><\/div>\n\n<div style='height:15px' class='hr hr-invisible  '><span class='hr-inner ' ><span class='hr-inner-style'><\/span><\/span><\/div>\n<\/div><\/div><\/div><!-- close content main div --><\/div><\/div><div id='overlaping-image' class='avia-section main_color avia-section-default avia-no-border-styling avia-full-stretch avia-bg-style-scroll   av-minimum-height av-minimum-height-custom container_wrap fullsize' style = 'background-repeat: no-repeat; background-image: url(https:\/\/www.2slovenia.eu\/wp-content\/uploads\/2017\/09\/gallery-slovenia-min.jpg); background-attachment: scroll; background-position: center center; ' data-section-bg-repeat='stretch' ><div class='container' style='height:398px'><div class='template-page content  av-content-full alpha units'><div class='post-entry post-entry-type-page post-entry-1721'><div class='entry-content-wrapper clearfix'>\n<\/div><\/div><\/div><!-- close content main div --><\/div><\/div><div id='packages' class='avia-section main_color avia-section-default avia-no-border-styling avia-bg-style-scroll   container_wrap fullsize'   ><div class='container' ><div class='template-page content  av-content-full alpha units'><div class='post-entry post-entry-type-page post-entry-1721'><div class='entry-content-wrapper clearfix'>\n<div style='padding-bottom:10px;font-size:36px;' class='av-special-heading av-special-heading-h3  blockquote modern-quote modern-centered  slovenia-packages av-inherit-size'><h3 class='av-special-heading-tag'  itemprop=\"headline\"  >Pakete f\u00fcr 2Slovenia.eu<\/h3><div class='special-heading-border'><div class='special-heading-inner-border' ><\/div><\/div><\/div>\n<div class=\"flex_column av_one_third  flex_column_div first   \" style='padding:20px; background-color:#fafafa; border-radius:0px; '><p><div style='padding-bottom:10px;' class='av-special-heading av-special-heading-h5  blockquote modern-quote modern-centered  slovenia-packages-block'><h5 class='av-special-heading-tag'  itemprop=\"headline\"  >2Meet<\/h5><div class='special-heading-border'><div class='special-heading-inner-border' ><\/div><\/div><\/div><br \/>\n<div style=' margin-top:5px; margin-bottom:20px;'  class='hr hr-custom hr-center hr-icon-no  '><span class='hr-inner   inner-border-av-border-thin' style=' width:50px;' ><span class='hr-inner-style'><\/span><\/span><\/div><br \/>\n<section class=\"av_textblock_section\"  itemscope=\"itemscope\" itemtype=\"https:\/\/schema.org\/CreativeWork\" ><div class='avia_textblock '  style='font-size:18px; '  itemprop=\"text\" ><p style=\"text-align: center;\">Transportdienstleistungen (Flughafen-Hotel)<\/p>\n<p style=\"text-align: center;\">Hotelreservierung<br \/>\n1-3 days<\/p>\n<p style=\"text-align: center;\"><strong>Business Consulting<br \/>\n<\/strong>1-5 Stunde in Hotel. Slovenia is small, beautiful. It\u00a0you would like to organise your time spent is Slovenia, we will invite you only to administrative part of your staying. We are at disposal for any wishes: where to go, where to stay or transport.<\/p>\n<p style=\"text-align: center;\">Transportdienstleistungen (Hotel-Flughafen)<\/p>\n<\/div><\/section><\/p><\/div><div class=\"flex_column av_one_third  flex_column_div    \" style='padding:20px; background-color:#fafafa; border-radius:0px; '><p><div style='padding-bottom:10px;' class='av-special-heading av-special-heading-h5  blockquote modern-quote modern-centered  slovenia-packages-block'><h5 class='av-special-heading-tag'  itemprop=\"headline\"  >2Culinary Experience<\/h5><div class='special-heading-border'><div class='special-heading-inner-border' ><\/div><\/div><\/div><br \/>\n<div style=' margin-top:5px; margin-bottom:20px;'  class='hr hr-custom hr-center hr-icon-no  '><span class='hr-inner   inner-border-av-border-thin' style=' width:50px;' ><span class='hr-inner-style'><\/span><\/span><\/div><br \/>\n<section class=\"av_textblock_section\"  itemscope=\"itemscope\" itemtype=\"https:\/\/schema.org\/CreativeWork\" ><div class='avia_textblock '  style='font-size:18px; '  itemprop=\"text\" ><p style=\"text-align: center;\">Transportdienstleistungen (Flughafen-Hotel)<\/p>\n<p style=\"text-align: center;\">Hotelreservierung<br \/>\n1-3 days<\/p>\n<p style=\"text-align: center;\"><strong>Culinary road trip<br \/>\n<\/strong>You will experience best Slovenian kitchen and wine cellars in coastal and\/or \u0160tajerska region. It is an unforgettable experience of tastes. In the mean time we will take few hours for the administrative part of your journey.<\/p>\n<p style=\"text-align: center;\">Transportdienstleistungen (Hotel-Flughafen)<\/p>\n<\/div><\/section><\/p><\/div><div class=\"flex_column av_one_third  flex_column_div    \" style='padding:20px; background-color:#fafafa; border-radius:0px; '><p><div style='padding-bottom:10px;' class='av-special-heading av-special-heading-h5  blockquote modern-quote modern-centered  slovenia-packages-block'><h5 class='av-special-heading-tag'  itemprop=\"headline\"  >2Discover<\/h5><div class='special-heading-border'><div class='special-heading-inner-border' ><\/div><\/div><\/div><br \/>\n<div style=' margin-top:5px; margin-bottom:20px;'  class='hr hr-custom hr-center hr-icon-no  '><span class='hr-inner   inner-border-av-border-thin' style=' width:50px;' ><span class='hr-inner-style'><\/span><\/span><\/div><br \/>\n<section class=\"av_textblock_section\"  itemscope=\"itemscope\" itemtype=\"https:\/\/schema.org\/CreativeWork\" ><div class='avia_textblock '  style='font-size:18px; '  itemprop=\"text\" ><p style=\"text-align: center;\">Transportdienstleistungen (Flughafen-Hotel)<\/p>\n<p style=\"text-align: center;\">Hotelreservierung<br \/>\n1-3 days<\/p>\n<p style=\"text-align: center;\"><strong>Besichtigungstour (1-3Tage)<br \/>\n<\/strong>Slowenien bietet viele M\u00f6glichkeiten f\u00fcr t\u00e4gliche Gesch\u00e4ftsreisen und Mittagessen, vor allem wegen seiner geringen Gr\u00f6\u00dfe, Vielfalt und N\u00e4he zur Hauptstadt. Kombinieren Sie Ihre Gesch\u00e4ftsverpflichtungen mit Vergn\u00fcgen.<\/p>\n<p style=\"text-align: center;\">Transportdienstleistungen (Hotel-Flughafen)<\/p>\n<\/div><\/section><\/p><\/div><div style='height:40px' class='hr hr-invisible  '><span class='hr-inner ' ><span class='hr-inner-style'><\/span><\/span><\/div><\/p>\n","protected":false},"excerpt":{"rendered":"","protected":false},"author":1,"featured_media":0,"parent":0,"menu_order":0,"comment_status":"closed","ping_status":"closed","template":"","meta":{"footnotes":""},"class_list":["post-1721","page","type-page","status-publish","hentry"],"_links":{"self":[{"href":"https:\/\/www.2slovenia.eu\/de\/wp-json\/wp\/v2\/pages\/1721","targetHints":{"allow":["GET"]}}],"collection":[{"href":"https:\/\/www.2slovenia.eu\/de\/wp-json\/wp\/v2\/pages"}],"about":[{"href":"https:\/\/www.2slovenia.eu\/de\/wp-json\/wp\/v2\/types\/page"}],"author":[{"embeddable":true,"href":"https:\/\/www.2slovenia.eu\/de\/wp-json\/wp\/v2\/users\/1"}],"replies":[{"embeddable":true,"href":"https:\/\/www.2slovenia.eu\/de\/wp-json\/wp\/v2\/comments?post=1721"}],"version-history":[{"count":7,"href":"https:\/\/www.2slovenia.eu\/de\/wp-json\/wp\/v2\/pages\/1721\/revisions"}],"predecessor-version":[{"id":2395,"href":"https:\/\/www.2slovenia.eu\/de\/wp-json\/wp\/v2\/pages\/1721\/revisions\/2395"}],"wp:attachment":[{"href":"https:\/\/www.2slovenia.eu\/de\/wp-json\/wp\/v2\/media?parent=1721"}],"curies":[{"name":"wp","href":"https:\/\/api.w.org\/{rel}","templated":true}]}}